{"id":2141,"date":"2020-05-25T12:28:18","date_gmt":"2020-05-25T10:28:18","guid":{"rendered":"https:\/\/taskbrowse.com\/?page_id=2141"},"modified":"2022-11-20T19:31:59","modified_gmt":"2022-11-20T18:31:59","slug":"taskbrowse-analytics","status":"publish","type":"page","link":"https:\/\/taskbrowse.com\/de\/taskbrowse-analytics\/","title":{"rendered":"TaskBrowse Analytics"},"content":{"rendered":"<h2>Verschaffen Sie sich einen echten Einblick in Ihre Organisation<\/h2>\n<p>TaskBrowse bietet eine Vielzahl von Dashboard-Widgets und Berichten, die es Ihnen erm\u00f6glichen, einen tiefen Einblick in Ihr Unternehmen zu bekommen und mehr \u00fcber die Effizienz Ihrer Teammitglieder und die Rentabilit\u00e4t Ihrer Projekte herauszufinden. Sie k\u00f6nnen die f\u00fcr Ihre Projekte und Aufgabenkategorien aufgewendete Zeit aufschl\u00fcsseln oder einige Berichte auf der Grundlage Ihrer eigenen Aufgaben erstellen.<\/p>\n<p>Wenn die vorgefertigten Dashboard-Widgets und Berichte nicht ausreichen, um Ihre Anforderungen zu erf\u00fcllen, k\u00f6nnen Sie mit dem leistungsst\u00e4rksten Dashboard- oder Report-Builder, den Sie je in einer Projektmanagement-Software gesehen haben, Ihre eigenen erstellen.<\/p>\n<p>\t\t\t\t\t\t\t\t\t\t\t\t\t\t\t<img decoding=\"async\" width=\"800\" height=\"800\" src=\"https:\/\/taskbrowse.com\/de\/wp-content\/uploads\/sites\/7\/2020\/05\/Taskbrowse-Analytics.png\" alt=\"TaskBrowse Analytics\" loading=\"lazy\" srcset=\"https:\/\/taskbrowse.com\/de\/wp-content\/uploads\/sites\/7\/2020\/05\/Taskbrowse-Analytics.png 800w, https:\/\/taskbrowse.com\/de\/wp-content\/uploads\/sites\/7\/2020\/05\/Taskbrowse-Analytics-300x300.png 300w, https:\/\/taskbrowse.com\/de\/wp-content\/uploads\/sites\/7\/2020\/05\/Taskbrowse-Analytics-150x150.png 150w, https:\/\/taskbrowse.com\/de\/wp-content\/uploads\/sites\/7\/2020\/05\/Taskbrowse-Analytics-768x768.png 768w\" sizes=\"auto, (max-width: 800px) 100vw, 800px\" \/><br \/>\n\t\t\t\t\t\t\t\t\t\t\t\t\t\t\t<img decoding=\"async\" width=\"1295\" height=\"434\" src=\"https:\/\/taskbrowse.com\/de\/wp-content\/uploads\/sites\/7\/2020\/05\/Projects-Line-Chart.png\" alt=\"Projects Line Chart\" loading=\"lazy\" srcset=\"https:\/\/taskbrowse.com\/de\/wp-content\/uploads\/sites\/7\/2020\/05\/Projects-Line-Chart.png 1295w, https:\/\/taskbrowse.com\/de\/wp-content\/uploads\/sites\/7\/2020\/05\/Projects-Line-Chart-300x101.png 300w, https:\/\/taskbrowse.com\/de\/wp-content\/uploads\/sites\/7\/2020\/05\/Projects-Line-Chart-1024x343.png 1024w, https:\/\/taskbrowse.com\/de\/wp-content\/uploads\/sites\/7\/2020\/05\/Projects-Line-Chart-768x257.png 768w\" sizes=\"auto, (max-width: 1295px) 100vw, 1295px\" \/>\t\t\t\t\t\t\t\t\t\t\t\t\t\t\t<\/p>\n<p style=\"text-align: center;\">Mit dem <strong>Projektlinien-Diagramm<\/strong> k\u00f6nnen Sie den <strong>Trend<\/strong> der f\u00fcr jedes Projekt in Ihrem Unternehmen aufgewendeten Zeit ermitteln.<\/p>\n<p>Das Tortendiagramm &#8222;Zeit f\u00fcr Projekte&#8220; zeigt den Anteil der einzelnen Projekte an der in Ihrem Unternehmen &#8222;fakturierten&#8220; Zeit (nach Projekten oder Kategorien oder ,,,).<\/p>\n<p>\t\t\t\t\t\t\t\t\t\t\t\t\t\t\t<img decoding=\"async\" width=\"612\" height=\"548\" src=\"https:\/\/taskbrowse.com\/de\/wp-content\/uploads\/sites\/7\/2020\/05\/Pie-Chart.png\" alt=\"\" loading=\"lazy\" srcset=\"https:\/\/taskbrowse.com\/de\/wp-content\/uploads\/sites\/7\/2020\/05\/Pie-Chart.png 612w, https:\/\/taskbrowse.com\/de\/wp-content\/uploads\/sites\/7\/2020\/05\/Pie-Chart-300x269.png 300w\" sizes=\"auto, (max-width: 612px) 100vw, 612px\" \/><br \/>\n\t\t\t\t\t\t\t\t\t\t\t\t\t\t\t<img decoding=\"async\" width=\"1293\" height=\"543\" src=\"https:\/\/taskbrowse.com\/de\/wp-content\/uploads\/sites\/7\/2020\/05\/People-in-Projects.png\" alt=\"\" loading=\"lazy\" srcset=\"https:\/\/taskbrowse.com\/de\/wp-content\/uploads\/sites\/7\/2020\/05\/People-in-Projects.png 1293w, https:\/\/taskbrowse.com\/de\/wp-content\/uploads\/sites\/7\/2020\/05\/People-in-Projects-300x126.png 300w, https:\/\/taskbrowse.com\/de\/wp-content\/uploads\/sites\/7\/2020\/05\/People-in-Projects-1024x430.png 1024w, https:\/\/taskbrowse.com\/de\/wp-content\/uploads\/sites\/7\/2020\/05\/People-in-Projects-768x323.png 768w\" sizes=\"auto, (max-width: 1293px) 100vw, 1293px\" \/>\t\t\t\t\t\t\t\t\t\t\t\t\t\t\t<\/p>\n<p style=\"text-align: center;\">Anhand des Balkendiagramms <strong>&#8222;Personen in Projekten&#8220;<\/strong> k\u00f6nnen Sie die Verteilung der von Ihren Mitarbeitern in verschiedenen Projekten verbrachten Zeit feststellen.<\/p>\n<p>\t\t\t\t\t\t\t\t\t\t\t\t\t\t\t<img decoding=\"async\" width=\"744\" height=\"594\" src=\"https:\/\/taskbrowse.com\/de\/wp-content\/uploads\/sites\/7\/2020\/05\/Report-Drill-Down.png\" alt=\"Drill Down Reprts\" loading=\"lazy\" srcset=\"https:\/\/taskbrowse.com\/de\/wp-content\/uploads\/sites\/7\/2020\/05\/Report-Drill-Down.png 744w, https:\/\/taskbrowse.com\/de\/wp-content\/uploads\/sites\/7\/2020\/05\/Report-Drill-Down-300x240.png 300w\" sizes=\"auto, (max-width: 744px) 100vw, 744px\" \/>\t\t\t\t\t\t\t\t\t\t\t\t\t\t\t<\/p>\n<h2>Drill Down Ihrer Berichte und Gewinnung von &#8222;verborgenen Informationen&#8220;<\/h2>\n<p>In TaskBrowse gibt es viele Berichte, die Sie verwenden k\u00f6nnen, um etwas \u00fcber Projekte, Aufgaben und Teammitglieder zu erfahren. TaskBrowse Berichte sind Drill Down Berichte. Ein Bericht zeigt auf den ersten Blick ein allgemeines Bild der Organisation, der Teammitglieder oder der Projekte. Wenn Sie das Gef\u00fchl haben, dass Sie mehr Daten ben\u00f6tigen, k\u00f6nnen Sie dank der flexiblen Struktur des Berichts weiter in die Tiefe gehen und neue Beweise f\u00fcr die aktuelle gute (oder schlechte) Situation finden, mit der Sie konfrontiert sind.<\/p>\n<p>https:\/\/taskbrowse.com\/wp-content\/uploads\/2020\/05\/DrillDown-Report.mp4\t\t<\/p>\n<h2>Ben\u00f6tigen Sie Ihre eigenen ma\u00dfgeschneiderten Widgets und Berichte?<\/h2>\n<p>Obwohl TaskBrowse fertige Diagramme und Berichte die t\u00e4glichen Berichtsanforderungen erf\u00fcllen k\u00f6nnen, k\u00f6nnen Sie unseren leistungsstarken Diagramm- und Berichtsgenerator verwenden, um Ihre eigenen zu erstellen.<\/p>\n","protected":false},"excerpt":{"rendered":"<p>Verschaffen Sie sich einen echten Einblick in Ihre Organisation TaskBrowse bietet eine Vielzahl von Dashboard-Widgets und Berichten, die es Ihnen erm\u00f6glichen, einen tiefen Einblick in Ihr Unternehmen zu bekommen und mehr \u00fcber die Effizienz Ihrer Teammitglieder und die Rentabilit\u00e4t Ihrer Projekte herauszufinden. Sie k\u00f6nnen die f\u00fcr Ihre Projekte und Aufgabenkategorien aufgewendete Zeit aufschl\u00fcsseln oder einige&hellip;&nbsp;<\/p>\n","protected":false},"author":5,"featured_media":0,"parent":0,"menu_order":0,"comment_status":"closed","ping_status":"closed","template":"page-templates\/template-pagebuilder-full-width.php","meta":{"ghostkit_customizer_options":"","ghostkit_custom_css":"","ghostkit_custom_js_head":"","ghostkit_custom_js_foot":"","ghostkit_typography":"","neve_meta_sidebar":"full-width","neve_meta_container":"","neve_meta_enable_content_width":"on","neve_meta_content_width":100,"neve_meta_title_alignment":"","neve_meta_author_avatar":"","neve_post_elements_order":"","neve_meta_disable_header":"","neve_meta_disable_footer":"","neve_meta_disable_title":"","_themeisle_gutenberg_block_has_review":false,"footnotes":""},"class_list":["post-2141","page","type-page","status-publish","hentry"],"_links":{"self":[{"href":"https:\/\/taskbrowse.com\/de\/wp-json\/wp\/v2\/pages\/2141","targetHints":{"allow":["GET"]}}],"collection":[{"href":"https:\/\/taskbrowse.com\/de\/wp-json\/wp\/v2\/pages"}],"about":[{"href":"https:\/\/taskbrowse.com\/de\/wp-json\/wp\/v2\/types\/page"}],"author":[{"embeddable":true,"href":"https:\/\/taskbrowse.com\/de\/wp-json\/wp\/v2\/users\/5"}],"replies":[{"embeddable":true,"href":"https:\/\/taskbrowse.com\/de\/wp-json\/wp\/v2\/comments?post=2141"}],"version-history":[{"count":4,"href":"https:\/\/taskbrowse.com\/de\/wp-json\/wp\/v2\/pages\/2141\/revisions"}],"predecessor-version":[{"id":3160,"href":"https:\/\/taskbrowse.com\/de\/wp-json\/wp\/v2\/pages\/2141\/revisions\/3160"}],"wp:attachment":[{"href":"https:\/\/taskbrowse.com\/de\/wp-json\/wp\/v2\/media?parent=2141"}],"curies":[{"name":"wp","href":"https:\/\/api.w.org\/{rel}","templated":true}]}}