{"id":4005,"date":"2023-02-13T15:14:48","date_gmt":"2023-02-13T14:14:48","guid":{"rendered":"https:\/\/taskbrowse.com\/de\/?page_id=4005"},"modified":"2023-02-13T16:39:20","modified_gmt":"2023-02-13T15:39:20","slug":"produktueberblick","status":"publish","type":"page","link":"https:\/\/taskbrowse.com\/de\/produktueberblick\/","title":{"rendered":"Produkt\u00fcberblick"},"content":{"rendered":"<p><img decoding=\"async\" src=\"https:\/\/taskbrowse.com\/wp-content\/uploads\/2022\/06\/ShopOnline.svg\" title=\"\" alt=\"Prices\" \/>\t\t\t\t\t\t\t\t\t\t\t\t\t\t\t<\/p>\n<h2><font style=\"vertical-align: inherit;\"><\/font><font style=\"vertical-align: inherit;\"><font style=\"vertical-align: inherit;\">Produkt\u00fcbersicht<\/font><\/font><\/h2>\n<p>Holen Sie sich die kosteng\u00fcnstigste L\u00f6sung zur Steigerung der Produktivit\u00e4t und Leistung in Ihren Projekten und Ihrem Unternehmen.<\/p>\n<p>Bei j\u00e4hrlicher Anmeldung erhalten Sie einen Rabatt von 20 %..<\/p>\n<h2>Free<\/h2>\n<p style=\"text-align: center;\">3 aktive Benutzer frei<\/p>\n<p>\t\t\t<a href=\"https:\/\/panel.taskbrowse.com\/Account\/Register\" target=\"_blank\" rel=\"nofollow noopener\" role=\"button\"><br \/>\n\t\t\t\t\t\t21 Tage frei<br \/>\n\t\t\t\t\t<\/a><br \/>\n\t\t\t\t\t\t\t\t\t\t\t\t<a href=\"\">Unbegrenzte Anzahl Portfolios,  Programme und Projekte<\/a><\/p>\n<p>In Organisationen und Unternehmen gibt es nicht nur ein Projekt oder eine Aufgabe. Behalten Sie den \u00dcberblick \u00fcber Ihre Projektlandschaft mit einem ausgekl\u00fcgelten Multiprojekt- und Projektportfolio-Management<\/p>\n<p>TaskBrowse unterst\u00fctzt eine unbegrenzte Anzahl von Portfolios, Programmen und Projekten, unabh\u00e4ngig vom Lizenztyp.<\/p>\n<p>\t\t\t\t\t\t\t\t\t\t\t\t<a href=\"\">Unbegrenzte Anzahl Aufgaben<\/a><\/p>\n<p>Verwalten und verfolgen Sie Ihre Aufgaben und Vorg\u00e4nge in Ihrer Organisation, auch ohne ein Projekt zu definieren. TaskBrowse ist eine Aufgabenverwaltungssoftware und gleichzeitig ein Projektmanagement-Tool.\u00a0<\/p>\n<p>\t\t\t\t\t\t\t\t\t\t\t\t<a href=\"\">Unbegrenzte Anzahl archivierter Benutzer<\/a><\/p>\n<p>Bezahlen Sie nur f\u00fcr Ihre aktiven Benutzer. Sie brauchen sich keine Sorgen zu machen, dass die Informationen Ihrer ehemaligen Benutzer verloren gehen, weil die Anzahl der Benutzer in Ihrer Lizenz begrenzt ist. <br \/>Wenn ein Mitarbeiter Ihr Unternehmen verl\u00e4sst, k\u00f6nnen Sie seinen Benutzer archivieren und einen neuen Benutzer f\u00fcr Ihren neuen Mitarbeiter erstellen, ohne eine neue Lizenz kaufen zu m\u00fcssen.<\/p>\n<p>\t\t\t\t\t\t\t\t\t\t\t\t<a href=\"\">\u00dcber-Planung der Mitarbeiter verhindern<\/a><\/p>\n<p>Verhindern Sie eine \u00dcberplanung Ihrer Mitarbeiter durch eine unternehmensweite Mitarbeitereinsatzplanung und Zeiterfassung &#8211; abteilungs- und projekt\u00fcbergreifend<\/p>\n<p>\t\t\t\t\t\t\t\t\t\t\t\t<a href=\"\">Zeiterfassung und individuelle Auswertungen<\/a><\/p>\n<p>Die Zeiterfassung und individuelle Auswertung in einer Organisation und einem Projekt ist die einzigartige Funktion von TaskBrowse. Sie erm\u00f6glicht, die Effektivit\u00e4t Ihres Projekts zu garantieren und eine feste Grundlage f\u00fcr die Berechnung der Kosten jedes Mitarbeiters oder Projekts zu haben.\u00a0<\/p>\n<p>\t\t\t\t\t\t\t\t\t\t\t\t<a href=\"\">Gantt Diagramm<\/a><\/p>\n<p>Das Gantt-Diagramm ist ein wichtiges Element jeder Projektmanagementsoftware. Mit dem Gantt-Diagramm k\u00f6nnen Sie eine \u00fcbersichtliche Darstellung aller Aufgaben und Fristen erhalten.\u00a0<\/p>\n<p>\t\t\t\t\t\t\t\t\t\t\t\t<a href=\"\">Erinnerung via Email<\/a><\/p>\n<p>Informieren Sie sich t\u00e4glich \u00fcber Ihre Projekte und Aufgaben, egal wo Sie sind.<\/p>\n<p>\t\t\t\t\t\t\t\t\t\t\t\t<a href=\"\">Kalenderansicht<\/a><\/p>\n<p>Mit der Kalenderansicht von TaskBrowse erhalten Sie eine ganzheitliche Sicht auf Ihre Arbeit. Sie k\u00f6nnen alle Aufgaben innerhalb eines Zeitrahmens sehen.<\/p>\n<p>\t\t\t\t\t\t\t\t\t\t\t\t<a href=\"\">Kanban Board<\/a><\/p>\n<p>Steigern Sie Produktivit\u00e4t, Leistung und Teamfokus mit dem einzigartigen Kanban Board von Taskbrowse, das Projektaufgaben und Multiprojektportfolios in einer einzigen Ansicht unterst\u00fctzt.<\/p>\n<p>\t\t\t\t\t\t\t\t\t\t\t\t<a href=\"\">Integration in  Google Drive &#038; Calendar <\/a><\/p>\n<p>Integrieren Sie TaskBrowse in Googe Drive &amp; Calendar und teilen Sie Ihre Projektdateien und Terminplanung mit Personen au\u00dferhalb Ihrer Organisation.<\/p>\n<p>\u00a0<\/p>\n<h2>Premium<\/h2>\n<p style=\"text-align: center;\">\u20ac10 pro Benutzer\/Monat<\/p>\n<p>\t\t\t<a href=\"https:\/\/panel.taskbrowse.com\/Account\/Register\" target=\"_blank\" rel=\"nofollow noopener\" role=\"button\"><br \/>\n\t\t\t\t\t\t21 Tage frei<br \/>\n\t\t\t\t\t<\/a><\/p>\n<p>Inklusive aller Features der Free-Version <img loading=\"lazy\" decoding=\"async\" src=\"https:\/\/taskbrowse.com\/wp-content\/uploads\/2022\/06\/add.png\" alt=\"plus\" width=\"16\" height=\"16\" \/><\/p>\n<p>\t\t\t\t\t\t\t\t\t\t\t\t<a href=\"\">TaskBrowse Analytics<\/a><\/p>\n<p>Beschr\u00e4nken Sie sich nicht auf die fertigen Berichte und Dashboards von TaskBrowse. Erhalten Sie maximale Einsicht in Ihre Projekte und Organisation, indem Sie das machen, was Sie mit dem flexibelsten Dashboard und Report Builder w\u00fcnschen.<\/p>\n<p>\t\t\t\t\t\t\t\t\t\t\t\t<a href=\"\">Integration n den Arbeitsprozess<\/a><\/p>\n<p>Integrieren Sie die TaskBrowse Anwendung in Ihren Arbeitsprozess, indem Sie Ideen mit Ihren Kollegen aus dem Projekt oder der Organisation durch Chatten und Kommentieren austauschen. Sie haben alle Kommunikationswege genau an der richtigen Stelle.<\/p>\n<p>\t\t\t\t\t\t\t\t\t\t\t\t<a href=\"\">Backup\/Restore<\/a><\/p>\n<p>Sie k\u00f6nnen eine Sicherungskopie oder einen Wiederherstellungspunkt erstellen und ihre Daten jederzeit wiederherstellen, wenn Sie sie brauchen. So k\u00f6nnen sie suboptimale L\u00f6sungswege identifizieren und durch eine bessere L\u00f6sung ersetzen.<\/p>\n<p>\u00a0<\/p>\n<h2>Enterprise<\/h2>\n<p style=\"text-align: center;\">\u20ac23 pro Benutzer\/Monat<\/p>\n<p>\t\t\t<a href=\"https:\/\/panel.taskbrowse.com\/Account\/Register\" target=\"_blank\" rel=\"nofollow noopener\" role=\"button\"><br \/>\n\t\t\t\t\t\t21 Tage frei<br \/>\n\t\t\t\t\t<\/a><\/p>\n<p>Inklusive aller Features der Premium-Version <img loading=\"lazy\" decoding=\"async\" src=\"https:\/\/taskbrowse.com\/wp-content\/uploads\/2022\/06\/add.png\" alt=\"plus\" width=\"16\" height=\"16\" \/><\/p>\n<p>\t\t\t\t\t\t\t\t\t\t\t\t<a href=\"\">Zielbasierte Projektplanung<\/a><\/p>\n<p>Zielbasierte Projektplanung, wie sie in der neuen ISO 21502 umgesetzt wird. TaskBrowse unterst\u00fctzt sie bei der fortlaufenden Konkretisierung und Visualisierung der Projektziele. Dabei wird der Beitrag des Projektes zu den Unternehmenszielen deutlich.<\/p>\n<p>Die zugrunde liegende Methodik wird auch von OKR genutzt. Mit OKR &#8211; Objective Key Results &#8211; k\u00f6nnen Sie Transparenz in Ihre F\u00fchrung durch klare und \u00fcberpr\u00fcfbare Ziele f\u00fcr ihre Mitarbeitenden.<\/p>\n<p>TaskBrowse visualisiert auch ihre OKR-Strukturen und unterst\u00fctzt sie dabei, Ziele messbar zu formulieren.<\/p>\n<p>Wenn Sie Mitglied einer Wohlt\u00e4tigkeitsorganisation oder ein Projektmanagement-Berater sind, k\u00f6nnen Sie unsere Rabatte nutzen. Bitte z\u00f6gern Sie nicht, uns zu kontaktieren und dar\u00fcber zu sprechen.<\/p>\n<form action=\"https:\/\/taskbrowse.com\/de\/wp-admin\/admin-post.php\" method=\"post\" name=\"content-form-20e7b92\" id=\"content-form-20e7b92\"><input type=\"hidden\" id=\"_wpnonce_contact\" name=\"_wpnonce_contact\" value=\"51143aa3e4\" \/><input type=\"hidden\" name=\"_wp_http_referer\" value=\"\/de\/wp-admin\/admin-ajax.php\" \/><input type=\"hidden\" name=\"action\" value=\"content_form_submit\" \/><input type=\"hidden\" name=\"form-type\" value=\"contact\" \/><input type=\"hidden\" name=\"form-builder\" value=\"elementor\" \/><input type=\"hidden\" name=\"post-id\" value=\"4005\" \/><input type=\"hidden\" name=\"form-id\" value=\"20e7b92\" \/><\/p>\n<fieldset><label for=\"data[20e7b92][name]\" >Name *<\/label><input type=\"text\" name=\"data[20e7b92][name]\" id=\"data[20e7b92][name]\" required=\"required\"  placeholder=\"Name\"><\/fieldset>\n<fieldset><label for=\"data[20e7b92][email]\" >Email *<\/label><input type=\"text\" name=\"data[20e7b92][email]\" id=\"data[20e7b92][email]\" required=\"required\"  placeholder=\"Email\"><\/fieldset>\n<fieldset><label for=\"data[20e7b92][phone]\" >Telefon<\/label><input type=\"text\" name=\"data[20e7b92][phone]\" id=\"data[20e7b92][phone]\"   placeholder=\"Phone\"><\/fieldset>\n<fieldset><label for=\"data[20e7b92][whatsapp]\" >WhatsApp<\/label><input type=\"text\" name=\"data[20e7b92][whatsapp]\" id=\"data[20e7b92][whatsapp]\"   placeholder=\"WhatsApp\"><\/fieldset>\n<fieldset><label for=\"data[20e7b92][message]\" >Nachricht *<\/label><textarea name=\"data[20e7b92][message]\" id=\"data[20e7b92][message]\"  required=\"required\" placeholder=\"Message\" cols=\"30\" rows=\"5\"><\/textarea><\/fieldset>\n<fieldset><button type=\"submit\" name=\"submit\"  value=\"submit-contact-20e7b92\">Submit<\/button><\/fieldset>\n<\/form>\n<p>\t\t\t\t\t\t\t\t\t\t\t\t\t\t\t<img decoding=\"async\" width=\"1024\" height=\"205\" src=\"https:\/\/taskbrowse.com\/de\/wp-content\/uploads\/sites\/7\/2022\/07\/QUI_Logo_neu_GmbH1200x240-1024x205.png\" alt=\"Logo der QUi GmbH\" loading=\"lazy\" srcset=\"https:\/\/taskbrowse.com\/de\/wp-content\/uploads\/sites\/7\/2022\/07\/QUI_Logo_neu_GmbH1200x240-1024x205.png 1024w, https:\/\/taskbrowse.com\/de\/wp-content\/uploads\/sites\/7\/2022\/07\/QUI_Logo_neu_GmbH1200x240-300x60.png 300w, https:\/\/taskbrowse.com\/de\/wp-content\/uploads\/sites\/7\/2022\/07\/QUI_Logo_neu_GmbH1200x240-768x154.png 768w, https:\/\/taskbrowse.com\/de\/wp-content\/uploads\/sites\/7\/2022\/07\/QUI_Logo_neu_GmbH1200x240.png 1200w\" sizes=\"auto, (max-width: 1024px) 100vw, 1024px\" \/>\t\t\t\t\t\t\t\t\t\t\t\t\t\t\t<\/p>\n<h3>TEL: +49-2205 9476298<\/h3>\n<p>09:00 \u2013 18:00 (Berlin Time)<br \/>Montag &#8211; Freitag<\/p>\n<p><strong>Anschrift: Hauptstra\u00dfe 31, 51503 R\u00f6srath, Deutschland<\/strong><\/p>\n<p><strong>Email<\/strong>: info@taskbrowse.com<\/p>\n<p>\t\t\t<iframe frameborder=\"0\" scrolling=\"no\" marginheight=\"0\" marginwidth=\"0\"\n\t\t\t\t\tsrc=\"https:\/\/maps.google.com\/maps?q=%2051503%20R%C3%B6srath%2C%20Germany&#038;t=m&#038;z=10&#038;output=embed&#038;iwloc=near\"\n\t\t\t\t\ttitle=\" 51503 R\u00f6srath, Germany\"\n\t\t\t\t\taria-label=\" 51503 R\u00f6srath, Germany\"\n\t\t\t><\/iframe><\/p>\n","protected":false},"excerpt":{"rendered":"<p>Produkt\u00fcbersicht Holen Sie sich die kosteng\u00fcnstigste L\u00f6sung zur Steigerung der Produktivit\u00e4t und Leistung in Ihren Projekten und Ihrem Unternehmen. Bei j\u00e4hrlicher Anmeldung erhalten Sie einen Rabatt von 20 %.. Free 3 aktive Benutzer frei 21 Tage frei Unbegrenzte Anzahl Portfolios, Programme und Projekte In Organisationen und Unternehmen gibt es nicht nur ein Projekt oder eine&hellip;&nbsp;<\/p>\n","protected":false},"author":5,"featured_media":0,"parent":0,"menu_order":0,"comment_status":"closed","ping_status":"closed","template":"page-templates\/template-pagebuilder-full-width.php","meta":{"ghostkit_customizer_options":"","ghostkit_custom_css":"","ghostkit_custom_js_head":"","ghostkit_custom_js_foot":"","ghostkit_typography":"","neve_meta_sidebar":"","neve_meta_container":"","neve_meta_enable_content_width":"off","neve_meta_content_width":100,"neve_meta_title_alignment":"","neve_meta_author_avatar":"","neve_post_elements_order":"","neve_meta_disable_header":"","neve_meta_disable_footer":"","neve_meta_disable_title":"","_themeisle_gutenberg_block_has_review":false,"footnotes":""},"class_list":["post-4005","page","type-page","status-publish","hentry"],"_links":{"self":[{"href":"https:\/\/taskbrowse.com\/de\/wp-json\/wp\/v2\/pages\/4005","targetHints":{"allow":["GET"]}}],"collection":[{"href":"https:\/\/taskbrowse.com\/de\/wp-json\/wp\/v2\/pages"}],"about":[{"href":"https:\/\/taskbrowse.com\/de\/wp-json\/wp\/v2\/types\/page"}],"author":[{"embeddable":true,"href":"https:\/\/taskbrowse.com\/de\/wp-json\/wp\/v2\/users\/5"}],"replies":[{"embeddable":true,"href":"https:\/\/taskbrowse.com\/de\/wp-json\/wp\/v2\/comments?post=4005"}],"version-history":[{"count":17,"href":"https:\/\/taskbrowse.com\/de\/wp-json\/wp\/v2\/pages\/4005\/revisions"}],"predecessor-version":[{"id":4022,"href":"https:\/\/taskbrowse.com\/de\/wp-json\/wp\/v2\/pages\/4005\/revisions\/4022"}],"wp:attachment":[{"href":"https:\/\/taskbrowse.com\/de\/wp-json\/wp\/v2\/media?parent=4005"}],"curies":[{"name":"wp","href":"https:\/\/api.w.org\/{rel}","templated":true}]}}