{"id":4219,"date":"2023-05-27T13:17:30","date_gmt":"2023-05-27T12:17:30","guid":{"rendered":"https:\/\/taskbrowse.com\/de\/?page_id=4219"},"modified":"2023-06-19T09:58:51","modified_gmt":"2023-06-19T08:58:51","slug":"projektmanagement","status":"publish","type":"page","link":"https:\/\/taskbrowse.com\/de\/projektmanagement\/","title":{"rendered":"Projektmanagement ist kein \u201cSelbstzweck\u201c!"},"content":{"rendered":"<h1>Projektmanagement <\/h1>\n<p>Es gibt viele Werkzeuge f\u00fcr das Projektmanagement. Einige von ihnen sind sehr kompliziert, und einige sind sehr einfach!\u00a0<strong>TaskBrowse\u00a0 konzentriert sich auf das Wesentliche<\/strong>: TaskBrowse stellt die Methoden und Tools zur Verf\u00fcgung, welche sie<strong>\u00a0im\u00a0<a href=\"https:\/\/taskbrowse.com\/de\/nutzen-statt-features\/?swcfpc=1\">Projekt wirklich ben\u00f6tigen<\/a>, um die Anforderungen des Projekts zu erf\u00fcllen.<\/strong><\/p>\n<h2>Definieren und Zuweisen von Projekten<\/h2>\n<p>Sie k\u00f6nnen Ihre Projekte in TaskBrowse definieren und sie den Projektmitarbeitern zuweisen. F\u00fcgen Sie sie einfach zum Men\u00fc Projekte hinzu und legen Sie den Projektstrukturplan (PSP) f\u00fcr jedes Projekt fest.\u00a0 Verlieren sie dabei die Projektziele nicht aus den Augen und bilden sie den\u00a0<strong>Zusammenhang zwischen Zielen und Aufgaben ab (ISO 21.502)!<\/strong><\/p>\n<p>Auf diese Weise k\u00f6nnen Sie die Projekte in \u00fcberschaubare Aufgaben unterteilen und den Fortschritt der Projekte verfolgen.<\/p>\n<p>\t\t\t\t\t\t\t\t\t\t\t\t\t\t\t<img decoding=\"async\" width=\"433\" height=\"433\" src=\"https:\/\/taskbrowse.com\/de\/wp-content\/uploads\/sites\/7\/2023\/05\/taskbrowse3.jpg\" alt=\"\" loading=\"lazy\" srcset=\"https:\/\/taskbrowse.com\/de\/wp-content\/uploads\/sites\/7\/2023\/05\/taskbrowse3.jpg 433w, https:\/\/taskbrowse.com\/de\/wp-content\/uploads\/sites\/7\/2023\/05\/taskbrowse3-300x300.jpg 300w, https:\/\/taskbrowse.com\/de\/wp-content\/uploads\/sites\/7\/2023\/05\/taskbrowse3-150x150.jpg 150w\" sizes=\"auto, (max-width: 433px) 100vw, 433px\" \/>\t\t\t\t\t\t\t\t\t\t\t\t\t\t\t<\/p>\n<h2>Berechtigungen f\u00fcr Projektmitarbeiter festlegen<\/h2>\n<p>\t\t\t\t\t\t\t\t\t\t\t\t\t\t\t<img decoding=\"async\" width=\"529\" height=\"432\" src=\"https:\/\/taskbrowse.com\/de\/wp-content\/uploads\/sites\/7\/2023\/05\/projectteamtaskbrowse.jpg\" alt=\"\" loading=\"lazy\" srcset=\"https:\/\/taskbrowse.com\/de\/wp-content\/uploads\/sites\/7\/2023\/05\/projectteamtaskbrowse.jpg 529w, https:\/\/taskbrowse.com\/de\/wp-content\/uploads\/sites\/7\/2023\/05\/projectteamtaskbrowse-300x245.jpg 300w\" sizes=\"auto, (max-width: 529px) 100vw, 529px\" \/>\t\t\t\t\t\t\t\t\t\t\t\t\t\t\t<\/p>\n<p>Neben der Zuweisung von Managern zu Projekten k\u00f6nnen Sie jedem\u00a0<strong>Projektmitarbeiter auch Rollen<\/strong>\u00a0zuweisen.<\/p>\n<p>So k\u00f6nnen sie jedem Projektteammitglied unterschiedliche Berechtigungen zuweisen.\u00a0<strong>Zum Beispiel:<\/strong><\/p>\n<ul>\n<li>Eine Person kann nur ihre Aufgaben im Projekt sehen.<\/li>\n<li>Eine andere Person kann alle Aufgaben im Zusammenhang mit dem Projekt sehen.<\/li>\n<li>Oder jemand mit mehr Verantwortung kann alle Aufgaben sehen und bearbeiten.<\/li>\n<\/ul>\n<h2>Definieren Sie einen Projektstrukturplan f\u00fcr Projekte<\/h2>\n<p>Strukturieren Sie Projekte in \u00fcberschaubare Aufgaben. Zur besseren Gliederung k\u00f6nnen sie in TaskBrowse auch Sammelaufgaben definieren. Im n\u00e4chsten Schritt f\u00fcgen Sie die Unteraufgaben ihrer Sammelaufgabe hinzu und weisen sie den Projektmitarbeitern zu.<\/p>\n<p>Wenn Sie eine Aufgabe definieren, legen Sie das Startdatum, das F\u00e4lligkeitsdatum und den gesch\u00e4tzten Arbeitsaufwand fest, damit der Projektfortschrittsbericht und das Gantt-Diagramm f\u00fcr Sie vorbereitet werden.<\/p>\n<p>In TaskBrowse k\u00f6nnen Sie\u00a0<strong>Aufgaben aus Trello und MSP importieren<\/strong>. Wenn Sie vergleichbare oder \u00e4hnliche Projekte haben, k\u00f6nnen Sie auch die\u00a0<strong>Option<\/strong>\u00a0nutzen, das<strong>\u00a0Projekt zu kopieren<\/strong>.<\/p>\n<p>\t\t\t\t\t\t\t\t\t\t\t\t\t\t\t<img decoding=\"async\" width=\"433\" height=\"433\" src=\"https:\/\/taskbrowse.com\/de\/wp-content\/uploads\/sites\/7\/2023\/05\/taskbrowse4.jpg\" alt=\"\" loading=\"lazy\" srcset=\"https:\/\/taskbrowse.com\/de\/wp-content\/uploads\/sites\/7\/2023\/05\/taskbrowse4.jpg 433w, https:\/\/taskbrowse.com\/de\/wp-content\/uploads\/sites\/7\/2023\/05\/taskbrowse4-300x300.jpg 300w, https:\/\/taskbrowse.com\/de\/wp-content\/uploads\/sites\/7\/2023\/05\/taskbrowse4-150x150.jpg 150w\" sizes=\"auto, (max-width: 433px) 100vw, 433px\" \/>\t\t\t\t\t\t\t\t\t\t\t\t\t\t\t<\/p>\n<h2>Gantt Diagramm Projektfortschrittsbericht<\/h2>\n<p>\t\t\t\t\t\t\t\t\t\t\t\t\t\t\t<img decoding=\"async\" width=\"700\" height=\"361\" src=\"https:\/\/taskbrowse.com\/de\/wp-content\/uploads\/sites\/7\/2023\/05\/ganttchart01-1.jpg\" alt=\"\" loading=\"lazy\" srcset=\"https:\/\/taskbrowse.com\/de\/wp-content\/uploads\/sites\/7\/2023\/05\/ganttchart01-1.jpg 700w, https:\/\/taskbrowse.com\/de\/wp-content\/uploads\/sites\/7\/2023\/05\/ganttchart01-1-300x155.jpg 300w\" sizes=\"auto, (max-width: 700px) 100vw, 700px\" \/>\t\t\t\t\t\t\t\t\t\t\t\t\t\t\t<\/p>\n<p>Nachdem Sie die notwendigen Aufgaben definiert und zugewiesen haben, erstellt TaskBrowse ein\u00a0<strong>Gantt-Diagramm<\/strong>, um die Projektplanung zu erleichtern. Das Gantt-Diagramm ist interaktiv, und die Arbeit damit ist einfach. Sie k\u00f6nnen das Start- und Enddatum oder den Zeitraum der Aufgaben mit einer<strong>\u00a0Mausbewegung<\/strong>\u00a0\u00e4ndern.<\/p>\n<p>Nachdem Sie die Aufgaben definiert und das Projekt gestartet haben, bereitet TaskBrowse den\u00a0<strong>Projektfortschrittsbericht<\/strong>\u00a0vor. Die Informationen des Berichts werden in einem\u00a0<strong>Projektfortschrittsdiagramm<\/strong>\u00a0zusammengefasst, das den geplanten Fortschritt mit dem tats\u00e4chlichen Projektfortschritt vergleicht.<\/p>\n<h2>Projekt-Wissensmanagement<\/h2>\n<p>Da die Verwaltung des Projektwissens ein kritischer Teil des Projektmanagements ist, wurden in TaskBrowse M\u00f6glichkeiten daf\u00fcr vorgesehen.<\/p>\n<p>Wenn Sie in TaskBrowse an einem Projekt arbeiten, k\u00f6nnen Sie das erworbene\u00a0<strong>Wissen auf verschiedene Weise dem Projekt hinzuf\u00fcgen<\/strong>:<\/p>\n<ul>\n<li>Sie k\u00f6nnen die notwendigen Dateien anh\u00e4ngen, um das Wissen des Projekts zu erhalten.<\/li>\n<li>F\u00fcr jedes Projekt erstellt TaskBrowse einen individuellen Chatraum, der aus den Mitgliedern des Projektteams besteht. In diesem Chatroom kann jedes Mitglied sein Wissen mit anderen Mitgliedern teilen und sogar die notwendigen Dateien in den Chatroom schicken.<\/li>\n<li>In der Projektbeschreibung, die f\u00fcr die Mitglieder des Projektteams sichtbar ist, k\u00f6nnen Sie die Informationen und das Wissen \u00fcber das Projekt mitteilen.<\/li>\n<\/ul>\n<p>\t\t\t\t\t\t\t\t\t\t\t\t\t\t\t<img decoding=\"async\" width=\"733\" height=\"733\" src=\"https:\/\/taskbrowse.com\/de\/wp-content\/uploads\/sites\/7\/2023\/05\/taskbrowse6.jpg\" alt=\"\" loading=\"lazy\" srcset=\"https:\/\/taskbrowse.com\/de\/wp-content\/uploads\/sites\/7\/2023\/05\/taskbrowse6.jpg 733w, https:\/\/taskbrowse.com\/de\/wp-content\/uploads\/sites\/7\/2023\/05\/taskbrowse6-300x300.jpg 300w, https:\/\/taskbrowse.com\/de\/wp-content\/uploads\/sites\/7\/2023\/05\/taskbrowse6-150x150.jpg 150w\" sizes=\"auto, (max-width: 733px) 100vw, 733px\" \/>\t\t\t\t\t\t\t\t\t\t\t\t\t\t\t<\/p>\n<h2>Management Dashboard<\/h2>\n<p>\t\t\t\t\t\t\t\t\t\t\t\t\t\t\t<img decoding=\"async\" width=\"700\" height=\"406\" src=\"https:\/\/taskbrowse.com\/de\/wp-content\/uploads\/sites\/7\/2023\/05\/projectdashboard1-1.jpg\" alt=\"\" loading=\"lazy\" srcset=\"https:\/\/taskbrowse.com\/de\/wp-content\/uploads\/sites\/7\/2023\/05\/projectdashboard1-1.jpg 700w, https:\/\/taskbrowse.com\/de\/wp-content\/uploads\/sites\/7\/2023\/05\/projectdashboard1-1-300x174.jpg 300w\" sizes=\"auto, (max-width: 700px) 100vw, 700px\" \/>\t\t\t\t\t\t\t\t\t\t\t\t\t\t\t<\/p>\n<p>F\u00fcgen Sie Ihre Projekte in TaskBrowse ein und \u00fcberwachen Sie deren Fortschritt mit Hilfe mehrerer Werkzeuge, einschlie\u00dflich des\u00a0<strong>Management-Dashboards<\/strong>, und sichern Sie so den Erfolg Ihrer Projekte.<\/p>\n<p>Benutzen Sie die Diagramme in TaskBrowse\u2019s Management Dashboard, um Projekte zu bewerten; und wenn Sie ein<strong>\u00a0neues Diagramm brauchen, benutzen Sie das Analysetool, um es zu erstellen.<\/strong><\/p>\n<p>Testen sie TaskBrowse! Holen sie sich noch heute den\u00a0<strong>vollen Funktionsumfang f\u00fcr 3 Wochen kostenlos<\/strong>. TaskBrowse ist<strong>\u00a0100% cloud-basiert \u2013<\/strong>\u00a0es werden<strong>\u00a0keine Installationsdateien ben\u00f6tigt!<\/strong><br \/>\n\t\t\t<a href=\"https:\/\/panel.taskbrowse.com\/Account\/Login?lang=de\"><br \/>\n\t\t\t\t\t\tHolen sie sich noch heute den vollen Funktionsumfang f\u00fcr 3 Wochen kostenlos!<br \/>\n\t\t\t\t\t<\/a><\/p>\n","protected":false},"excerpt":{"rendered":"<p>Projektmanagement Es gibt viele Werkzeuge f\u00fcr das Projektmanagement. Einige von ihnen sind sehr kompliziert, und einige sind sehr einfach!\u00a0TaskBrowse\u00a0 konzentriert sich auf das Wesentliche: TaskBrowse stellt die Methoden und Tools zur Verf\u00fcgung, welche sie\u00a0im\u00a0Projekt wirklich ben\u00f6tigen, um die Anforderungen des Projekts zu erf\u00fcllen. Definieren und Zuweisen von Projekten Sie k\u00f6nnen Ihre Projekte in TaskBrowse definieren&hellip;&nbsp;<\/p>\n","protected":false},"author":4,"featured_media":0,"parent":0,"menu_order":0,"comment_status":"closed","ping_status":"closed","template":"page-templates\/template-pagebuilder-full-width.php","meta":{"ghostkit_customizer_options":"","ghostkit_custom_css":"","ghostkit_custom_js_head":"","ghostkit_custom_js_foot":"","ghostkit_typography":"","neve_meta_sidebar":"","neve_meta_container":"","neve_meta_enable_content_width":"off","neve_meta_content_width":100,"neve_meta_title_alignment":"","neve_meta_author_avatar":"","neve_post_elements_order":"","neve_meta_disable_header":"","neve_meta_disable_footer":"","neve_meta_disable_title":"","_themeisle_gutenberg_block_has_review":false,"footnotes":""},"class_list":["post-4219","page","type-page","status-publish","hentry"],"_links":{"self":[{"href":"https:\/\/taskbrowse.com\/de\/wp-json\/wp\/v2\/pages\/4219","targetHints":{"allow":["GET"]}}],"collection":[{"href":"https:\/\/taskbrowse.com\/de\/wp-json\/wp\/v2\/pages"}],"about":[{"href":"https:\/\/taskbrowse.com\/de\/wp-json\/wp\/v2\/types\/page"}],"author":[{"embeddable":true,"href":"https:\/\/taskbrowse.com\/de\/wp-json\/wp\/v2\/users\/4"}],"replies":[{"embeddable":true,"href":"https:\/\/taskbrowse.com\/de\/wp-json\/wp\/v2\/comments?post=4219"}],"version-history":[{"count":20,"href":"https:\/\/taskbrowse.com\/de\/wp-json\/wp\/v2\/pages\/4219\/revisions"}],"predecessor-version":[{"id":4724,"href":"https:\/\/taskbrowse.com\/de\/wp-json\/wp\/v2\/pages\/4219\/revisions\/4724"}],"wp:attachment":[{"href":"https:\/\/taskbrowse.com\/de\/wp-json\/wp\/v2\/media?parent=4219"}],"curies":[{"name":"wp","href":"https:\/\/api.w.org\/{rel}","templated":true}]}}