{"id":6759,"date":"2025-06-28T12:38:43","date_gmt":"2025-06-28T11:38:43","guid":{"rendered":"https:\/\/taskbrowse.com\/de\/?page_id=6759"},"modified":"2025-07-13T08:24:35","modified_gmt":"2025-07-13T07:24:35","slug":"ausreichendes-projektmanagement","status":"publish","type":"page","link":"https:\/\/taskbrowse.com\/de\/ausreichendes-projektmanagement\/","title":{"rendered":"Ausreichendes Projektmanagement"},"content":{"rendered":"\n<h2 class=\"wp-block-heading has-text-align-center ghostkit-custom-Z27NyU1\" style=\"font-size:30px\">Ausreichendes Projektmanagement<\/h2>\n\n\n\n<p>Es gibt unz\u00e4hlige Tools f\u00fcr das Projektmanagement \u2013 manche sind \u00fcberm\u00e4\u00dfig komplex, andere wiederum zu simpel. <strong>TaskBrowse findet genau die richtige Balance, indem es ein ausreichend ausgestattetes Projektmanagement bietet<\/strong>, das sich auf die wesentlichen Funktionen konzentriert, ohne zu \u00fcberfordern. Es erm\u00f6glicht eine reibungslose Zusammenarbeit, klare Nachverfolgung und m\u00fchelose Organisation \u2013 f\u00fcr Teams jeder Gr\u00f6\u00dfe. <strong>TaskBrowse liefert genau das richtige Ma\u00df an Projektmanagement<\/strong>, um Projekte einfach und dennoch effektiv umzusetzen.<\/p>\n\n\n\n<div style=\"height:100px\" aria-hidden=\"true\" class=\"wp-block-spacer\"><\/div>\n\n\n\n<div class=\"wp-block-columns alignfull is-layout-flex wp-container-core-columns-is-layout-9d6595d7 wp-block-columns-is-layout-flex\">\n<div class=\"wp-block-column is-layout-flow wp-block-column-is-layout-flow\" style=\"flex-basis:50px\"><\/div>\n\n\n\n<div class=\"wp-block-column is-layout-flow wp-block-column-is-layout-flow\">\n<h3 class=\"wp-block-heading\">Projekte definieren und zuweisen<\/h3>\n\n\n\n<p>In TaskBrowse ist das Definieren und Zuweisen von Projekten einfach und effizient \u2013 <strong>genau das, was man unter ausreichendem Projektmanagement versteht<\/strong>. Du kannst ein neues Projekt in wenigen Schritten erstellen, klare Ziele festlegen und es in \u00fcberschaubare Aufgaben unterteilen. Weise die Aufgaben mit nur wenigen Klicks den Teammitgliedern zu, damit jeder genau wei\u00df, wof\u00fcr er verantwortlich ist und bis wann. Durch eine klare Projektstruktur und eindeutige Zust\u00e4ndigkeiten bleibt dein Team organisiert, fokussiert und auf Kurs. TaskBrowse erm\u00f6glicht es dir, den Fortschritt deiner Projekte jederzeit im Blick zu behalten \u2013 <strong>ohne unn\u00f6tige Komplexit\u00e4t<\/strong>.<\/p>\n<\/div>\n\n\n\n<div class=\"wp-block-column is-layout-flow wp-block-column-is-layout-flow\"><div class=\"wp-block-image ghostkit-custom-Z1a1TpQ\">\n<figure class=\"aligncenter size-full\"><img loading=\"lazy\" decoding=\"async\" width=\"433\" height=\"433\" src=\"https:\/\/taskbrowse.com\/de\/wp-content\/uploads\/sites\/7\/2023\/05\/taskbrowse3.jpg\" alt=\"Ausreichendes Projektmanagement - Projekte definieren und zuweisen\" class=\"wp-image-4228\" srcset=\"https:\/\/taskbrowse.com\/de\/wp-content\/uploads\/sites\/7\/2023\/05\/taskbrowse3.jpg 433w, https:\/\/taskbrowse.com\/de\/wp-content\/uploads\/sites\/7\/2023\/05\/taskbrowse3-300x300.jpg 300w, https:\/\/taskbrowse.com\/de\/wp-content\/uploads\/sites\/7\/2023\/05\/taskbrowse3-150x150.jpg 150w\" sizes=\"auto, (max-width: 433px) 100vw, 433px\" \/><\/figure>\n<\/div><\/div>\n\n\n\n<div class=\"wp-block-column is-layout-flow wp-block-column-is-layout-flow\" style=\"flex-basis:50px\"><\/div>\n<\/div>\n\n\n\n<div style=\"height:100px\" aria-hidden=\"true\" class=\"wp-block-spacer\"><\/div>\n\n\n\n<div class=\"wp-block-columns alignfull is-layout-flex wp-container-core-columns-is-layout-9d6595d7 wp-block-columns-is-layout-flex\">\n<div class=\"wp-block-column is-layout-flow wp-block-column-is-layout-flow\" style=\"flex-basis:50px\"><\/div>\n\n\n\n<div class=\"wp-block-column is-layout-flow wp-block-column-is-layout-flow\"><div class=\"wp-block-image\">\n<figure class=\"aligncenter size-full\"><img loading=\"lazy\" decoding=\"async\" width=\"1200\" height=\"842\" src=\"https:\/\/taskbrowse.com\/de\/wp-content\/uploads\/sites\/7\/2025\/06\/projectbudgetde-1.jpg\" alt=\"Ausreichendes Projektmanagement - Kosten- und Budgetmanagement\" class=\"wp-image-6773\" srcset=\"https:\/\/taskbrowse.com\/de\/wp-content\/uploads\/sites\/7\/2025\/06\/projectbudgetde-1.jpg 1200w, https:\/\/taskbrowse.com\/de\/wp-content\/uploads\/sites\/7\/2025\/06\/projectbudgetde-1-300x211.jpg 300w, https:\/\/taskbrowse.com\/de\/wp-content\/uploads\/sites\/7\/2025\/06\/projectbudgetde-1-1024x719.jpg 1024w, https:\/\/taskbrowse.com\/de\/wp-content\/uploads\/sites\/7\/2025\/06\/projectbudgetde-1-768x539.jpg 768w\" sizes=\"auto, (max-width: 1200px) 100vw, 1200px\" \/><\/figure>\n<\/div><\/div>\n\n\n\n<div class=\"wp-block-column is-layout-flow wp-block-column-is-layout-flow\">\n<h3 class=\"wp-block-heading\">Kosten- und Budgetmanagement<\/h3>\n\n\n\n<p>In TaskBrowse ist das Definieren und Zuweisen von Projekten einfach und effizient. \u27a1\ufe0f <strong>Ausreichendes Projektmanagement<\/strong> <br>Du kannst ein neues Projekt in wenigen Schritten erstellen, klare Ziele festlegen und es in \u00fcberschaubare Aufgaben unterteilen. Weise die Aufgaben mit nur wenigen Klicks den Teammitgliedern zu, damit jeder genau wei\u00df, wof\u00fcr er verantwortlich ist und bis wann. Durch eine klare Projektstruktur und eindeutige Zust\u00e4ndigkeiten bleibt dein Team organisiert, fokussiert und auf Kurs. TaskBrowse erm\u00f6glicht es dir, den Fortschritt deiner Projekte jederzeit im Blick zu behalten \u2013 <strong>ohne unn\u00f6tige Komplexit\u00e4t<\/strong>.<\/p>\n<\/div>\n\n\n\n<div class=\"wp-block-column is-layout-flow wp-block-column-is-layout-flow\" style=\"flex-basis:50px\"><\/div>\n<\/div>\n\n\n\n<div style=\"height:100px\" aria-hidden=\"true\" class=\"wp-block-spacer\"><\/div>\n\n\n\n<div class=\"wp-block-columns alignfull is-layout-flex wp-container-core-columns-is-layout-9d6595d7 wp-block-columns-is-layout-flex\">\n<div class=\"wp-block-column is-layout-flow wp-block-column-is-layout-flow\" style=\"flex-basis:50px\"><\/div>\n\n\n\n<div class=\"wp-block-column is-layout-flow wp-block-column-is-layout-flow\">\n<h3 class=\"wp-block-heading\">Work Breakdown Structure (WBS) definieren<\/h3>\n\n\n\n<p>Mit TaskBrowse kannst du Projekte m\u00fchelos in \u00fcberschaubare Aufgaben unterteilen.\u27a1\ufe0f <strong>Ausreichendes Projektmanagement<\/strong><br>Erstelle \u00fcbergeordnete Aufgaben (Summary Tasks), um verwandte Teilaufgaben zu gruppieren und den Arbeitsablauf strukturiert zu halten. Weise jede Teilaufgabe den passenden Teammitgliedern zu, um Klarheit, Verantwortlichkeit und eine reibungslose Umsetzung sicherzustellen.<\/p>\n\n\n\n<p>Beim Erstellen einer Aufgabe kannst du Startdatum, F\u00e4lligkeitsdatum und den gesch\u00e4tzten Arbeitsaufwand angeben. Anhand dieser Angaben erzeugt TaskBrowse automatisch ein Gantt-Diagramm zur besseren Projekt\u00fcbersicht.<\/p>\n\n\n\n<p>TaskBrowse unterst\u00fctzt au\u00dferdem den Import von Aufgaben aus Trello und Microsoft Project (MSP). Wenn du h\u00e4ufig \u00e4hnliche Projekte verwaltest, sparst du Zeit, indem du bestehende Projekte einfach \u00fcber die Kopierfunktion duplizierst.<\/p>\n<\/div>\n\n\n\n<div class=\"wp-block-column is-layout-flow wp-block-column-is-layout-flow\"><div class=\"wp-block-image ghostkit-custom-1FmUAm\">\n<figure class=\"aligncenter size-full\"><img loading=\"lazy\" decoding=\"async\" width=\"433\" height=\"433\" src=\"https:\/\/taskbrowse.com\/de\/wp-content\/uploads\/sites\/7\/2023\/05\/taskbrowse4.jpg\" alt=\"Ausreichendes Projektmanagement  - Work Breakdown Structure (WBS) definieren\" class=\"wp-image-4230\" srcset=\"https:\/\/taskbrowse.com\/de\/wp-content\/uploads\/sites\/7\/2023\/05\/taskbrowse4.jpg 433w, https:\/\/taskbrowse.com\/de\/wp-content\/uploads\/sites\/7\/2023\/05\/taskbrowse4-300x300.jpg 300w, https:\/\/taskbrowse.com\/de\/wp-content\/uploads\/sites\/7\/2023\/05\/taskbrowse4-150x150.jpg 150w\" sizes=\"auto, (max-width: 433px) 100vw, 433px\" \/><\/figure>\n<\/div><\/div>\n\n\n\n<div class=\"wp-block-column is-layout-flow wp-block-column-is-layout-flow\" style=\"flex-basis:50px\"><\/div>\n<\/div>\n\n\n\n<div style=\"height:100px\" aria-hidden=\"true\" class=\"wp-block-spacer\"><\/div>\n\n\n\n<div class=\"wp-block-columns alignfull is-layout-flex wp-container-core-columns-is-layout-9d6595d7 wp-block-columns-is-layout-flex\">\n<div class=\"wp-block-column is-layout-flow wp-block-column-is-layout-flow\" style=\"flex-basis:50px\"><\/div>\n\n\n\n<div class=\"wp-block-column is-layout-flow wp-block-column-is-layout-flow\"><div class=\"wp-block-image\">\n<figure class=\"aligncenter size-large\"><img loading=\"lazy\" decoding=\"async\" width=\"1024\" height=\"488\" src=\"https:\/\/taskbrowse.com\/de\/wp-content\/uploads\/sites\/7\/2025\/06\/gannchatde2-1024x488.jpg\" alt=\"Ausreichendes Projektmanagement - Gantt-Diagramm und Projektfortschrittsbericht\" class=\"wp-image-6783\" srcset=\"https:\/\/taskbrowse.com\/de\/wp-content\/uploads\/sites\/7\/2025\/06\/gannchatde2-1024x488.jpg 1024w, https:\/\/taskbrowse.com\/de\/wp-content\/uploads\/sites\/7\/2025\/06\/gannchatde2-300x143.jpg 300w, https:\/\/taskbrowse.com\/de\/wp-content\/uploads\/sites\/7\/2025\/06\/gannchatde2-768x366.jpg 768w, https:\/\/taskbrowse.com\/de\/wp-content\/uploads\/sites\/7\/2025\/06\/gannchatde2.jpg 1218w\" sizes=\"auto, (max-width: 1024px) 100vw, 1024px\" \/><\/figure>\n<\/div><\/div>\n\n\n\n<div class=\"wp-block-column is-layout-flow wp-block-column-is-layout-flow\">\n<h3 class=\"wp-block-heading\">Gantt-Diagramm und Projektfortschrittsbericht<\/h3>\n\n\n\n<p>Sobald Aufgaben definiert und zugewiesen sind, erstellt TaskBrowse automatisch ein interaktives Gantt-Diagramm zur einfachen Projektplanung. Du kannst Start- und Enddaten oder die Dauer von Aufgaben direkt auf der Zeitleiste per Drag &amp; Drop anpassen. TaskBrowse unterst\u00fctzt zudem die Critical Path Method (CPM), sodass Projektmanager kritische Aufgaben identifizieren, Verz\u00f6gerungen reduzieren und den Zeitplan optimieren k\u00f6nnen. \u27a1\ufe0f <strong>Ausreichendes Projektmanagement<\/strong><\/p>\n\n\n\n<p>Im Laufe des Projekts liefert TaskBrowse Echtzeitberichte zum Fortschritt. Diese werden anschaulich in einem Fortschrittsdiagramm visualisiert, sodass du auf einen Blick den <strong>Plan-Ist-Vergleich<\/strong> siehst \u2013 und jederzeit die volle Kontrolle \u00fcber deinen Zeitplan beh\u00e4ltst.<\/p>\n\n\n\n<p><\/p>\n<\/div>\n\n\n\n<div class=\"wp-block-column is-layout-flow wp-block-column-is-layout-flow\" style=\"flex-basis:50px\"><\/div>\n<\/div>\n\n\n\n<div style=\"height:100px\" aria-hidden=\"true\" class=\"wp-block-spacer\"><\/div>\n\n\n\n<div class=\"wp-block-columns alignfull is-layout-flex wp-container-core-columns-is-layout-9d6595d7 wp-block-columns-is-layout-flex\">\n<div class=\"wp-block-column is-layout-flow wp-block-column-is-layout-flow\" style=\"flex-basis:50px\"><\/div>\n\n\n\n<div class=\"wp-block-column is-layout-flow wp-block-column-is-layout-flow\">\n<h3 class=\"wp-block-heading\">Projekt-Wissensmanagement<\/h3>\n\n\n\n<p>Da Wissensmanagement ein wesentlicher Bestandteil eines effektiven Projektmanagements ist, stellt TaskBrowse spezielle Werkzeuge bereit, um es w\u00e4hrend des gesamten Projektlebenszyklus zu unterst\u00fctzen.<\/p>\n\n\n\n<p><strong>Du kannst Projektwissen auf verschiedene Weise erfassen und teilen:<\/strong><\/p>\n\n\n\n<ul class=\"wp-block-list\">\n<li>Relevante Dateien direkt am Projekt anh\u00e4ngen, um wichtige Informationen und Dokumentationen zu bewahren.<\/li>\n\n\n\n<li>Jedes Projekt verf\u00fcgt au\u00dferdem \u00fcber einen eigenen Chatraum, in dem Teammitglieder Einblicke austauschen, Erfahrungen teilen und n\u00fctzliche Dateien in Echtzeit hochladen k\u00f6nnen.<\/li>\n\n\n\n<li>Dar\u00fcber hinaus dient der Projektbeschreibungsbereich \u2014 f\u00fcr alle Teammitglieder sichtbar \u2014 als zentraler Ort, um wichtige Informationen, Entscheidungen und gewonnene Erkenntnisse zu dokumentieren und so sicherzustellen, dass wertvolles Wissen im Team erhalten bleibt.<\/li>\n<\/ul>\n\n\n\n<p><\/p>\n<\/div>\n\n\n\n<div class=\"wp-block-column is-layout-flow wp-block-column-is-layout-flow\"><div class=\"wp-block-image ghostkit-custom-11REuq\">\n<figure class=\"aligncenter size-full\"><img loading=\"lazy\" decoding=\"async\" width=\"733\" height=\"733\" src=\"https:\/\/taskbrowse.com\/de\/wp-content\/uploads\/sites\/7\/2023\/05\/taskbrowse6.jpg\" alt=\"Ausreichendes Projektmanagement - Projekt-Wissensmanagement\" class=\"wp-image-4237\" srcset=\"https:\/\/taskbrowse.com\/de\/wp-content\/uploads\/sites\/7\/2023\/05\/taskbrowse6.jpg 733w, https:\/\/taskbrowse.com\/de\/wp-content\/uploads\/sites\/7\/2023\/05\/taskbrowse6-300x300.jpg 300w, https:\/\/taskbrowse.com\/de\/wp-content\/uploads\/sites\/7\/2023\/05\/taskbrowse6-150x150.jpg 150w\" sizes=\"auto, (max-width: 733px) 100vw, 733px\" \/><\/figure>\n<\/div><\/div>\n\n\n\n<div class=\"wp-block-column is-layout-flow wp-block-column-is-layout-flow\" style=\"flex-basis:50px\"><\/div>\n<\/div>\n\n\n\n<div style=\"height:100px\" aria-hidden=\"true\" class=\"wp-block-spacer\"><\/div>\n\n\n\n<div class=\"wp-block-columns alignfull is-layout-flex wp-container-core-columns-is-layout-9d6595d7 wp-block-columns-is-layout-flex\">\n<div class=\"wp-block-column is-layout-flow wp-block-column-is-layout-flow\" style=\"flex-basis:50px\"><\/div>\n\n\n\n<div class=\"wp-block-column is-layout-flow wp-block-column-is-layout-flow\"><div class=\"wp-block-image\">\n<figure class=\"aligncenter size-full\"><img loading=\"lazy\" decoding=\"async\" width=\"1253\" height=\"758\" src=\"https:\/\/taskbrowse.com\/de\/wp-content\/uploads\/sites\/7\/2025\/06\/pdashboardde.jpg\" alt=\"Ausreichendes Projektmanagement - Projekt-Wissensmanagement\" class=\"wp-image-6791\" srcset=\"https:\/\/taskbrowse.com\/de\/wp-content\/uploads\/sites\/7\/2025\/06\/pdashboardde.jpg 1253w, https:\/\/taskbrowse.com\/de\/wp-content\/uploads\/sites\/7\/2025\/06\/pdashboardde-300x181.jpg 300w, https:\/\/taskbrowse.com\/de\/wp-content\/uploads\/sites\/7\/2025\/06\/pdashboardde-1024x619.jpg 1024w, https:\/\/taskbrowse.com\/de\/wp-content\/uploads\/sites\/7\/2025\/06\/pdashboardde-768x465.jpg 768w\" sizes=\"auto, (max-width: 1253px) 100vw, 1253px\" \/><\/figure>\n<\/div><\/div>\n\n\n\n<div class=\"wp-block-column is-layout-flow wp-block-column-is-layout-flow\">\n<h3 class=\"wp-block-heading\">Projekt-Wissensmanagement<\/h3>\n\n\n\n<p>F\u00fcge deine Projekte zu TaskBrowse hinzu und verfolge ihren Fortschritt mit genau den richtigen Projektmanagement-Tools \u2013 klar, \u00fcbersichtlich und ohne unn\u00f6tige Komplexit\u00e4t.<br>Das <strong>Management-Dashboard<\/strong> bietet eine schlanke M\u00f6glichkeit, deine Projekte im Blick zu behalten und ihren Erfolg sicherzustellen.<\/p>\n\n\n\n<p>Nutze die integrierten Diagramme zur Bewertung der Leistung. Und wenn du tiefere Einblicke brauchst, kannst du mit dem Analyzer-Tool individuelle visuelle Berichte erstellen, die genau auf die Bed\u00fcrfnisse deines Projekts zugeschnitten sind.<\/p>\n\n\n\n<p><\/p>\n\n\n\n<p><\/p>\n<\/div>\n\n\n\n<div class=\"wp-block-column is-layout-flow wp-block-column-is-layout-flow\" style=\"flex-basis:50px\"><\/div>\n<\/div>\n\n\n\n<div style=\"height:100px\" aria-hidden=\"true\" class=\"wp-block-spacer\"><\/div>\n\n\n\n<p class=\"has-text-align-center\" style=\"font-size:30px\"><strong>Neugierig auf Ausreichendes Projektmanagement?<br>Probiere TaskBrowse aus und erlebe es in der Praxis<\/strong><\/p>\n\n\n\n<div style=\"height:30px\" aria-hidden=\"true\" class=\"wp-block-spacer\"><\/div>\n\n\n\n<div class=\"wp-block-buttons alignwide is-content-justification-center is-layout-flex wp-container-core-buttons-is-layout-16018d1d wp-block-buttons-is-layout-flex\">\n<div class=\"wp-block-button\"><a class=\"wp-block-button__link has-neve-text-color-color has-text-color has-background has-link-color has-custom-font-size wp-element-button\" href=\"https:\/\/panel.taskbrowse.com\/Account\/Register?lang=de\" style=\"background-color:#fcaf3b;font-size:20px\">3 Wochen kostenlos<\/a><\/div>\n<\/div>\n\n\n\n<div style=\"height:100px\" aria-hidden=\"true\" class=\"wp-block-spacer\"><\/div>\n\n\n\n<p><\/p>\n","protected":false},"excerpt":{"rendered":"<p>Ausreichendes Projektmanagement Es gibt unz\u00e4hlige Tools f\u00fcr das Projektmanagement \u2013 manche sind \u00fcberm\u00e4\u00dfig komplex, andere wiederum zu simpel. TaskBrowse findet genau die richtige Balance, indem es ein ausreichend ausgestattetes Projektmanagement bietet, das sich auf die wesentlichen Funktionen konzentriert, ohne zu \u00fcberfordern. Es erm\u00f6glicht eine reibungslose Zusammenarbeit, klare Nachverfolgung und m\u00fchelose Organisation \u2013 f\u00fcr Teams jeder&hellip;&nbsp;<\/p>\n","protected":false},"author":4,"featured_media":5926,"parent":0,"menu_order":0,"comment_status":"closed","ping_status":"closed","template":"","meta":{"ghostkit_customizer_options":"","ghostkit_custom_css":"","ghostkit_custom_js_head":"","ghostkit_custom_js_foot":"","ghostkit_typography":"","neve_meta_sidebar":"","neve_meta_container":"","neve_meta_enable_content_width":"","neve_meta_content_width":0,"neve_meta_title_alignment":"","neve_meta_author_avatar":"","neve_post_elements_order":"","neve_meta_disable_header":"","neve_meta_disable_footer":"","neve_meta_disable_title":"on","_themeisle_gutenberg_block_has_review":false,"footnotes":""},"class_list":["post-6759","page","type-page","status-publish","has-post-thumbnail","hentry"],"_links":{"self":[{"href":"https:\/\/taskbrowse.com\/de\/wp-json\/wp\/v2\/pages\/6759","targetHints":{"allow":["GET"]}}],"collection":[{"href":"https:\/\/taskbrowse.com\/de\/wp-json\/wp\/v2\/pages"}],"about":[{"href":"https:\/\/taskbrowse.com\/de\/wp-json\/wp\/v2\/types\/page"}],"author":[{"embeddable":true,"href":"https:\/\/taskbrowse.com\/de\/wp-json\/wp\/v2\/users\/4"}],"replies":[{"embeddable":true,"href":"https:\/\/taskbrowse.com\/de\/wp-json\/wp\/v2\/comments?post=6759"}],"version-history":[{"count":19,"href":"https:\/\/taskbrowse.com\/de\/wp-json\/wp\/v2\/pages\/6759\/revisions"}],"predecessor-version":[{"id":6801,"href":"https:\/\/taskbrowse.com\/de\/wp-json\/wp\/v2\/pages\/6759\/revisions\/6801"}],"wp:featuredmedia":[{"embeddable":true,"href":"https:\/\/taskbrowse.com\/de\/wp-json\/wp\/v2\/media\/5926"}],"wp:attachment":[{"href":"https:\/\/taskbrowse.com\/de\/wp-json\/wp\/v2\/media?parent=6759"}],"curies":[{"name":"wp","href":"https:\/\/api.w.org\/{rel}","templated":true}]}}