{"id":6804,"date":"2025-06-29T08:55:46","date_gmt":"2025-06-29T07:55:46","guid":{"rendered":"https:\/\/taskbrowse.com\/de\/?page_id=6804"},"modified":"2025-07-13T08:26:41","modified_gmt":"2025-07-13T07:26:41","slug":"einfaches-aufgabenmanagement","status":"publish","type":"page","link":"https:\/\/taskbrowse.com\/de\/einfaches-aufgabenmanagement\/","title":{"rendered":"Einfaches Aufgabenmanagement"},"content":{"rendered":"\n<h2 class=\"wp-block-heading has-text-align-center ghostkit-custom-1HhJoI\" style=\"font-size:30px\">Einfaches Aufgabenmanagement<\/h2>\n\n\n\n<p class=\"has-text-align-center\">Investiere wenig Zeit und erziele gro\u00dfen Nutzen<\/p>\n\n\n\n<div style=\"height:100px\" aria-hidden=\"true\" class=\"wp-block-spacer\"><\/div>\n\n\n\n<div class=\"wp-block-columns alignfull is-layout-flex wp-container-core-columns-is-layout-9d6595d7 wp-block-columns-is-layout-flex\">\n<div class=\"wp-block-column is-layout-flow wp-block-column-is-layout-flow\">\n<div class=\"wp-block-columns is-layout-flex wp-container-core-columns-is-layout-9d6595d7 wp-block-columns-is-layout-flex\">\n<div class=\"wp-block-column is-layout-flow wp-block-column-is-layout-flow\" style=\"flex-basis:200px\"><\/div>\n\n\n\n<div class=\"wp-block-column is-layout-flow wp-block-column-is-layout-flow\">\n<div class=\"wp-block-columns ghostkit-custom-wFkB2 is-layout-flex wp-container-core-columns-is-layout-9d6595d7 wp-block-columns-is-layout-flex\">\n<div class=\"wp-block-column is-layout-flow wp-block-column-is-layout-flow\" style=\"flex-basis:50px\">\n<p class=\"has-text-align-center has-text-color has-link-color has-large-font-size wp-elements-2d87a8280c7c56fd09326456bd4ce8b8\" style=\"color:#dfdfdf\"><strong>1<\/strong><\/p>\n<\/div>\n\n\n\n<div class=\"wp-block-column is-layout-flow wp-block-column-is-layout-flow\" style=\"flex-basis:66.66%\">\n<h3 class=\"wp-block-heading\" id=\"define-your-tasks\">Definiere deine Aufgaben<\/h3>\n\n\n\n<p class=\"ghostkit-custom-Z2pK7jT\">Jede Organisation hat Abl\u00e4ufe und Aufgaben. Definiere sie einfach in TaskBrowse. Weise sie deinen Kollegen zu, und du kannst Projekte f\u00fcr deine Aufgaben festlegen.<\/p>\n<\/div>\n<\/div>\n<\/div>\n\n\n\n<div class=\"wp-block-column ghostkit-d-md-none ghostkit-d-sm-none is-layout-flow wp-block-column-is-layout-flow\">\n<figure class=\"wp-block-image size-full ghostkit-custom-Zijcv4\"><img loading=\"lazy\" decoding=\"async\" width=\"300\" height=\"318\" src=\"https:\/\/taskbrowse.com\/de\/wp-content\/uploads\/sites\/7\/2023\/06\/Define-your-tasks-easily.png\" alt=\"Einfaches Aufgabenmanagement - Define tasks\" class=\"wp-image-4699\" srcset=\"https:\/\/taskbrowse.com\/de\/wp-content\/uploads\/sites\/7\/2023\/06\/Define-your-tasks-easily.png 300w, https:\/\/taskbrowse.com\/de\/wp-content\/uploads\/sites\/7\/2023\/06\/Define-your-tasks-easily-283x300.png 283w\" sizes=\"auto, (max-width: 300px) 100vw, 300px\" \/><\/figure>\n<\/div>\n\n\n\n<div class=\"wp-block-column is-layout-flow wp-block-column-is-layout-flow\" style=\"flex-basis:100px\"><\/div>\n<\/div>\n\n\n\n<div class=\"wp-block-columns is-layout-flex wp-container-core-columns-is-layout-9d6595d7 wp-block-columns-is-layout-flex\">\n<div class=\"wp-block-column is-layout-flow wp-block-column-is-layout-flow\" style=\"flex-basis:200px\"><\/div>\n\n\n\n<div class=\"wp-block-column is-layout-flow wp-block-column-is-layout-flow\">\n<figure class=\"wp-block-image size-full ghostkit-custom-26VjDN\"><img loading=\"lazy\" decoding=\"async\" width=\"400\" height=\"400\" src=\"https:\/\/taskbrowse.com\/de\/wp-content\/uploads\/sites\/7\/2020\/04\/Daily-Planning.png\" alt=\"Einfaches Aufgabenmanagement - Daily Planning\" class=\"wp-image-2052\" srcset=\"https:\/\/taskbrowse.com\/de\/wp-content\/uploads\/sites\/7\/2020\/04\/Daily-Planning.png 400w, https:\/\/taskbrowse.com\/de\/wp-content\/uploads\/sites\/7\/2020\/04\/Daily-Planning-300x300.png 300w, https:\/\/taskbrowse.com\/de\/wp-content\/uploads\/sites\/7\/2020\/04\/Daily-Planning-150x150.png 150w\" sizes=\"auto, (max-width: 400px) 100vw, 400px\" \/><\/figure>\n<\/div>\n\n\n\n<div class=\"wp-block-column is-layout-flow wp-block-column-is-layout-flow\">\n<div class=\"wp-block-columns ghostkit-custom-Z22Fa3K is-layout-flex wp-container-core-columns-is-layout-9d6595d7 wp-block-columns-is-layout-flex\">\n<div class=\"wp-block-column is-layout-flow wp-block-column-is-layout-flow\" style=\"flex-basis:50px\">\n<p class=\"has-text-align-center has-text-color has-link-color has-large-font-size wp-elements-36d631b6e26a71bebd0b12d00ca74d18\" style=\"color:#dfdfdf\"><strong>2<\/strong><\/p>\n<\/div>\n\n\n\n<div class=\"wp-block-column is-layout-flow wp-block-column-is-layout-flow\" style=\"flex-basis:66.66%\">\n<h3 class=\"wp-block-heading\" id=\"define-your-tasks\">T\u00e4gliche Planung<\/h3>\n\n\n\n<p>Bevor die t\u00e4gliche Arbeit beginnt, erstellt jede Organisation oder jedes Teammitglied mit TaskBrowse einen Tagesplan. Sie k\u00f6nnen auch ihre Aufgaben f\u00fcr die n\u00e4chsten Tage planen. Die t\u00e4gliche Planung verbessert die Leistung erheblich \u2013 <strong><a href=\"https:\/\/panel.taskbrowse.com\/Account\/Register?lang=de\">probiere es einfach aus!<\/a><\/strong><\/p>\n<\/div>\n<\/div>\n<\/div>\n\n\n\n<div class=\"wp-block-column is-layout-flow wp-block-column-is-layout-flow\" style=\"flex-basis:100px\"><\/div>\n<\/div>\n\n\n\n<div class=\"wp-block-columns is-layout-flex wp-container-core-columns-is-layout-9d6595d7 wp-block-columns-is-layout-flex\">\n<div class=\"wp-block-column is-layout-flow wp-block-column-is-layout-flow\" style=\"flex-basis:200px\"><\/div>\n\n\n\n<div class=\"wp-block-column is-layout-flow wp-block-column-is-layout-flow\">\n<div class=\"wp-block-columns ghostkit-custom-TkHz0 is-layout-flex wp-container-core-columns-is-layout-9d6595d7 wp-block-columns-is-layout-flex\">\n<div class=\"wp-block-column is-layout-flow wp-block-column-is-layout-flow\" style=\"flex-basis:50px\">\n<p class=\"has-text-align-center has-text-color has-link-color has-large-font-size wp-elements-ac414ae06bcede28160539476238425a\" style=\"color:#dfdfdf\"><strong>3<\/strong><\/p>\n<\/div>\n\n\n\n<div class=\"wp-block-column is-layout-flow wp-block-column-is-layout-flow\" style=\"flex-basis:66.66%\">\n<h3 class=\"wp-block-heading\" id=\"define-your-tasks\">Arbeitszeitblatt<\/h3>\n\n\n\n<p class=\"ghostkit-custom-25AJHV\">Jede Mitarbeiterin und jeder Mitarbeiter f\u00fcllt am Ende des Arbeitstages \u2013 oder sogar w\u00e4hrenddessen \u2013 das eigene Arbeitszeitblatt aus. Dabei k\u00f6nnen sowohl geplante als auch ungeplante Aufgaben verwendet werden.<\/p>\n<\/div>\n<\/div>\n<\/div>\n\n\n\n<div class=\"wp-block-column ghostkit-d-md-none ghostkit-d-sm-none is-layout-flow wp-block-column-is-layout-flow\">\n<figure class=\"wp-block-image size-full ghostkit-custom-ZEILqR\"><img loading=\"lazy\" decoding=\"async\" width=\"401\" height=\"343\" src=\"https:\/\/taskbrowse.com\/de\/wp-content\/uploads\/sites\/7\/2020\/04\/timesheet.png\" alt=\"Einfaches Aufgabenmanagement - Timesheet\" class=\"wp-image-2059\" srcset=\"https:\/\/taskbrowse.com\/de\/wp-content\/uploads\/sites\/7\/2020\/04\/timesheet.png 401w, https:\/\/taskbrowse.com\/de\/wp-content\/uploads\/sites\/7\/2020\/04\/timesheet-300x257.png 300w\" sizes=\"auto, (max-width: 401px) 100vw, 401px\" \/><\/figure>\n<\/div>\n\n\n\n<div class=\"wp-block-column is-layout-flow wp-block-column-is-layout-flow\" style=\"flex-basis:100px\"><\/div>\n<\/div>\n\n\n\n<div class=\"wp-block-columns is-layout-flex wp-container-core-columns-is-layout-9d6595d7 wp-block-columns-is-layout-flex\">\n<div class=\"wp-block-column is-layout-flow wp-block-column-is-layout-flow\" style=\"flex-basis:200px\"><\/div>\n\n\n\n<div class=\"wp-block-column is-layout-flow wp-block-column-is-layout-flow\">\n<figure class=\"wp-block-image size-full ghostkit-custom-XrFij\"><img loading=\"lazy\" decoding=\"async\" width=\"400\" height=\"400\" src=\"https:\/\/taskbrowse.com\/de\/wp-content\/uploads\/sites\/7\/2023\/06\/taskbrowse-charts-and-graphs.png\" alt=\"TaskBrowse-Analysen - Einfaches Aufgabenmanagement\" class=\"wp-image-4365\" srcset=\"https:\/\/taskbrowse.com\/de\/wp-content\/uploads\/sites\/7\/2023\/06\/taskbrowse-charts-and-graphs.png 400w, https:\/\/taskbrowse.com\/de\/wp-content\/uploads\/sites\/7\/2023\/06\/taskbrowse-charts-and-graphs-300x300.png 300w, https:\/\/taskbrowse.com\/de\/wp-content\/uploads\/sites\/7\/2023\/06\/taskbrowse-charts-and-graphs-150x150.png 150w\" sizes=\"auto, (max-width: 400px) 100vw, 400px\" \/><\/figure>\n<\/div>\n\n\n\n<div class=\"wp-block-column is-layout-flow wp-block-column-is-layout-flow\">\n<div class=\"wp-block-columns ghostkit-custom-1nmzdt is-layout-flex wp-container-core-columns-is-layout-9d6595d7 wp-block-columns-is-layout-flex\">\n<div class=\"wp-block-column is-layout-flow wp-block-column-is-layout-flow\" style=\"flex-basis:50px\">\n<p class=\"has-text-align-center has-text-color has-link-color has-large-font-size wp-elements-ebb3c6811f3ffe55a544c021a592e7b4\" style=\"color:#dfdfdf\"><strong>4<\/strong><\/p>\n<\/div>\n\n\n\n<div class=\"wp-block-column is-layout-flow wp-block-column-is-layout-flow\" style=\"flex-basis:66.66%\">\n<h3 class=\"wp-block-heading\" id=\"define-your-tasks\">TaskBrowse-Analysen<\/h3>\n\n\n\n<p>TaskBrowse hilft dir, bessere Einblicke in deine Organisation zu gewinnen. Als Manager oder Teammitglied kannst du eine Vielzahl von Diagrammen und Berichten zur Projekt- und Mitarbeiterleistung erstellen und dein Team auf Basis pr\u00e4ziser Kennzahlen steuern. Du kannst au\u00dferdem auf umfassende, vorgefertigte Berichte zur\u00fcckgreifen.<\/p>\n<\/div>\n<\/div>\n<\/div>\n\n\n\n<div class=\"wp-block-column is-layout-flow wp-block-column-is-layout-flow\" style=\"flex-basis:100px\"><\/div>\n<\/div>\n<\/div>\n<\/div>\n\n\n\n<p><\/p>\n","protected":false},"excerpt":{"rendered":"<p>Einfaches Aufgabenmanagement Investiere wenig Zeit und erziele gro\u00dfen Nutzen 1 Definiere deine Aufgaben Jede Organisation hat Abl\u00e4ufe und Aufgaben. Definiere sie einfach in TaskBrowse. Weise sie deinen Kollegen zu, und du kannst Projekte f\u00fcr deine Aufgaben festlegen. 2 T\u00e4gliche Planung Bevor die t\u00e4gliche Arbeit beginnt, erstellt jede Organisation oder jedes Teammitglied mit TaskBrowse einen Tagesplan.&hellip;&nbsp;<\/p>\n","protected":false},"author":4,"featured_media":5884,"parent":0,"menu_order":0,"comment_status":"closed","ping_status":"closed","template":"","meta":{"ghostkit_customizer_options":"","ghostkit_custom_css":"","ghostkit_custom_js_head":"","ghostkit_custom_js_foot":"","ghostkit_typography":"","neve_meta_sidebar":"","neve_meta_container":"","neve_meta_enable_content_width":"","neve_meta_content_width":0,"neve_meta_title_alignment":"","neve_meta_author_avatar":"","neve_post_elements_order":"","neve_meta_disable_header":"","neve_meta_disable_footer":"","neve_meta_disable_title":"on","_themeisle_gutenberg_block_has_review":false,"footnotes":""},"class_list":["post-6804","page","type-page","status-publish","has-post-thumbnail","hentry"],"_links":{"self":[{"href":"https:\/\/taskbrowse.com\/de\/wp-json\/wp\/v2\/pages\/6804","targetHints":{"allow":["GET"]}}],"collection":[{"href":"https:\/\/taskbrowse.com\/de\/wp-json\/wp\/v2\/pages"}],"about":[{"href":"https:\/\/taskbrowse.com\/de\/wp-json\/wp\/v2\/types\/page"}],"author":[{"embeddable":true,"href":"https:\/\/taskbrowse.com\/de\/wp-json\/wp\/v2\/users\/4"}],"replies":[{"embeddable":true,"href":"https:\/\/taskbrowse.com\/de\/wp-json\/wp\/v2\/comments?post=6804"}],"version-history":[{"count":15,"href":"https:\/\/taskbrowse.com\/de\/wp-json\/wp\/v2\/pages\/6804\/revisions"}],"predecessor-version":[{"id":6831,"href":"https:\/\/taskbrowse.com\/de\/wp-json\/wp\/v2\/pages\/6804\/revisions\/6831"}],"wp:featuredmedia":[{"embeddable":true,"href":"https:\/\/taskbrowse.com\/de\/wp-json\/wp\/v2\/media\/5884"}],"wp:attachment":[{"href":"https:\/\/taskbrowse.com\/de\/wp-json\/wp\/v2\/media?parent=6804"}],"curies":[{"name":"wp","href":"https:\/\/api.w.org\/{rel}","templated":true}]}}