{"id":6832,"date":"2025-06-29T11:48:52","date_gmt":"2025-06-29T10:48:52","guid":{"rendered":"https:\/\/taskbrowse.com\/de\/?page_id=6832"},"modified":"2025-07-13T08:27:50","modified_gmt":"2025-07-13T07:27:50","slug":"einfache-zeiterfassung","status":"publish","type":"page","link":"https:\/\/taskbrowse.com\/de\/einfache-zeiterfassung\/","title":{"rendered":"Einfache Zeiterfassung"},"content":{"rendered":"\n<h2 class=\"wp-block-heading has-text-align-center ghostkit-custom-1nWf3W\" style=\"font-size:30px\">Einfache Zeiterfassung<\/h2>\n\n\n\n<p class=\"has-text-align-center\" style=\"font-size:20px\"><strong>Einfache Zeiterfassung f\u00fcr deine Projekte und dein Unternehmen<\/strong><\/p>\n\n\n\n<p>Zeit ist eine deiner wertvollsten Ressourcen \u2013 und sie zu erfassen ist der erste Schritt, um sie sinnvoll zu nutzen. Mit den leistungsstarken und dennoch benutzerfreundlichen Online-Zeiterfassungsfunktionen von <strong>TaskBrowse <\/strong>war Zeitmanagement noch nie so einfach.<\/p>\n\n\n\n<p>Wie der Management-Experte Peter Drucker sagte: <strong>\u201eWas man nicht messen kann, kann man nicht lenken.\u201c<\/strong> Ohne Messung ist es unm\u00f6glich, die eigene Produktivit\u00e4t wirklich zu verstehen oder gezielte Verbesserungen vorzunehmen.<\/p>\n\n\n\n<p>TaskBrowse hilft dir, deine Zeit m\u00fchelos zu erfassen und zeigt dir klar, wof\u00fcr sie aufgewendet wird \u2013 sei es f\u00fcr pers\u00f6nliche Produktivit\u00e4t, Teamleistung oder Projektkontrolle. <strong>Fang an, das zu messen, was z\u00e4hlt \u2013 und \u00fcbernimm die Kontrolle \u00fcber deine Zeit mit TaskBrowse.<\/strong><\/p>\n\n\n\n<div style=\"height:100px\" aria-hidden=\"true\" class=\"wp-block-spacer\"><\/div>\n\n\n\n<div class=\"wp-block-columns alignfull is-layout-flex wp-container-core-columns-is-layout-9d6595d7 wp-block-columns-is-layout-flex\">\n<div class=\"wp-block-column is-layout-flow wp-block-column-is-layout-flow\">\n<div class=\"wp-block-columns is-layout-flex wp-container-core-columns-is-layout-9d6595d7 wp-block-columns-is-layout-flex\">\n<div class=\"wp-block-column is-layout-flow wp-block-column-is-layout-flow\" style=\"flex-basis:50px\"><\/div>\n\n\n\n<div class=\"wp-block-column is-layout-flow wp-block-column-is-layout-flow\">\n<h2 class=\"wp-block-heading\">Zeiterfassung &amp; TaskBrowse<\/h2>\n\n\n\n<p>TaskBrowse macht die Zeiterfassung einfach, genau und nahtlos in deinen Arbeitsablauf integriert. <strong>So funktioniert die unkomplizierte Zeiterfassung mit TaskBrowse:<\/strong><\/p>\n\n\n\n<ul class=\"wp-block-list ghostkit-custom-8El8o\">\n<li><strong>Aufgaben <\/strong>klar und einfach <strong>definieren<\/strong>.<\/li>\n\n\n\n<li><strong>Startzeiten <\/strong>und <strong>F\u00e4lligkeitsdaten <\/strong>festlegen, um alles im Zeitplan zu halten.<\/li>\n\n\n\n<li><strong>Aufgaben Benutzern zuweisen,<\/strong> damit jeder seine Verantwortlichkeiten kennt.<\/li>\n\n\n\n<li>Das intelligente <a href=\"https:\/\/taskbrowse.com\/knowledge-base-2\/create-timesheet\/\"><strong>Arbeitszeitblatt-System<\/strong><\/a> nutzen, in dem Aufgaben automatisch ab ihrem Startdatum erscheinen, damit nichts vergessen wird.<\/li>\n\n\n\n<li>Die Zeit <strong>manuell <\/strong>erfassen oder den integrierten <strong>Timer <\/strong>verwenden \u2013 ganz nach Wunsch.<\/li>\n<\/ul>\n\n\n\n<p>\u00dcbernimm die Kontrolle \u00fcber deine Zeit und steigere die Produktivit\u00e4t deines Teams mit TaskBrowse.<\/p>\n\n\n\n<p><br><\/p>\n<\/div>\n\n\n\n<div class=\"wp-block-column is-layout-flow wp-block-column-is-layout-flow\"><div class=\"wp-block-image ghostkit-custom-ZFPH9t\">\n<figure class=\"aligncenter size-full\"><img loading=\"lazy\" decoding=\"async\" width=\"433\" height=\"433\" src=\"https:\/\/taskbrowse.com\/de\/wp-content\/uploads\/sites\/7\/2023\/06\/taskbrowse1.jpg\" alt=\"Einfache Zeiterfassung\" class=\"wp-image-4297\" srcset=\"https:\/\/taskbrowse.com\/de\/wp-content\/uploads\/sites\/7\/2023\/06\/taskbrowse1.jpg 433w, https:\/\/taskbrowse.com\/de\/wp-content\/uploads\/sites\/7\/2023\/06\/taskbrowse1-300x300.jpg 300w, https:\/\/taskbrowse.com\/de\/wp-content\/uploads\/sites\/7\/2023\/06\/taskbrowse1-150x150.jpg 150w\" sizes=\"auto, (max-width: 433px) 100vw, 433px\" \/><\/figure>\n<\/div><\/div>\n\n\n\n<div class=\"wp-block-column is-layout-flow wp-block-column-is-layout-flow\" style=\"flex-basis:50px\"><\/div>\n<\/div>\n\n\n\n<div class=\"wp-block-columns is-layout-flex wp-container-core-columns-is-layout-9d6595d7 wp-block-columns-is-layout-flex\">\n<div class=\"wp-block-column is-layout-flow wp-block-column-is-layout-flow\" style=\"flex-basis:50px\"><\/div>\n\n\n\n<div class=\"wp-block-column is-layout-flow wp-block-column-is-layout-flow\"><div class=\"wp-block-image\">\n<figure class=\"aligncenter size-full\"><img loading=\"lazy\" decoding=\"async\" width=\"1200\" height=\"929\" src=\"https:\/\/taskbrowse.com\/de\/wp-content\/uploads\/sites\/7\/2025\/06\/timesheetreviewTBde-1.jpg\" alt=\"Einfache Zeiterfassung - \u00dcberpr\u00fcfung und Freigabe von Zeiterfassungsb\u00f6gen f\u00fcr Manager\" class=\"wp-image-6835\" srcset=\"https:\/\/taskbrowse.com\/de\/wp-content\/uploads\/sites\/7\/2025\/06\/timesheetreviewTBde-1.jpg 1200w, https:\/\/taskbrowse.com\/de\/wp-content\/uploads\/sites\/7\/2025\/06\/timesheetreviewTBde-1-300x232.jpg 300w, https:\/\/taskbrowse.com\/de\/wp-content\/uploads\/sites\/7\/2025\/06\/timesheetreviewTBde-1-1024x793.jpg 1024w, https:\/\/taskbrowse.com\/de\/wp-content\/uploads\/sites\/7\/2025\/06\/timesheetreviewTBde-1-768x595.jpg 768w\" sizes=\"auto, (max-width: 1200px) 100vw, 1200px\" \/><\/figure>\n<\/div><\/div>\n\n\n\n<div class=\"wp-block-column is-layout-flow wp-block-column-is-layout-flow\">\n<h2 class=\"wp-block-heading\">\u00dcberpr\u00fcfung und Freigabe von Zeiterfassungsb\u00f6gen f\u00fcr Manager<\/h2>\n\n\n\n<p>In TaskBrowse kannst du jedem Nutzer einen bestimmten Manager zuweisen, um einen reibungslosen und kontrollierten Zeiterfassungsprozess zu gew\u00e4hrleisten. Sobald Nutzer ihre Arbeitszeiten im Stundenzettel erfassen \u2013 entweder manuell oder mit dem integrierten Timer \u2013 werden die Eintr\u00e4ge automatisch an den zust\u00e4ndigen Manager zur Pr\u00fcfung \u00fcbermittelt.<\/p>\n\n\n\n<p><strong>Manager k\u00f6nnen die eingereichten Stundenzettel bequem einsehen, die Details \u00fcberpr\u00fcfen und eine von drei Aktionen durchf\u00fchren:<\/strong><\/p>\n\n\n\n<ul class=\"wp-block-list\">\n<li>Den <strong>Stundenzettel genehmigen<\/strong>, wenn alles korrekt ist.<\/li>\n\n\n\n<li>Den <strong>Stundenzettel ablehnen<\/strong>, falls er ung\u00fcltig oder unn\u00f6tig ist.<\/li>\n\n\n\n<li>Den <strong>Stundenzettel zur Korrektur zur\u00fcckgeben<\/strong>, wenn Fehler, fehlende Stunden oder unklare Angaben vorliegen.<\/li>\n<\/ul>\n\n\n\n<p>Dieser strukturierte Freigabeprozess sorgt f\u00fcr <strong>Verantwortlichkeit, Genauigkeit und Transparenz<\/strong> in der Zeiterfassung des Teams. Zudem unterst\u00fctzt er Manager dabei, die Produktivit\u00e4t zu \u00fcberwachen, Arbeitslasten besser zu steuern und fundierte Entscheidungen auf Basis von Echtzeitdaten zu treffen.<\/p>\n\n\n\n<p><\/p>\n\n\n\n<p><br><\/p>\n<\/div>\n\n\n\n<div class=\"wp-block-column is-layout-flow wp-block-column-is-layout-flow\" style=\"flex-basis:50px\"><\/div>\n<\/div>\n\n\n\n<div class=\"wp-block-columns is-layout-flex wp-container-core-columns-is-layout-9d6595d7 wp-block-columns-is-layout-flex\">\n<div class=\"wp-block-column is-layout-flow wp-block-column-is-layout-flow\" style=\"flex-basis:50px\"><\/div>\n\n\n\n<div class=\"wp-block-column is-layout-flow wp-block-column-is-layout-flow\">\n<h2 class=\"wp-block-heading is-style-default\">Aufschlussreiche Berichte f\u00fcr intelligenteres Zeitmanagement<\/h2>\n\n\n\n<p>TaskBrowse geht \u00fcber einfache Zeiterfassung hinaus \u2013 es verwandelt erfasste Stundenzettel in aussagekr\u00e4ftige Einblicke durch vielf\u00e4ltige Berichte. Sobald Nutzer ihre Stunden erfassen, erstellt TaskBrowse automatisch detaillierte Leistungs- und Zeitmanagementberichte, die im Bereich \u201e<strong>Berichte<\/strong>\u201c oder im <strong>Management-Dashboard<\/strong> zug\u00e4nglich sind.<\/p>\n\n\n\n<p>Diese Berichte helfen sowohl Nutzern als auch Managern, ein tieferes Verst\u00e4ndnis daf\u00fcr zu gewinnen, wie die Zeit auf verschiedene Aufgaben und Projekte verteilt wird:<\/p>\n\n\n\n<ul class=\"wp-block-list\">\n<li><strong>F\u00fcr Manager<\/strong>: TaskBrowse bietet umfassende Berichte zur Teamleistung. Du kannst die erfassten Stunden jedes Teammitglieds, den Status der Aufgabenerledigung, die Arbeitslastverteilung und den Gesamtbeitrag zum Projekt \u00fcberwachen. Diese Einblicke unterst\u00fctzen eine effektivere Delegation, faire Leistungsbewertungen und eine vorausschauende Auslastungssteuerung.<\/li>\n\n\n\n<li><strong>F\u00fcr einzelne Nutzer<\/strong>: Auch wenn du kein Manager bist, kannst du deine pers\u00f6nliche Zeitnutzung einsehen und erkennen, wohin deine Stunden flie\u00dfen. So entdeckst du Zeitfresser, priorisierst besser und verbesserst deine Konzentration.<\/li>\n<\/ul>\n\n\n\n<p>Mit TaskBrowse wird aus Daten ein m\u00e4chtiges Werkzeug f\u00fcr kontinuierliche Verbesserung und intelligenteres Zeitmanagement. \u2192 <strong>Einfache Zeiterfassung<\/strong><\/p>\n\n\n\n<p><\/p>\n\n\n\n<p><\/p>\n\n\n\n<p><br><\/p>\n<\/div>\n\n\n\n<div class=\"wp-block-column is-vertically-aligned-top is-layout-flow wp-block-column-is-layout-flow\"><div class=\"wp-block-image ghostkit-custom-ZYU0d4\">\n<figure class=\"aligncenter size-full is-resized\"><img loading=\"lazy\" decoding=\"async\" width=\"733\" height=\"733\" src=\"https:\/\/taskbrowse.com\/de\/wp-content\/uploads\/sites\/7\/2025\/06\/taskbrowse-2.jpg\" alt=\"Einfache Zeiterfassung - Aufschlussreiche Berichte f\u00fcr intelligenteres Zeitmanagement\" class=\"wp-image-6839\" style=\"width:433px\" srcset=\"https:\/\/taskbrowse.com\/de\/wp-content\/uploads\/sites\/7\/2025\/06\/taskbrowse-2.jpg 733w, https:\/\/taskbrowse.com\/de\/wp-content\/uploads\/sites\/7\/2025\/06\/taskbrowse-2-300x300.jpg 300w, https:\/\/taskbrowse.com\/de\/wp-content\/uploads\/sites\/7\/2025\/06\/taskbrowse-2-150x150.jpg 150w\" sizes=\"auto, (max-width: 733px) 100vw, 733px\" \/><\/figure>\n<\/div><\/div>\n\n\n\n<div class=\"wp-block-column is-layout-flow wp-block-column-is-layout-flow\" style=\"flex-basis:50px\"><\/div>\n<\/div>\n\n\n\n<div class=\"wp-block-columns is-layout-flex wp-container-core-columns-is-layout-9d6595d7 wp-block-columns-is-layout-flex\">\n<div class=\"wp-block-column is-layout-flow wp-block-column-is-layout-flow\" style=\"flex-basis:50px\"><\/div>\n\n\n\n<div class=\"wp-block-column is-layout-flow wp-block-column-is-layout-flow\"><div class=\"wp-block-image\">\n<figure class=\"aligncenter size-full\"><img loading=\"lazy\" decoding=\"async\" width=\"1201\" height=\"669\" src=\"https:\/\/taskbrowse.com\/de\/wp-content\/uploads\/sites\/7\/2025\/06\/atendancereportTBde.jpg\" alt=\"Einfache Zeiterfassung - Vergleiche Anwesenheit mit tats\u00e4chlicher Arbeitszeit zur Produktivit\u00e4tssteigerung\" class=\"wp-image-6846\" srcset=\"https:\/\/taskbrowse.com\/de\/wp-content\/uploads\/sites\/7\/2025\/06\/atendancereportTBde.jpg 1201w, https:\/\/taskbrowse.com\/de\/wp-content\/uploads\/sites\/7\/2025\/06\/atendancereportTBde-300x167.jpg 300w, https:\/\/taskbrowse.com\/de\/wp-content\/uploads\/sites\/7\/2025\/06\/atendancereportTBde-1024x570.jpg 1024w, https:\/\/taskbrowse.com\/de\/wp-content\/uploads\/sites\/7\/2025\/06\/atendancereportTBde-768x428.jpg 768w\" sizes=\"auto, (max-width: 1201px) 100vw, 1201px\" \/><\/figure>\n<\/div><\/div>\n\n\n\n<div class=\"wp-block-column is-layout-flow wp-block-column-is-layout-flow\">\n<h2 class=\"wp-block-heading\">Vergleiche Anwesenheit mit tats\u00e4chlicher Arbeitszeit zur Produktivit\u00e4tssteigerung<\/h2>\n\n\n\n<p>TaskBrowse erfasst nicht nur die Zeit \u2013 es hilft dir dabei zu verstehen, wie effektiv diese Zeit genutzt wird. <strong>Logbucheintrag\/Ausgang <\/strong>k\u00f6nnen Mitarbeitende ihre Ankunfts- und Abgangszeiten \u00fcber freigegebene IP-Adressen oder best\u00e4tigte Standorte erfassen. So berechnet TaskBrowse die genaue Anwesenheitsdauer jeder einzelnen Person.<\/p>\n\n\n\n<p>Was <strong>TaskBrowse <\/strong>jedoch wirklich auszeichnet, ist die F\u00e4higkeit, die <strong>Anwesenheitszeit <\/strong>mit der tats\u00e4chlich im Stundenzettel erfassten Arbeitszeit zu vergleichen. Dieser Vergleich liefert wertvolle Einblicke, wie viel der Anwesenheitszeit im Unternehmen tats\u00e4chlich produktiv genutzt wird.<\/p>\n\n\n\n<p><\/p>\n\n\n\n<p><br><\/p>\n<\/div>\n\n\n\n<div class=\"wp-block-column is-layout-flow wp-block-column-is-layout-flow\" style=\"flex-basis:50px\"><\/div>\n<\/div>\n\n\n\n<div style=\"height:50px\" aria-hidden=\"true\" class=\"wp-block-spacer\"><\/div>\n\n\n\n<p class=\"has-text-align-center\" style=\"font-size:25px\"><strong>Probiere einfache Zeiterfassung aus\u25bc<\/strong><\/p>\n\n\n\n<div style=\"height:50px\" aria-hidden=\"true\" class=\"wp-block-spacer\"><\/div>\n\n\n\n<div class=\"wp-block-buttons alignwide is-content-justification-center is-layout-flex wp-container-core-buttons-is-layout-16018d1d wp-block-buttons-is-layout-flex\">\n<div class=\"wp-block-button\"><a class=\"wp-block-button__link has-neve-text-color-color has-text-color has-background has-link-color wp-element-button\" href=\"https:\/\/panel.taskbrowse.com\/Account\/Register?lang=de\" style=\"background-color:#fcaf3b\"><strong>3 Wochen kostenlos<\/strong><\/a><\/div>\n<\/div>\n\n\n\n<div style=\"height:100px\" aria-hidden=\"true\" class=\"wp-block-spacer\"><\/div>\n\n\n\n<p><\/p>\n<\/div>\n<\/div>\n\n\n\n<p><\/p>\n\n\n\n<p><\/p>\n\n\n\n<p><\/p>\n","protected":false},"excerpt":{"rendered":"<p>Einfache Zeiterfassung Einfache Zeiterfassung f\u00fcr deine Projekte und dein Unternehmen Zeit ist eine deiner wertvollsten Ressourcen \u2013 und sie zu erfassen ist der erste Schritt, um sie sinnvoll zu nutzen. Mit den leistungsstarken und dennoch benutzerfreundlichen Online-Zeiterfassungsfunktionen von TaskBrowse war Zeitmanagement noch nie so einfach. Wie der Management-Experte Peter Drucker sagte: \u201eWas man nicht messen&hellip;&nbsp;<\/p>\n","protected":false},"author":4,"featured_media":6835,"parent":0,"menu_order":0,"comment_status":"closed","ping_status":"closed","template":"","meta":{"ghostkit_customizer_options":"","ghostkit_custom_css":"","ghostkit_custom_js_head":"","ghostkit_custom_js_foot":"","ghostkit_typography":"","neve_meta_sidebar":"","neve_meta_container":"","neve_meta_enable_content_width":"","neve_meta_content_width":0,"neve_meta_title_alignment":"","neve_meta_author_avatar":"","neve_post_elements_order":"","neve_meta_disable_header":"","neve_meta_disable_footer":"","neve_meta_disable_title":"on","_themeisle_gutenberg_block_has_review":false,"footnotes":""},"class_list":["post-6832","page","type-page","status-publish","has-post-thumbnail","hentry"],"_links":{"self":[{"href":"https:\/\/taskbrowse.com\/de\/wp-json\/wp\/v2\/pages\/6832","targetHints":{"allow":["GET"]}}],"collection":[{"href":"https:\/\/taskbrowse.com\/de\/wp-json\/wp\/v2\/pages"}],"about":[{"href":"https:\/\/taskbrowse.com\/de\/wp-json\/wp\/v2\/types\/page"}],"author":[{"embeddable":true,"href":"https:\/\/taskbrowse.com\/de\/wp-json\/wp\/v2\/users\/4"}],"replies":[{"embeddable":true,"href":"https:\/\/taskbrowse.com\/de\/wp-json\/wp\/v2\/comments?post=6832"}],"version-history":[{"count":30,"href":"https:\/\/taskbrowse.com\/de\/wp-json\/wp\/v2\/pages\/6832\/revisions"}],"predecessor-version":[{"id":6879,"href":"https:\/\/taskbrowse.com\/de\/wp-json\/wp\/v2\/pages\/6832\/revisions\/6879"}],"wp:featuredmedia":[{"embeddable":true,"href":"https:\/\/taskbrowse.com\/de\/wp-json\/wp\/v2\/media\/6835"}],"wp:attachment":[{"href":"https:\/\/taskbrowse.com\/de\/wp-json\/wp\/v2\/media?parent=6832"}],"curies":[{"name":"wp","href":"https:\/\/api.w.org\/{rel}","templated":true}]}}