{"id":6880,"date":"2025-06-30T08:29:02","date_gmt":"2025-06-30T07:29:02","guid":{"rendered":"https:\/\/taskbrowse.com\/de\/?page_id=6880"},"modified":"2025-07-13T08:29:54","modified_gmt":"2025-07-13T07:29:54","slug":"effiziente-planung","status":"publish","type":"page","link":"https:\/\/taskbrowse.com\/de\/effiziente-planung\/","title":{"rendered":"Effiziente Planung"},"content":{"rendered":"\n<h2 class=\"wp-block-heading has-text-align-center ghostkit-custom-Z2rGKgT\" style=\"font-size:30px\">Effiziente Planung<\/h2>\n\n\n\n<p class=\"has-text-align-center\" style=\"font-size:18px\">Jeder wei\u00df, dass Planung wichtig ist \u2013 aber mit TaskBrowse wird sie mehr als nur ein guter Vorsatz. <strong>TaskBrowse <\/strong>macht <strong>effiziente Planung <\/strong>zu einem einfachen, strukturierten und sogar angenehmen Teil deines Alltags. Indem es dir hilft, Aufgaben zu priorisieren, Zeit sinnvoll einzuteilen und fokussiert zu bleiben, erm\u00f6glicht dir <strong>TaskBrowse<\/strong>, smarter zu planen, besser zu arbeiten und t\u00e4glich mehr zu erreichen.<\/p>\n\n\n\n<div style=\"height:100px\" aria-hidden=\"true\" class=\"wp-block-spacer\"><\/div>\n\n\n\n<div class=\"wp-block-columns alignfull is-layout-flex wp-container-core-columns-is-layout-9d6595d7 wp-block-columns-is-layout-flex\">\n<div class=\"wp-block-column is-layout-flow wp-block-column-is-layout-flow\" style=\"flex-basis:50px\"><\/div>\n\n\n\n<div class=\"wp-block-column is-layout-flow wp-block-column-is-layout-flow\">\n<h2 class=\"wp-block-heading\" style=\"font-size:25px\">Effiziente Planung leicht gemacht mit TaskBrowse<\/h2>\n\n\n\n<p>Mit TaskBrowse ist Planung keine einmalige Aufgabe, sondern ein fortlaufender, flexibler Prozess, der sich an den Arbeitsablauf deines Teams anpasst.<\/p>\n\n\n\n<p>Zu Beginn definierst du einfach deine <strong>Aufgaben <\/strong>und legst <strong>Start<\/strong>&#8211; und <strong>Enddaten <\/strong>im System fest. Sobald die Aufgaben erstellt sind, gehst du \u00fcber das Hauptmen\u00fc in den Bereich \u201e<strong>Tagesplan<\/strong>\u201c. Diese spezielle Planungsansicht zeigt alle Aufgaben, deren Startdatum erreicht wurde und die sich noch in Bearbeitung befinden \u2013 so bleibst du t\u00e4glich auf das Wesentliche fokussiert.<\/p>\n\n\n\n<p>Im Tagesplan kannst du:<\/p>\n\n\n\n<ul class=\"wp-block-list\">\n<li><strong>Zeitbl\u00f6cke <\/strong>hinzuf\u00fcgen, um festzulegen, wann du an welcher Aufgabe arbeitest.<\/li>\n\n\n\n<li><strong>Kommentare <\/strong>oder Notizen zur Orientierung oder als Erinnerung erg\u00e4nzen.<\/li>\n\n\n\n<li>Deinen Tagesplan ganz einfach an ver\u00e4nderte Priorit\u00e4ten anpassen.<\/li>\n<\/ul>\n\n\n\n<p>TaskBrowse unterst\u00fctzt <strong>effiziente Planung<\/strong> auch \u00fcber verschiedene Einstiegsbereiche der Plattform hinweg. Du kannst deinen Zeitplan organisieren und anpassen \u00fcber:<\/p>\n\n\n\n<ul class=\"wp-block-list\">\n<li>das <strong>Aufgabenboard <\/strong>(f\u00fcr visuelle Planung im Kanban-Stil),<\/li>\n\n\n\n<li>den <strong>Kalender <\/strong>(um Aufgaben zeitlich zu \u00fcberblicken), und<\/li>\n\n\n\n<li>die \u201e<strong>Meine Aufgaben<\/strong>\u201c-Tabelle (f\u00fcr einen fokussierten \u00dcberblick deiner To-Dos).<\/li>\n<\/ul>\n\n\n\n<p>Mit flexiblen Tools und transparenter Aufgaben\u00fcbersicht gibt dir TaskBrowse die M\u00f6glichkeit, realistische Pl\u00e4ne zu erstellen, schnell zu reagieren und deine Projekte mit Klarheit und Selbstvertrauen voranzubringen.<\/p>\n<\/div>\n\n\n\n<div class=\"wp-block-column is-layout-flow wp-block-column-is-layout-flow\">\n<div style=\"height:100px\" aria-hidden=\"true\" class=\"wp-block-spacer\"><\/div>\n\n\n<div class=\"wp-block-image\">\n<figure class=\"aligncenter size-full\"><img loading=\"lazy\" decoding=\"async\" width=\"433\" height=\"433\" src=\"https:\/\/taskbrowse.com\/de\/wp-content\/uploads\/sites\/7\/2023\/05\/taskbrowse3.jpg\" alt=\"Effiziente Planung - Effiziente Planung leicht gemacht mit TaskBrowse\" class=\"wp-image-4228\" srcset=\"https:\/\/taskbrowse.com\/de\/wp-content\/uploads\/sites\/7\/2023\/05\/taskbrowse3.jpg 433w, https:\/\/taskbrowse.com\/de\/wp-content\/uploads\/sites\/7\/2023\/05\/taskbrowse3-300x300.jpg 300w, https:\/\/taskbrowse.com\/de\/wp-content\/uploads\/sites\/7\/2023\/05\/taskbrowse3-150x150.jpg 150w\" sizes=\"auto, (max-width: 433px) 100vw, 433px\" \/><\/figure>\n<\/div><\/div>\n\n\n\n<div class=\"wp-block-column is-layout-flow wp-block-column-is-layout-flow\" style=\"flex-basis:50px\"><\/div>\n<\/div>\n\n\n\n<div style=\"height:100px\" aria-hidden=\"true\" class=\"wp-block-spacer\"><\/div>\n\n\n\n<div class=\"wp-block-columns alignfull is-layout-flex wp-container-core-columns-is-layout-9d6595d7 wp-block-columns-is-layout-flex\">\n<div class=\"wp-block-column is-layout-flow wp-block-column-is-layout-flow\" style=\"flex-basis:50px\"><\/div>\n\n\n\n<div class=\"wp-block-column is-layout-flow wp-block-column-is-layout-flow\">\n<div style=\"height:60px\" aria-hidden=\"true\" class=\"wp-block-spacer\"><\/div>\n\n\n<div class=\"wp-block-image\">\n<figure class=\"aligncenter size-full\"><img loading=\"lazy\" decoding=\"async\" width=\"1178\" height=\"676\" src=\"https:\/\/taskbrowse.com\/de\/wp-content\/uploads\/sites\/7\/2025\/06\/calendarTBde.jpg\" alt=\"Effiziente Planung - Plane und verwalte deinen Zeitplan im Kalender\" class=\"wp-image-6887\" srcset=\"https:\/\/taskbrowse.com\/de\/wp-content\/uploads\/sites\/7\/2025\/06\/calendarTBde.jpg 1178w, https:\/\/taskbrowse.com\/de\/wp-content\/uploads\/sites\/7\/2025\/06\/calendarTBde-300x172.jpg 300w, https:\/\/taskbrowse.com\/de\/wp-content\/uploads\/sites\/7\/2025\/06\/calendarTBde-1024x588.jpg 1024w, https:\/\/taskbrowse.com\/de\/wp-content\/uploads\/sites\/7\/2025\/06\/calendarTBde-768x441.jpg 768w\" sizes=\"auto, (max-width: 1178px) 100vw, 1178px\" \/><\/figure>\n<\/div><\/div>\n\n\n\n<div class=\"wp-block-column is-layout-flow wp-block-column-is-layout-flow\">\n<h2 class=\"wp-block-heading\" style=\"font-size:25px\">Plane und verwalte deinen Zeitplan im Kalender<\/h2>\n\n\n\n<p>Der Kalender von TaskBrowse bietet dir eine klare, visuelle \u00dcbersicht \u00fcber deine Aufgaben und Planungen. Er zeigt die <strong>Start<\/strong>&#8211; und <strong>Enddaten <\/strong>aller dir zugewiesenen Aufgaben sowie ihren <strong>Planungsstatus <\/strong>an \u2013 so erkennst du auf einen Blick, was in den kommenden Tagen ansteht.<\/p>\n\n\n\n<p>Wenn du im Bereich \u201e<strong>Tagesplan<\/strong>\u201c bereits konkrete Zeitfenster f\u00fcr Aufgaben eingeplant hast, werden auch diese Details in der Kalenderansicht dargestellt. So erh\u00e4ltst du eine geb\u00fcndelte \u00dcbersicht dar\u00fcber, wie dein Tag strukturiert ist.<\/p>\n\n\n\n<p>Du kannst Aufgaben direkt im <strong>Kalender <\/strong>einplanen, Termine f\u00fcr verschiedene Tage anpassen und mit nur wenigen Klicks den \u00dcberblick \u00fcber deine Priorit\u00e4ten behalten.<\/p>\n\n\n\n<p>F\u00fcr noch mehr Komfort l\u00e4sst sich <strong>TaskBrowse <\/strong>mit <strong>Google Kalender integrieren<\/strong>. So erh\u00e4ltst du rechtzeitig Erinnerungen und Benachrichtigungen zu geplanten Aufgaben \u2013 damit du keine Frist und keine Planung mehr verpasst. \u2192 <strong>Effiziente Planung<\/strong><\/p>\n<\/div>\n\n\n\n<div class=\"wp-block-column is-layout-flow wp-block-column-is-layout-flow\" style=\"flex-basis:50px\"><\/div>\n<\/div>\n\n\n\n<div style=\"height:100px\" aria-hidden=\"true\" class=\"wp-block-spacer\"><\/div>\n\n\n\n<div class=\"wp-block-columns alignfull is-layout-flex wp-container-core-columns-is-layout-9d6595d7 wp-block-columns-is-layout-flex\">\n<div class=\"wp-block-column is-layout-flow wp-block-column-is-layout-flow\" style=\"flex-basis:50px\"><\/div>\n\n\n\n<div class=\"wp-block-column is-layout-flow wp-block-column-is-layout-flow\">\n<h2 class=\"wp-block-heading\" style=\"font-size:25px\">M\u00fchelose Terminplanung mit Erkenntnissen aus dem Stundenzettel<\/h2>\n\n\n\n<p>TaskBrowse macht die Terminplanung intelligenter, indem es dir datengest\u00fctzte Einblicke liefert. Durch die Nutzung des integrierten Timers oder das manuelle Eintragen deiner Arbeitszeiten im Bereich \u201e<strong>Arbeitszeitblatt<\/strong>\u201c kannst du genau erfassen, wie viel Zeit du f\u00fcr jede Aufgabe aufwendest. Diese Informationen werden automatisch in die leistungsstarken <strong>Berichte <\/strong>von <strong>TaskBrowse <\/strong>\u00fcbernommen und helfen dir dabei, Arbeitsmuster zu analysieren und deine tats\u00e4chliche Zeitnutzung besser zu verstehen.<\/p>\n\n\n\n<p>Mit der Zeit werden diese Erkenntnisse zu einer wertvollen Grundlage \u2013 nicht nur f\u00fcr die R\u00fcckschau auf vergangene Leistungen, sondern auch f\u00fcr die genauere Einsch\u00e4tzung zuk\u00fcnftiger Aufgaben. Du kannst \u00e4hnliche Arbeiten realistischer planen, pr\u00e4zise Fristen setzen und deinen Tag gezielt strukturieren.<\/p>\n\n\n\n<p>Mit TaskBrowse wird Terminplanung nicht nur einfacher, sondern auch intelligenter \u2013 basierend auf Erfahrung statt auf Vermutungen.<\/p>\n<\/div>\n\n\n\n<div class=\"wp-block-column is-layout-flow wp-block-column-is-layout-flow\">\n<div style=\"height:90px\" aria-hidden=\"true\" class=\"wp-block-spacer\"><\/div>\n\n\n<div class=\"wp-block-image\">\n<figure class=\"aligncenter size-full\"><img loading=\"lazy\" decoding=\"async\" width=\"433\" height=\"433\" src=\"https:\/\/taskbrowse.com\/de\/wp-content\/uploads\/sites\/7\/2023\/06\/taskbrowse1.jpg\" alt=\"Effiziente Planung - M\u00fchelose Terminplanung mit Erkenntnissen aus dem Stundenzettel\" class=\"wp-image-4297\" srcset=\"https:\/\/taskbrowse.com\/de\/wp-content\/uploads\/sites\/7\/2023\/06\/taskbrowse1.jpg 433w, https:\/\/taskbrowse.com\/de\/wp-content\/uploads\/sites\/7\/2023\/06\/taskbrowse1-300x300.jpg 300w, https:\/\/taskbrowse.com\/de\/wp-content\/uploads\/sites\/7\/2023\/06\/taskbrowse1-150x150.jpg 150w\" sizes=\"auto, (max-width: 433px) 100vw, 433px\" \/><\/figure>\n<\/div><\/div>\n\n\n\n<div class=\"wp-block-column is-layout-flow wp-block-column-is-layout-flow\" style=\"flex-basis:50px\"><\/div>\n<\/div>\n\n\n\n<div style=\"height:100px\" aria-hidden=\"true\" class=\"wp-block-spacer\"><\/div>\n\n\n\n<p class=\"has-text-align-center\" style=\"font-size:25px\"><strong>Probiere TaskBrowse noch heute aus und erlebe, wie effiziente Planung deine Zeitverwaltung, Aufgabenorganisation und Teamleistung grundlegend verbessern kann.<\/strong><\/p>\n\n\n\n<div style=\"height:30px\" aria-hidden=\"true\" class=\"wp-block-spacer\"><\/div>\n\n\n\n<div class=\"wp-block-buttons alignwide is-content-justification-center is-layout-flex wp-container-core-buttons-is-layout-16018d1d wp-block-buttons-is-layout-flex\">\n<div class=\"wp-block-button\"><a class=\"wp-block-button__link has-nv-dark-bg-color has-text-color has-background has-link-color has-text-align-center wp-element-button\" href=\"https:\/\/panel.taskbrowse.com\/Account\/Register?lang=de\" style=\"background-color:#fcaf3b\">3 Wochen kostenlos testen<\/a><\/div>\n<\/div>\n\n\n\n<div style=\"height:100px\" aria-hidden=\"true\" class=\"wp-block-spacer\"><\/div>\n\n\n\n<p><\/p>\n","protected":false},"excerpt":{"rendered":"<p>Effiziente Planung Jeder wei\u00df, dass Planung wichtig ist \u2013 aber mit TaskBrowse wird sie mehr als nur ein guter Vorsatz. TaskBrowse macht effiziente Planung zu einem einfachen, strukturierten und sogar angenehmen Teil deines Alltags. Indem es dir hilft, Aufgaben zu priorisieren, Zeit sinnvoll einzuteilen und fokussiert zu bleiben, erm\u00f6glicht dir TaskBrowse, smarter zu planen, besser&hellip;&nbsp;<\/p>\n","protected":false},"author":4,"featured_media":3620,"parent":0,"menu_order":0,"comment_status":"closed","ping_status":"closed","template":"","meta":{"ghostkit_customizer_options":"","ghostkit_custom_css":"","ghostkit_custom_js_head":"","ghostkit_custom_js_foot":"","ghostkit_typography":"","neve_meta_sidebar":"","neve_meta_container":"","neve_meta_enable_content_width":"","neve_meta_content_width":0,"neve_meta_title_alignment":"","neve_meta_author_avatar":"","neve_post_elements_order":"","neve_meta_disable_header":"","neve_meta_disable_footer":"","neve_meta_disable_title":"on","_themeisle_gutenberg_block_has_review":false,"footnotes":""},"class_list":["post-6880","page","type-page","status-publish","has-post-thumbnail","hentry"],"_links":{"self":[{"href":"https:\/\/taskbrowse.com\/de\/wp-json\/wp\/v2\/pages\/6880","targetHints":{"allow":["GET"]}}],"collection":[{"href":"https:\/\/taskbrowse.com\/de\/wp-json\/wp\/v2\/pages"}],"about":[{"href":"https:\/\/taskbrowse.com\/de\/wp-json\/wp\/v2\/types\/page"}],"author":[{"embeddable":true,"href":"https:\/\/taskbrowse.com\/de\/wp-json\/wp\/v2\/users\/4"}],"replies":[{"embeddable":true,"href":"https:\/\/taskbrowse.com\/de\/wp-json\/wp\/v2\/comments?post=6880"}],"version-history":[{"count":12,"href":"https:\/\/taskbrowse.com\/de\/wp-json\/wp\/v2\/pages\/6880\/revisions"}],"predecessor-version":[{"id":6898,"href":"https:\/\/taskbrowse.com\/de\/wp-json\/wp\/v2\/pages\/6880\/revisions\/6898"}],"wp:featuredmedia":[{"embeddable":true,"href":"https:\/\/taskbrowse.com\/de\/wp-json\/wp\/v2\/media\/3620"}],"wp:attachment":[{"href":"https:\/\/taskbrowse.com\/de\/wp-json\/wp\/v2\/media?parent=6880"}],"curies":[{"name":"wp","href":"https:\/\/api.w.org\/{rel}","templated":true}]}}