{"id":6903,"date":"2025-06-30T11:51:57","date_gmt":"2025-06-30T10:51:57","guid":{"rendered":"https:\/\/taskbrowse.com\/de\/?page_id=6903"},"modified":"2025-07-13T08:58:30","modified_gmt":"2025-07-13T07:58:30","slug":"taskbrowse-fur-freiberufler","status":"publish","type":"page","link":"https:\/\/taskbrowse.com\/de\/taskbrowse-fur-freiberufler\/","title":{"rendered":"Freiberufler"},"content":{"rendered":"\n<div class=\"wp-block-columns alignfull is-layout-flex wp-container-core-columns-is-layout-9d6595d7 wp-block-columns-is-layout-flex\">\n<div class=\"wp-block-column is-layout-flow wp-block-column-is-layout-flow\">\n<div class=\"wp-block-cover is-light has-parallax ghostkit-custom-ZzFQ7H\"><div role=\"img\" aria-label=\"TaskBrowse f\u00fcr Freiberufler\" class=\"wp-block-cover__image-background wp-image-4497 size-full has-parallax\" style=\"background-position:50% 50%;background-image:url(https:\/\/taskbrowse.com\/de\/wp-content\/uploads\/sites\/7\/2023\/06\/taskbrowseandfreelancer.jpg)\"><\/div><span aria-hidden=\"true\" class=\"wp-block-cover__background has-background-dim-0 has-background-dim\" style=\"background-color:#a09d98\"><\/span><div class=\"wp-block-cover__inner-container is-layout-constrained wp-block-cover-is-layout-constrained\">\n<h2 class=\"wp-block-heading has-text-align-center ghostkit-d-md-none ghostkit-d-sm-none ghostkit-custom-Z19TrQq has-background\" style=\"background-color:#ffffffad;font-size:35px\">TaskBrowse f\u00fcr Freiberufler<\/h2>\n\n\n\n<h2 class=\"wp-block-heading has-text-align-center ghostkit-d-none ghostkit-d-xl-none ghostkit-d-lg-none ghostkit-d-md-block ghostkit-d-sm-block has-background\" style=\"background-color:#ffffffad;font-size:30px\">TaskBrowse<br> f\u00fcr<br> Freiberufler<\/h2>\n\n\n\n<div class=\"wp-block-buttons is-content-justification-center is-layout-flex wp-container-core-buttons-is-layout-16018d1d wp-block-buttons-is-layout-flex\">\n<div class=\"wp-block-button\"><a class=\"wp-block-button__link has-nv-site-bg-color has-neve-text-color-background-color has-text-color has-background has-link-color has-custom-font-size wp-element-button\" href=\"https:\/\/panel.taskbrowse.com\/Account\/Register?lang=de\" style=\"font-size:25px\">Jetzt kostenlos testen<\/a><\/div>\n<\/div>\n<\/div><\/div>\n<\/div>\n<\/div>\n\n\n\n<div class=\"wp-block-columns alignfull is-layout-flex wp-container-core-columns-is-layout-9d6595d7 wp-block-columns-is-layout-flex\">\n<div class=\"wp-block-column is-layout-flow wp-block-column-is-layout-flow\">\n<div style=\"height:50px\" aria-hidden=\"true\" class=\"wp-block-spacer\"><\/div>\n\n\n\n<div class=\"wp-block-columns is-layout-flex wp-container-core-columns-is-layout-9d6595d7 wp-block-columns-is-layout-flex\">\n<div class=\"wp-block-column is-layout-flow wp-block-column-is-layout-flow\" style=\"flex-basis:50px\"><\/div>\n\n\n\n<div class=\"wp-block-column is-layout-flow wp-block-column-is-layout-flow\">\n<h2 class=\"wp-block-heading\" style=\"font-size:25px\">\u00dcber Organisationen hinaus: Wer profitiert noch vom Projektmanagement?<\/h2>\n\n\n\n<p><strong>Freiberufler:<\/strong><br><br>Als selbstst\u00e4ndige Fachkr\u00e4fte jonglieren Freiberufler mit mehreren Kunden und Abgabeterminen \u2013 oft ohne langfristige Verpflichtungen. Projektmanagement hilft ihnen, den \u00dcberblick zu behalten, Kundenerwartungen zu erf\u00fcllen und ihre Arbeit termingerecht abzuliefern.<\/p>\n\n\n\n<p><strong>Hochschuldozent innen und Forschende:<\/strong><br><br>Akademiker innen tragen vielf\u00e4ltige Aufgaben: Forschung betreiben, Publikationen verfassen, lehren oder Workshops organisieren. Jede dieser T\u00e4tigkeiten l\u00e4sst sich als Projekt betrachten \u2013 und mit passenden Projektmanagement-Methoden gewinnen sie Struktur, \u00dcbersicht und Effizienz im Arbeitsalltag.<\/p>\n\n\n\n<p><strong>Zeitbewusste Expert innen:<\/strong><br><br>Manche Fachleute arbeiten nicht in starren Organisationsformen und m\u00f6chten ihre Zeit dennoch m\u00f6glichst effektiv nutzen. Ob Berater<em>innen, Kreative oder Unternehmer<\/em>innen \u2013 sie profitieren vom gezielten Planen, Priorisieren und Nachverfolgen ihrer Zeit.<\/p>\n<\/div>\n\n\n\n<div class=\"wp-block-column is-layout-flow wp-block-column-is-layout-flow\">\n<div style=\"height:100px\" aria-hidden=\"true\" class=\"wp-block-spacer\"><\/div>\n\n\n\n<figure class=\"wp-block-image size-full\"><img loading=\"lazy\" decoding=\"async\" width=\"631\" height=\"422\" src=\"https:\/\/taskbrowse.com\/de\/wp-content\/uploads\/sites\/7\/2023\/06\/freelancericon.jpg\" alt=\"TaskBrowse f\u00fcr Freiberufler \" class=\"wp-image-4483\" srcset=\"https:\/\/taskbrowse.com\/de\/wp-content\/uploads\/sites\/7\/2023\/06\/freelancericon.jpg 631w, https:\/\/taskbrowse.com\/de\/wp-content\/uploads\/sites\/7\/2023\/06\/freelancericon-300x201.jpg 300w\" sizes=\"auto, (max-width: 631px) 100vw, 631px\" \/><\/figure>\n<\/div>\n\n\n\n<div class=\"wp-block-column is-layout-flow wp-block-column-is-layout-flow\" style=\"flex-basis:50px\"><\/div>\n<\/div>\n<\/div>\n<\/div>\n\n\n\n<div class=\"wp-block-columns alignfull has-background is-layout-flex wp-container-core-columns-is-layout-9d6595d7 wp-block-columns-is-layout-flex\" style=\"background-color:#bfd0d82e\">\n<div class=\"wp-block-column is-layout-flow wp-block-column-is-layout-flow\">\n<div class=\"wp-block-cover is-light\"><span aria-hidden=\"true\" class=\"wp-block-cover__background has-black-background-color has-background-dim-0 has-background-dim\"><\/span><div class=\"wp-block-cover__inner-container is-layout-constrained wp-block-cover-is-layout-constrained\">\n<p><\/p>\n\n\n\n<div style=\"height:30px\" aria-hidden=\"true\" class=\"wp-block-spacer\"><\/div>\n\n\n\n<h2 class=\"wp-block-heading has-text-align-center\" style=\"font-size:25px\">Herausforderungen von Freiberuflern im Zeitmanagement<\/h2>\n\n\n\n<div class=\"wp-block-columns is-layout-flex wp-container-core-columns-is-layout-9d6595d7 wp-block-columns-is-layout-flex\">\n<div class=\"wp-block-column is-layout-flow wp-block-column-is-layout-flow\"><\/div>\n\n\n\n<div class=\"wp-block-column is-layout-flow wp-block-column-is-layout-flow\">\n<ul class=\"wp-block-list\">\n<li><strong>Mangelnde Kontrolle \u00fcber die Zeitnutzung<\/strong> f\u00fchrt oft zu verlorenen Stunden durch Ablenkungen oder sogenannte \u201e<strong>Zeitdiebe<\/strong>\u201c.<\/li>\n<\/ul>\n\n\n\n<ul class=\"wp-block-list\">\n<li><strong>Unzureichende Planung aktueller Aufgaben<\/strong> kann dazu f\u00fchren, dass Deadlines verpasst und Zusagen f\u00fcr zuk\u00fcnftige Auftr\u00e4ge nicht eingehalten werden.<\/li>\n<\/ul>\n\n\n\n<ul class=\"wp-block-list\">\n<li><strong>Keine Erfassung der aufgewendeten Zeit<\/strong> erschwert die realistische Einsch\u00e4tzung von Kosten und Dauer \u2013 dadurch wird die Projektplanung oder Preisgestaltung ungenau.<\/li>\n<\/ul>\n\n\n\n<ul class=\"wp-block-list\">\n<li><strong>Fehlender klarer Plan<\/strong> macht es schwierig, in unvorhergesehenen Situationen schnell und effektiv zu reagieren.<\/li>\n<\/ul>\n<\/div>\n\n\n\n<div class=\"wp-block-column is-layout-flow wp-block-column-is-layout-flow\"><\/div>\n<\/div>\n<\/div><\/div>\n<\/div>\n<\/div>\n\n\n\n<div style=\"height:100px\" aria-hidden=\"true\" class=\"wp-block-spacer\"><\/div>\n\n\n\n<h2 class=\"wp-block-heading has-text-align-center\" style=\"font-size:30px\">TaskBrowse f\u00fcr Freiberufler<\/h2>\n\n\n\n<p class=\"has-text-align-center\"><strong>Wie profitieren Freiberufler von TaskBrowse?<\/strong><\/p>\n\n\n\n<p class=\"has-text-align-left\">Freiberufler \u00fcbernehmen viele Rollen gleichzeitig und organisieren ihre Arbeit eigenst\u00e4ndig. Um produktiv und strukturiert zu bleiben, brauchen sie Werkzeuge, die Planung, Umsetzung und Nachverfolgung vereinfachen. TaskBrowse bietet Freiberuflern eine umfassende L\u00f6sung, um ihre Zeit, Aufgaben und Leistung klar und gezielt zu managen \u2013 mit Struktur, \u00dcberblick und Kontrolle.<\/p>\n\n\n\n<div style=\"height:50px\" aria-hidden=\"true\" class=\"wp-block-spacer\"><\/div>\n\n\n\n<div class=\"wp-block-columns alignfull is-layout-flex wp-container-core-columns-is-layout-9d6595d7 wp-block-columns-is-layout-flex\">\n<div class=\"wp-block-column is-layout-flow wp-block-column-is-layout-flow\">\n<div class=\"wp-block-columns is-layout-flex wp-container-core-columns-is-layout-9d6595d7 wp-block-columns-is-layout-flex\">\n<div class=\"wp-block-column is-layout-flow wp-block-column-is-layout-flow\" style=\"flex-basis:50px\"><\/div>\n\n\n\n<div class=\"wp-block-column is-layout-flow wp-block-column-is-layout-flow\">\n<div class=\"ghostkit-icon-box ghostkit-custom-Z2tS7nR\"><div class=\"ghostkit-icon-box-icon ghostkit-icon-box-icon-align-left\"><svg class=\"ghostkit-svg-icon ghostkit-svg-icon-fa\" aria-hidden=\"true\" role=\"img\" xmlns=\"http:\/\/www.w3.org\/2000\/svg\" viewBox=\"0 0 576 512\"><path fill=\"currentColor\" d=\"M0 64C0 28.7 28.7 0 64 0H224V128c0 17.7 14.3 32 32 32H384v38.6C310.1 219.5 256 287.4 256 368c0 59.1 29.1 111.3 73.7 143.3c-3.2 .5-6.4 .7-9.7 .7H64c-35.3 0-64-28.7-64-64V64zm384 64H256V0L384 128zm48 96a144 144 0 1 1 0 288 144 144 0 1 1 0-288zm16 80c0-8.8-7.2-16-16-16s-16 7.2-16 16v48H368c-8.8 0-16 7.2-16 16s7.2 16 16 16h48v48c0 8.8 7.2 16 16 16s16-7.2 16-16V384h48c8.8 0 16-7.2 16-16s-7.2-16-16-16H448V304z\"><\/path><\/svg><\/div><div class=\"ghostkit-icon-box-content is-layout-flow wp-block-ghostkit-icon-box-is-layout-flow\">\n<h4 class=\"wp-block-heading\">Projekte und Aufgaben definieren<\/h4>\n\n\n\n<p>Ein zentrales Prinzip aller effektiven Zeitmanagement-Methoden ist es, festzuhalten, was erledigt werden muss. Wenn du eine schriftliche Liste von Aufgaben erstellst, entlastest du deinen Geist vom st\u00e4ndigen Erinnern und kannst dich voll auf die Umsetzung konzentrieren. Studien zeigen, dass das Aufschreiben von Aufgaben die Wahrscheinlichkeit ihrer Erledigung deutlich erh\u00f6ht.<\/p>\n\n\n\n<p>Mit <strong>TaskBrowse <\/strong>k\u00f6nnen Freiberufler ihre Projekte und Aufgaben ganz einfach an einem Ort definieren und organisieren \u2013 digital, \u00fcbersichtlich und effizient.<\/p>\n<\/div><\/div>\n<\/div>\n\n\n\n<div class=\"wp-block-column is-layout-flow wp-block-column-is-layout-flow\">\n<div class=\"ghostkit-icon-box ghostkit-custom-ZfDC3\"><div class=\"ghostkit-icon-box-icon ghostkit-icon-box-icon-align-left\"><svg class=\"ghostkit-svg-icon ghostkit-svg-icon-fa\" aria-hidden=\"true\" role=\"img\" xmlns=\"http:\/\/www.w3.org\/2000\/svg\" viewBox=\"0 0 448 512\"><path fill=\"currentColor\" d=\"M152 24c0-13.3-10.7-24-24-24s-24 10.7-24 24V64H64C28.7 64 0 92.7 0 128v16 48V448c0 35.3 28.7 64 64 64H384c35.3 0 64-28.7 64-64V192 144 128c0-35.3-28.7-64-64-64H344V24c0-13.3-10.7-24-24-24s-24 10.7-24 24V64H152V24zM48 192h80v56H48V192zm0 104h80v64H48V296zm128 0h96v64H176V296zm144 0h80v64H320V296zm80-48H320V192h80v56zm0 160v40c0 8.8-7.2 16-16 16H320V408h80zm-128 0v56H176V408h96zm-144 0v56H64c-8.8 0-16-7.2-16-16V408h80zM272 248H176V192h96v56z\"><\/path><\/svg><\/div><div class=\"ghostkit-icon-box-content is-layout-flow wp-block-ghostkit-icon-box-is-layout-flow\">\n<h4 class=\"wp-block-heading\">Vorausschauende Planung<\/h4>\n\n\n\n<p>Eine t\u00e4gliche To-do-Liste zu erstellen ist ein guter Anfang \u2013 doch f\u00fcr professionelle Freiberufler reicht das oft nicht aus. Um mehrere Kunden, Deadlines und Arbeitslasten effizient zu managen, ist eine Planung \u00fcber mehrere Tage hinweg notwendig.<\/p>\n\n\n\n<p>Mit TaskBrowse kannst du anstehende Aufgaben im Voraus planen, deine Zeit \u00fcber mehrere Tage hinweg einteilen und sicherstellen, dass alles aufeinander abgestimmt ist. Diese Voraussicht erm\u00f6glicht es dir, dein Arbeitspensum auf einen Blick zu erfassen, realistische Fristen zu setzen und klare Priorit\u00e4ten zu definieren \u2013 was zu h\u00f6herer Kundenzufriedenheit und weniger Stress f\u00fchrt.<br>\u2192 <strong>TaskBrowse f\u00fcr Freiberufler<\/strong><\/p>\n\n\n\n<p><\/p>\n<\/div><\/div>\n<\/div>\n\n\n\n<div class=\"wp-block-column is-layout-flow wp-block-column-is-layout-flow\" style=\"flex-basis:50px\"><\/div>\n<\/div>\n\n\n\n<div class=\"wp-block-columns is-layout-flex wp-container-core-columns-is-layout-9d6595d7 wp-block-columns-is-layout-flex\">\n<div class=\"wp-block-column is-layout-flow wp-block-column-is-layout-flow\" style=\"flex-basis:50px\"><\/div>\n\n\n\n<div class=\"wp-block-column is-layout-flow wp-block-column-is-layout-flow\">\n<div class=\"ghostkit-icon-box ghostkit-custom-Z29z9nE\"><div class=\"ghostkit-icon-box-icon ghostkit-icon-box-icon-align-left\"><svg class=\"ghostkit-svg-icon ghostkit-svg-icon-fa\" aria-hidden=\"true\" role=\"img\" xmlns=\"http:\/\/www.w3.org\/2000\/svg\" viewBox=\"0 0 512 512\"><path fill=\"currentColor\" d=\"M256 0a256 256 0 1 1 0 512A256 256 0 1 1 256 0zM232 120V256c0 8 4 15.5 10.7 20l96 64c11 7.4 25.9 4.4 33.3-6.7s4.4-25.9-6.7-33.3L280 243.2V120c0-13.3-10.7-24-24-24s-24 10.7-24 24z\"><\/path><\/svg><\/div><div class=\"ghostkit-icon-box-content is-layout-flow wp-block-ghostkit-icon-box-is-layout-flow\">\n<h4 class=\"wp-block-heading\">Zeiterfassung<\/h4>\n\n\n\n<p>Ein wesentlicher Bestandteil eines effektiven Zeitmanagements ist das Wissen dar\u00fcber, wie viel Zeit jede Aufgabe in Anspruch nimmt. Die Zeiterfassung bietet mehrere Vorteile:<\/p>\n\n\n\n<ul class=\"wp-block-list\">\n<li>Sie schafft ein besseres Bewusstsein daf\u00fcr, wie du deinen Tag verbringst.<\/li>\n\n\n\n<li>Sie verbessert deine Konzentration und reduziert Ablenkungen.<\/li>\n\n\n\n<li>Sie hilft dir, zuk\u00fcnftige Aufgaben realistischer einzusch\u00e4tzen.<\/li>\n<\/ul>\n\n\n\n<p>Mit <strong>TaskBrowse <\/strong>kannst du deine Zeit entweder manuell erfassen oder mithilfe des integrierten Timers Aufgaben in Echtzeit verfolgen. Dabei geht es nicht darum, mehr zu arbeiten \u2013 sondern darum, Zeiten mit geringem Mehrwert zu erkennen und zu eliminieren, um dich auf das Wesentliche zu konzentrieren.<\/p>\n<\/div><\/div>\n<\/div>\n\n\n\n<div class=\"wp-block-column is-layout-flow wp-block-column-is-layout-flow\">\n<div class=\"ghostkit-icon-box ghostkit-custom-1mEcwk\"><div class=\"ghostkit-icon-box-icon ghostkit-icon-box-icon-align-left\"><svg class=\"ghostkit-svg-icon ghostkit-svg-icon-fa\" aria-hidden=\"true\" role=\"img\" xmlns=\"http:\/\/www.w3.org\/2000\/svg\" viewBox=\"0 0 640 512\"><path fill=\"currentColor\" d=\"M96 128a128 128 0 1 1 256 0A128 128 0 1 1 96 128zM0 482.3C0 383.8 79.8 304 178.3 304h91.4C368.2 304 448 383.8 448 482.3c0 16.4-13.3 29.7-29.7 29.7H29.7C13.3 512 0 498.7 0 482.3zM625 177L497 305c-9.4 9.4-24.6 9.4-33.9 0l-64-64c-9.4-9.4-9.4-24.6 0-33.9s24.6-9.4 33.9 0l47 47L591 143c9.4-9.4 24.6-9.4 33.9 0s9.4 24.6 0 33.9z\"><\/path><\/svg><\/div><div class=\"ghostkit-icon-box-content is-layout-flow wp-block-ghostkit-icon-box-is-layout-flow\">\n<h4 class=\"wp-block-heading\">Leistungsanalyse<\/h4>\n\n\n\n<p>Zu verstehen, wohin deine Zeit flie\u00dft, ist der Schl\u00fcssel zu mehr Produktivit\u00e4t. Das Dashboard von <strong>TaskBrowse <\/strong>zeigt dir \u00fcbersichtlich, wie deine Zeit auf verschiedene Aufgaben und Projekte verteilt ist \u2013 und liefert dir wertvolle Einblicke in deine Leistung.<\/p>\n\n\n\n<p>Das ist besonders hilfreich f\u00fcr Freiberufler, die auf Stundenbasis arbeiten oder abrechnungsbasierte Vertr\u00e4ge haben. Egal, ob du deine Zeit im Blick behalten willst, um im Budget zu bleiben, oder ob du pr\u00e4zise Berichte f\u00fcr deine Kunden erstellen musst \u2013 mit <strong>TaskBrowse <\/strong>gelingt das einfach und zuverl\u00e4ssig.<\/p>\n\n\n\n<p><\/p>\n\n\n\n<p><\/p>\n<\/div><\/div>\n<\/div>\n\n\n\n<div class=\"wp-block-column is-layout-flow wp-block-column-is-layout-flow\" style=\"flex-basis:50px\"><\/div>\n<\/div>\n\n\n\n<div class=\"wp-block-columns is-layout-flex wp-container-core-columns-is-layout-9d6595d7 wp-block-columns-is-layout-flex\">\n<div class=\"wp-block-column is-layout-flow wp-block-column-is-layout-flow\" style=\"flex-basis:50px\"><\/div>\n\n\n\n<div class=\"wp-block-column is-vertically-aligned-top is-layout-flow wp-block-column-is-layout-flow\">\n<div class=\"ghostkit-icon-box ghostkit-custom-ZN9ce8\"><div class=\"ghostkit-icon-box-icon ghostkit-icon-box-icon-align-top ghostkit-icon-box-icon-top-align-center\"><svg class=\"ghostkit-svg-icon ghostkit-svg-icon-fa\" aria-hidden=\"true\" role=\"img\" xmlns=\"http:\/\/www.w3.org\/2000\/svg\" viewBox=\"0 0 384 512\"><path fill=\"currentColor\" d=\"M64 0C28.7 0 0 28.7 0 64V448c0 35.3 28.7 64 64 64H320c35.3 0 64-28.7 64-64V160H256c-17.7 0-32-14.3-32-32V0H64zM256 0V128H384L256 0zM112 256H272c8.8 0 16 7.2 16 16s-7.2 16-16 16H112c-8.8 0-16-7.2-16-16s7.2-16 16-16zm0 64H272c8.8 0 16 7.2 16 16s-7.2 16-16 16H112c-8.8 0-16-7.2-16-16s7.2-16 16-16zm0 64H272c8.8 0 16 7.2 16 16s-7.2 16-16 16H112c-8.8 0-16-7.2-16-16s7.2-16 16-16z\"><\/path><\/svg><\/div><div class=\"ghostkit-icon-box-content is-layout-flow wp-block-ghostkit-icon-box-is-layout-flow\">\n<h4 class=\"wp-block-heading has-text-align-center\">Ideen, Notizen und Dokumente an einem Ort festhalten<\/h4>\n\n\n\n<p class=\"has-text-align-center\">Gro\u00dfartige Ideen entstehen oft mitten in der Arbeit, und sie zu verlieren kann verpasste Chancen bedeuten. Mit TaskBrowse m\u00fcssen Freiberufler sich nie Sorgen machen, wichtige Gedanken, Notizen oder Ressourcen zu vergessen.<\/p>\n\n\n\n<p>Ob es ein kurzer Einfall w\u00e4hrend einer Aufgabe oder ein wertvoller Tipp f\u00fcr die Zukunft ist \u2013 <strong>TaskBrowse <\/strong>erm\u00f6glicht es dir, deine Ideen direkt innerhalb der Aufgabe oder des Projekts einfach aufzuschreiben und zu speichern. So bleibst du organisiert und beh\u00e4ltst wichtige Informationen genau dort, wo sie gebraucht werden.<\/p>\n\n\n\n<p class=\"has-text-align-center\">Au\u00dferdem unterst\u00fctzt <strong>TaskBrowse <\/strong>das Anh\u00e4ngen von Dateien und <strong>Dokumenten <\/strong>an Aufgaben und Projekte. Ganz gleich, ob du mit Referenzmaterialien, Kundenbriefings, Vertr\u00e4gen oder Entw\u00fcrfen arbeitest \u2013 alles kann sicher gespeichert und bei Bedarf abgerufen werden, damit kein Detail je au\u00dfer Reichweite ger\u00e4t.<\/p>\n\n\n\n<p class=\"has-text-align-center\"><\/p>\n\n\n\n<div style=\"height:100px\" aria-hidden=\"true\" class=\"wp-block-spacer\"><\/div>\n\n\n\n<p class=\"has-text-align-center\" style=\"font-size:25px\"><strong>Bereit, die Kontrolle \u00fcber deinen Freelance-Workflow zu \u00fcbernehmen? Probiere TaskBrowse noch heute kostenlos aus.<\/strong><\/p>\n\n\n\n<div style=\"height:30px\" aria-hidden=\"true\" class=\"wp-block-spacer\"><\/div>\n\n\n\n<div class=\"wp-block-buttons is-content-justification-center is-layout-flex wp-container-core-buttons-is-layout-16018d1d wp-block-buttons-is-layout-flex\">\n<div class=\"wp-block-button\"><a class=\"wp-block-button__link has-neve-text-color-color has-text-color has-background has-link-color has-text-align-center has-custom-font-size wp-element-button\" href=\"https:\/\/panel.taskbrowse.com\/Account\/Register?lang=de\" style=\"background-color:#ffd800;font-size:20px\"><strong>Kostenlos testen<\/strong><\/a><\/div>\n<\/div>\n<\/div><\/div>\n<\/div>\n\n\n\n<div class=\"wp-block-column is-layout-flow wp-block-column-is-layout-flow\" style=\"flex-basis:50px\"><\/div>\n<\/div>\n<\/div>\n<\/div>\n\n\n\n<p><\/p>\n","protected":false},"excerpt":{"rendered":"<p>\u00dcber Organisationen hinaus: Wer profitiert noch vom Projektmanagement? Freiberufler: Als selbstst\u00e4ndige Fachkr\u00e4fte jonglieren Freiberufler mit mehreren Kunden und Abgabeterminen \u2013 oft ohne langfristige Verpflichtungen. Projektmanagement hilft ihnen, den \u00dcberblick zu behalten, Kundenerwartungen zu erf\u00fcllen und ihre Arbeit termingerecht abzuliefern. Hochschuldozent innen und Forschende: Akademiker innen tragen vielf\u00e4ltige Aufgaben: Forschung betreiben, Publikationen verfassen, lehren oder Workshops&hellip;&nbsp;<\/p>\n","protected":false},"author":4,"featured_media":4497,"parent":0,"menu_order":0,"comment_status":"closed","ping_status":"closed","template":"","meta":{"ghostkit_customizer_options":"","ghostkit_custom_css":"","ghostkit_custom_js_head":"","ghostkit_custom_js_foot":"","ghostkit_typography":"","neve_meta_sidebar":"","neve_meta_container":"","neve_meta_enable_content_width":"","neve_meta_content_width":0,"neve_meta_title_alignment":"","neve_meta_author_avatar":"","neve_post_elements_order":"","neve_meta_disable_header":"","neve_meta_disable_footer":"","neve_meta_disable_title":"on","_themeisle_gutenberg_block_has_review":false,"footnotes":""},"class_list":["post-6903","page","type-page","status-publish","has-post-thumbnail","hentry"],"_links":{"self":[{"href":"https:\/\/taskbrowse.com\/de\/wp-json\/wp\/v2\/pages\/6903","targetHints":{"allow":["GET"]}}],"collection":[{"href":"https:\/\/taskbrowse.com\/de\/wp-json\/wp\/v2\/pages"}],"about":[{"href":"https:\/\/taskbrowse.com\/de\/wp-json\/wp\/v2\/types\/page"}],"author":[{"embeddable":true,"href":"https:\/\/taskbrowse.com\/de\/wp-json\/wp\/v2\/users\/4"}],"replies":[{"embeddable":true,"href":"https:\/\/taskbrowse.com\/de\/wp-json\/wp\/v2\/comments?post=6903"}],"version-history":[{"count":26,"href":"https:\/\/taskbrowse.com\/de\/wp-json\/wp\/v2\/pages\/6903\/revisions"}],"predecessor-version":[{"id":6945,"href":"https:\/\/taskbrowse.com\/de\/wp-json\/wp\/v2\/pages\/6903\/revisions\/6945"}],"wp:featuredmedia":[{"embeddable":true,"href":"https:\/\/taskbrowse.com\/de\/wp-json\/wp\/v2\/media\/4497"}],"wp:attachment":[{"href":"https:\/\/taskbrowse.com\/de\/wp-json\/wp\/v2\/media?parent=6903"}],"curies":[{"name":"wp","href":"https:\/\/api.w.org\/{rel}","templated":true}]}}