{"id":6983,"date":"2025-07-01T11:48:33","date_gmt":"2025-07-01T10:48:33","guid":{"rendered":"https:\/\/taskbrowse.com\/de\/?page_id=6983"},"modified":"2025-07-13T08:59:18","modified_gmt":"2025-07-13T07:59:18","slug":"taskbrowse-fur-ingenieurburos","status":"publish","type":"page","link":"https:\/\/taskbrowse.com\/de\/taskbrowse-fur-ingenieurburos\/","title":{"rendered":"Ingenieurb\u00fcros"},"content":{"rendered":"\n<div class=\"wp-block-columns alignfull is-layout-flex wp-container-core-columns-is-layout-9d6595d7 wp-block-columns-is-layout-flex\">\n<div class=\"wp-block-column is-layout-flow wp-block-column-is-layout-flow\">\n<div class=\"wp-block-cover is-light has-parallax ghostkit-custom-ULIOa\"><div role=\"img\" aria-label=\"TaskBrowse f\u00fcr Ingenieurb\u00fcros\" class=\"wp-block-cover__image-background wp-image-4563 size-large has-parallax\" style=\"background-position:50% 50%;background-image:url(https:\/\/taskbrowse.com\/de\/wp-content\/uploads\/sites\/7\/2023\/06\/bg1-1024x683.jpg)\"><\/div><span aria-hidden=\"true\" class=\"wp-block-cover__background has-background-dim-0 has-background-dim\"><\/span><div class=\"wp-block-cover__inner-container is-layout-constrained wp-block-cover-is-layout-constrained\">\n<h2 class=\"wp-block-heading has-text-align-center ghostkit-custom-Z1iD8SM\" style=\"font-size:40px\">TaskBrowse f\u00fcr Ingenieurb\u00fcros<\/h2>\n\n\n\n<div class=\"wp-block-buttons is-content-justification-center is-layout-flex wp-container-core-buttons-is-layout-16018d1d wp-block-buttons-is-layout-flex\">\n<div class=\"wp-block-button\"><a class=\"wp-block-button__link has-nv-site-bg-color has-nv-dark-bg-background-color has-text-color has-background has-link-color wp-element-button\" href=\"https:\/\/panel.taskbrowse.com\/Account\/Register?lang=de\">Jetzt kostenlos testen<\/a><\/div>\n<\/div>\n\n\n\n<p><\/p>\n<\/div><\/div>\n<\/div>\n<\/div>\n\n\n\n<div class=\"wp-block-columns alignfull is-layout-flex wp-container-core-columns-is-layout-9d6595d7 wp-block-columns-is-layout-flex\">\n<div class=\"wp-block-column is-layout-flow wp-block-column-is-layout-flow\">\n<div class=\"wp-block-columns is-layout-flex wp-container-core-columns-is-layout-9d6595d7 wp-block-columns-is-layout-flex\">\n<div class=\"wp-block-column is-layout-flow wp-block-column-is-layout-flow\" style=\"flex-basis:300px\"><\/div>\n\n\n\n<div class=\"wp-block-column is-layout-flow wp-block-column-is-layout-flow\">\n<h2 class=\"wp-block-heading has-text-align-center ghostkit-custom-Z2iQ62I\" style=\"font-size:25px\">Herausforderungen f\u00fcr Ingenieurb\u00fcros<\/h2>\n\n\n\n<p>Ingenieurunternehmen stehen vor ganz besonderen Herausforderungen, die sich direkt auf ihre Effizienz und den Projekterfolg auswirken k\u00f6nnen. Zu den typischen Problemfeldern geh\u00f6ren:<\/p>\n\n\n\n<ul class=\"wp-block-list\">\n<li><strong>Effektives Zeitmanagement<\/strong><\/li>\n<\/ul>\n\n\n\n<p>Mehrere Projekte, enge Fristen und unterschiedliche Teamkapazit\u00e4ten erfordern eine pr\u00e4zise Steuerung der Zeitverwendung.<\/p>\n\n\n\n<ul class=\"wp-block-list\">\n<li><strong>Strategische Projektplanung<\/strong><\/li>\n<\/ul>\n\n\n\n<p>Ohne fundierte Planung drohen Verz\u00f6gerungen, Budget\u00fcberschreitungen und eine ineffiziente Ressourcennutzung.<\/p>\n\n\n\n<ul class=\"wp-block-list\">\n<li><strong>Klare Aufgabenverteilung<\/strong><\/li>\n<\/ul>\n\n\n\n<p>Nur wenn Aufgaben gezielt an die richtigen Personen vergeben werden, kann Verantwortung klar zugewiesen und ein reibungsloser Ablauf sichergestellt werden.<\/p>\n\n\n\n<ul class=\"wp-block-list\">\n<li><strong>Rechtzeitige Problemerkennung<\/strong><\/li>\n<\/ul>\n\n\n\n<p>Fr\u00fchzeitig erkannte Probleme lassen sich einfacher l\u00f6sen \u2013 so werden kleine H\u00fcrden nicht zu gro\u00dfen Projektverz\u00f6gerungen.<\/p>\n\n\n\n<ul class=\"wp-block-list\">\n<li><strong>Effiziente Kommunikation<\/strong><\/li>\n<\/ul>\n\n\n\n<p>Ein starker Informationsfluss zwischen Abteilungen und Teams f\u00f6rdert die Abstimmung, reduziert Missverst\u00e4ndnisse und beschleunigt Entscheidungen.<\/p>\n\n\n\n<ul class=\"wp-block-list\">\n<li><strong>Realistische Terminplanung<\/strong><\/li>\n<\/ul>\n\n\n\n<p>Realistische Deadlines, basierend auf verl\u00e4sslichen Daten und der tats\u00e4chlichen Teamkapazit\u00e4t, sorgen f\u00fcr Qualit\u00e4t und weniger Stress im Projektalltag.<\/p>\n<\/div>\n\n\n\n<div class=\"wp-block-column is-layout-flow wp-block-column-is-layout-flow\" style=\"flex-basis:300px\"><\/div>\n<\/div>\n\n\n\n<div style=\"height:50px\" aria-hidden=\"true\" class=\"wp-block-spacer\"><\/div>\n\n\n\n<div class=\"wp-block-columns alignfull is-layout-flex wp-container-core-columns-is-layout-9d6595d7 wp-block-columns-is-layout-flex\">\n<div class=\"wp-block-column is-layout-flow wp-block-column-is-layout-flow\">\n<div class=\"wp-block-cover is-light ghostkit-custom-1340hu\"><span aria-hidden=\"true\" class=\"wp-block-cover__background has-background-dim-100 has-background-dim\" style=\"background-color:#f0f7fb\"><\/span><div class=\"wp-block-cover__inner-container is-layout-constrained wp-block-cover-is-layout-constrained\">\n<div style=\"height:100px\" aria-hidden=\"true\" class=\"wp-block-spacer\"><\/div>\n\n\n\n<h2 class=\"wp-block-heading has-text-align-center ghostkit-custom-Z1p6U1a\" style=\"font-size:25px\">Wie TaskBrowse Ingenieurb\u00fcros zu mehr Leistung verhilft<\/h2>\n\n\n\n<div class=\"wp-block-columns is-layout-flex wp-container-core-columns-is-layout-9d6595d7 wp-block-columns-is-layout-flex\">\n<div class=\"wp-block-column is-layout-flow wp-block-column-is-layout-flow\" style=\"flex-basis:100px\"><\/div>\n\n\n\n<div class=\"wp-block-column is-layout-flow wp-block-column-is-layout-flow\">\n<p>Ingenieurprojekte sind oft komplex, interdisziplin\u00e4r und zeitkritisch. <strong>TaskBrowse f\u00fcr Ingenieurb\u00fcros<\/strong> wurde speziell daf\u00fcr entwickelt, Teams dabei zu unterst\u00fctzen, intelligenter zu planen, klarer zu kommunizieren und Projekte mit mehr Kontrolle und Effizienz umzusetzen. So macht TaskBrowse den Unterschied:<\/p>\n\n\n\n<p><\/p>\n<\/div>\n\n\n\n<div class=\"wp-block-column is-layout-flow wp-block-column-is-layout-flow\" style=\"flex-basis:100px\"><\/div>\n<\/div>\n\n\n\n<div class=\"wp-block-columns alignfull is-layout-flex wp-container-core-columns-is-layout-9d6595d7 wp-block-columns-is-layout-flex\">\n<div class=\"wp-block-column is-layout-flow wp-block-column-is-layout-flow\">\n<div class=\"wp-block-columns alignfull is-layout-flex wp-container-core-columns-is-layout-9d6595d7 wp-block-columns-is-layout-flex\">\n<div class=\"wp-block-column is-layout-flow wp-block-column-is-layout-flow\" style=\"flex-basis:50px\"><\/div>\n\n\n\n<div class=\"wp-block-column is-layout-flow wp-block-column-is-layout-flow\">\n<div class=\"ghostkit-icon-box ghostkit-custom-ZIwFzO\"><div class=\"ghostkit-icon-box-icon ghostkit-icon-box-icon-align-left\"><svg class=\"ghostkit-svg-icon ghostkit-svg-icon-fa\" aria-hidden=\"true\" role=\"img\" xmlns=\"http:\/\/www.w3.org\/2000\/svg\" viewBox=\"0 0 576 512\"><path fill=\"currentColor\" d=\"M512 80c8.8 0 16 7.2 16 16V416c0 8.8-7.2 16-16 16H64c-8.8 0-16-7.2-16-16V96c0-8.8 7.2-16 16-16H512zM64 32C28.7 32 0 60.7 0 96V416c0 35.3 28.7 64 64 64H512c35.3 0 64-28.7 64-64V96c0-35.3-28.7-64-64-64H64zM208 256a64 64 0 1 0 0-128 64 64 0 1 0 0 128zm-32 32c-44.2 0-80 35.8-80 80c0 8.8 7.2 16 16 16H304c8.8 0 16-7.2 16-16c0-44.2-35.8-80-80-80H176zM376 144c-13.3 0-24 10.7-24 24s10.7 24 24 24h80c13.3 0 24-10.7 24-24s-10.7-24-24-24H376zm0 96c-13.3 0-24 10.7-24 24s10.7 24 24 24h80c13.3 0 24-10.7 24-24s-10.7-24-24-24H376z\"><\/path><\/svg><\/div><div class=\"ghostkit-icon-box-content is-layout-flow wp-block-ghostkit-icon-box-is-layout-flow\">\n<h3 class=\"wp-block-heading\">Klarheit bei der Aufgabenverteilung<\/h3>\n\n\n\n<p>TaskBrowse erm\u00f6glicht es Ingenieurunternehmen, Projekte zu definieren und in klare, umsetzbare Aufgaben zu unterteilen. Die Zuweisung dieser Aufgaben an die richtigen Personen verbessert nicht nur die Transparenz, sondern f\u00f6rdert auch eine Kultur der Verantwortlichkeit. Mit integrierten Leistungsberichten und Fortschrittsdiagrammen k\u00f6nnen Manager leicht beurteilen, wie jedes Teammitglied arbeitet, potenzielle Engp\u00e4sse erkennen und sicherstellen, dass die Zust\u00e4ndigkeiten klar verstanden werden \u2013 was letztlich zu h\u00f6herer Produktivit\u00e4t und besseren Projektergebnissen f\u00fchrt.<\/p>\n<\/div><\/div>\n<\/div>\n\n\n\n<div class=\"wp-block-column is-layout-flow wp-block-column-is-layout-flow\">\n<div class=\"ghostkit-icon-box ghostkit-custom-BFog\"><div class=\"ghostkit-icon-box-icon ghostkit-icon-box-icon-align-left\"><svg class=\"ghostkit-svg-icon ghostkit-svg-icon-fa\" aria-hidden=\"true\" role=\"img\" xmlns=\"http:\/\/www.w3.org\/2000\/svg\" viewBox=\"0 0 448 512\"><path fill=\"currentColor\" d=\"M96 0C43 0 0 43 0 96V416c0 53 43 96 96 96H384h32c17.7 0 32-14.3 32-32s-14.3-32-32-32V384c17.7 0 32-14.3 32-32V32c0-17.7-14.3-32-32-32H384 96zm0 384H352v64H96c-17.7 0-32-14.3-32-32s14.3-32 32-32zm32-240c0-8.8 7.2-16 16-16H336c8.8 0 16 7.2 16 16s-7.2 16-16 16H144c-8.8 0-16-7.2-16-16zm16 48H336c8.8 0 16 7.2 16 16s-7.2 16-16 16H144c-8.8 0-16-7.2-16-16s7.2-16 16-16z\"><\/path><\/svg><\/div><div class=\"ghostkit-icon-box-content is-layout-flow wp-block-ghostkit-icon-box-is-layout-flow\">\n<h3 class=\"wp-block-heading\">Aus vergangenen Projekten lernen<\/h3>\n\n\n\n<p>Eines der Grundprinzipien von PRINCE2 und anderen Projektmanagement-Frameworks ist das Lernen aus Erfahrungen. Mit TaskBrowse k\u00f6nnen Sie relevante Dokumente, Notizen und Berichte an jedes Projekt anh\u00e4ngen, sodass zuk\u00fcnftige Teams fr\u00fchere Arbeiten \u00fcberpr\u00fcfen, Fehler vermeiden und gewonnene Erkenntnisse anwenden k\u00f6nnen. Dies hilft Ingenieurunternehmen, im Laufe der Zeit eine Wissensbasis aufzubauen, die kontinuierliche Verbesserungen und fundierte Entscheidungen unterst\u00fctzt.<\/p>\n<\/div><\/div>\n<\/div>\n\n\n\n<div class=\"wp-block-column is-layout-flow wp-block-column-is-layout-flow\" style=\"flex-basis:50px\"><\/div>\n<\/div>\n\n\n\n<div class=\"wp-block-columns alignfull is-layout-flex wp-container-core-columns-is-layout-9d6595d7 wp-block-columns-is-layout-flex\">\n<div class=\"wp-block-column is-layout-flow wp-block-column-is-layout-flow\" style=\"flex-basis:50px\"><\/div>\n\n\n\n<div class=\"wp-block-column is-layout-flow wp-block-column-is-layout-flow\">\n<div class=\"ghostkit-icon-box ghostkit-custom-1d5s4q\"><div class=\"ghostkit-icon-box-icon ghostkit-icon-box-icon-align-left\"><svg class=\"ghostkit-svg-icon ghostkit-svg-icon-fa\" aria-hidden=\"true\" role=\"img\" xmlns=\"http:\/\/www.w3.org\/2000\/svg\" viewBox=\"0 0 512 512\"><path fill=\"currentColor\" d=\"M64 64c0-17.7-14.3-32-32-32S0 46.3 0 64V400c0 44.2 35.8 80 80 80H480c17.7 0 32-14.3 32-32s-14.3-32-32-32H80c-8.8 0-16-7.2-16-16V64zm406.6 86.6c12.5-12.5 12.5-32.8 0-45.3s-32.8-12.5-45.3 0L320 210.7l-57.4-57.4c-12.5-12.5-32.8-12.5-45.3 0l-112 112c-12.5 12.5-12.5 32.8 0 45.3s32.8 12.5 45.3 0L240 221.3l57.4 57.4c12.5 12.5 32.8 12.5 45.3 0l128-128z\"><\/path><\/svg><\/div><div class=\"ghostkit-icon-box-content is-layout-flow wp-block-ghostkit-icon-box-is-layout-flow\">\n<h3 class=\"wp-block-heading\">Projektverfolgung leicht gemacht<\/h3>\n\n\n\n<p>Den Fortschritt im Blick zu behalten ist in technischen Umgebungen entscheidend. TaskBrowse bietet Werkzeuge wie den Projektfortschrittsbericht, der Projektmanagern einen klaren Echtzeit-\u00dcberblick \u00fcber den aktuellen Stand gibt. Diese Transparenz hilft Teams, Zeitpl\u00e4ne zu \u00fcberwachen, bei Bedarf Ressourcen neu zu verteilen und zuk\u00fcnftige Planungen genauer zu gestalten.<\/p>\n<\/div><\/div>\n<\/div>\n\n\n\n<div class=\"wp-block-column is-layout-flow wp-block-column-is-layout-flow\">\n<div class=\"ghostkit-icon-box ghostkit-custom-Z1rTybt\"><div class=\"ghostkit-icon-box-icon ghostkit-icon-box-icon-align-left\"><svg class=\"ghostkit-svg-icon ghostkit-svg-icon-fa\" aria-hidden=\"true\" role=\"img\" xmlns=\"http:\/\/www.w3.org\/2000\/svg\" viewBox=\"0 0 640 512\"><path fill=\"currentColor\" d=\"M144 0a80 80 0 1 1 0 160A80 80 0 1 1 144 0zM512 0a80 80 0 1 1 0 160A80 80 0 1 1 512 0zM0 298.7C0 239.8 47.8 192 106.7 192h42.7c15.9 0 31 3.5 44.6 9.7c-1.3 7.2-1.9 14.7-1.9 22.3c0 38.2 16.8 72.5 43.3 96c-.2 0-.4 0-.7 0H21.3C9.6 320 0 310.4 0 298.7zM405.3 320c-.2 0-.4 0-.7 0c26.6-23.5 43.3-57.8 43.3-96c0-7.6-.7-15-1.9-22.3c13.6-6.3 28.7-9.7 44.6-9.7h42.7C592.2 192 640 239.8 640 298.7c0 11.8-9.6 21.3-21.3 21.3H405.3zM224 224a96 96 0 1 1 192 0 96 96 0 1 1 -192 0zM128 485.3C128 411.7 187.7 352 261.3 352H378.7C452.3 352 512 411.7 512 485.3c0 14.7-11.9 26.7-26.7 26.7H154.7c-14.7 0-26.7-11.9-26.7-26.7z\"><\/path><\/svg><\/div><div class=\"ghostkit-icon-box-content is-layout-flow wp-block-ghostkit-icon-box-is-layout-flow\">\n<h3 class=\"wp-block-heading\">Verbesserte Kommunikation zwischen Teams<\/h3>\n\n\n\n<p>In Ingenieurunternehmen kann schlechte Kommunikation den Fortschritt verz\u00f6gern und zu kostspieligen Fehlern f\u00fchren. TaskBrowse f\u00fcr Ingenieurb\u00fcros verbessert die Zusammenarbeit in Echtzeit durch integrierte Diskussionsstr\u00e4nge und interne Chats. Au\u00dferdem automatisiert es Aufgaben- und Projektbenachrichtigungen, sodass alle Teammitglieder stets auf dem gleichen Stand bleiben, ohne st\u00e4ndige Nachfragen \u2013 und macht die bereichs\u00fcbergreifende Kommunikation so effizienter und reibungsloser.<\/p>\n<\/div><\/div>\n<\/div>\n\n\n\n<div class=\"wp-block-column is-layout-flow wp-block-column-is-layout-flow\" style=\"flex-basis:50px\"><\/div>\n<\/div>\n\n\n\n<div class=\"wp-block-columns alignfull is-layout-flex wp-container-core-columns-is-layout-9d6595d7 wp-block-columns-is-layout-flex\">\n<div class=\"wp-block-column is-layout-flow wp-block-column-is-layout-flow\" style=\"flex-basis:50px\"><\/div>\n\n\n\n<div class=\"wp-block-column is-layout-flow wp-block-column-is-layout-flow\">\n<div class=\"ghostkit-icon-box ghostkit-custom-O4WD6\"><div class=\"ghostkit-icon-box-icon ghostkit-icon-box-icon-align-left\"><svg class=\"ghostkit-svg-icon\" width=\"24\" height=\"24\" viewBox=\"0 0 24 24\" fill=\"none\" xmlns=\"http:\/\/www.w3.org\/2000\/svg\"><path fill-rule=\"evenodd\" clip-rule=\"evenodd\" d=\"M20.5303 5.46967C20.8232 5.76256 20.8232 6.23744 20.5303 6.53033L9.53033 17.5303C9.23744 17.8232 8.76256 17.8232 8.46967 17.5303L3.46967 12.5303C3.17678 12.2374 3.17678 11.7626 3.46967 11.4697C3.76256 11.1768 4.23744 11.1768 4.53033 11.4697L9 15.9393L19.4697 5.46967C19.7626 5.17678 20.2374 5.17678 20.5303 5.46967Z\" fill=\"currentColor\"\/><\/svg><\/div><div class=\"ghostkit-icon-box-content is-layout-flow wp-block-ghostkit-icon-box-is-layout-flow\">\n<h3 class=\"wp-block-heading\">Intelligentere, datenbasierte Entscheidungen<\/h3>\n\n\n\n<p>Mit umfassenden Berichten zu Zeitnutzung, Projektkosten und Aufgabenstatus bietet TaskBrowse f\u00fcr Ingenieurb\u00fcros Managern die n\u00f6tigen Einblicke, um fundierte, datenbasierte Entscheidungen zu treffen. Ob Ressourcen neu verteilt, Zeitpl\u00e4ne angepasst oder Priorit\u00e4ten verschoben werden \u2013 Ihre Entscheidungen basieren auf verl\u00e4sslichen Projektdaten und nicht auf Vermutungen.<\/p>\n<\/div><\/div>\n<\/div>\n\n\n\n<div class=\"wp-block-column is-layout-flow wp-block-column-is-layout-flow\">\n<div class=\"ghostkit-icon-box ghostkit-custom-Rdtm8\"><div class=\"ghostkit-icon-box-icon ghostkit-icon-box-icon-align-left\"><svg class=\"ghostkit-svg-icon ghostkit-svg-icon-fa\" aria-hidden=\"true\" role=\"img\" xmlns=\"http:\/\/www.w3.org\/2000\/svg\" viewBox=\"0 0 512 512\"><path fill=\"currentColor\" d=\"M40 48C26.7 48 16 58.7 16 72v48c0 13.3 10.7 24 24 24H88c13.3 0 24-10.7 24-24V72c0-13.3-10.7-24-24-24H40zM192 64c-17.7 0-32 14.3-32 32s14.3 32 32 32H480c17.7 0 32-14.3 32-32s-14.3-32-32-32H192zm0 160c-17.7 0-32 14.3-32 32s14.3 32 32 32H480c17.7 0 32-14.3 32-32s-14.3-32-32-32H192zm0 160c-17.7 0-32 14.3-32 32s14.3 32 32 32H480c17.7 0 32-14.3 32-32s-14.3-32-32-32H192zM16 232v48c0 13.3 10.7 24 24 24H88c13.3 0 24-10.7 24-24V232c0-13.3-10.7-24-24-24H40c-13.3 0-24 10.7-24 24zM40 368c-13.3 0-24 10.7-24 24v48c0 13.3 10.7 24 24 24H88c13.3 0 24-10.7 24-24V392c0-13.3-10.7-24-24-24H40z\"><\/path><\/svg><\/div><div class=\"ghostkit-icon-box-content is-layout-flow wp-block-ghostkit-icon-box-is-layout-flow\">\n<h3 class=\"wp-block-heading\">Zugriff auf wertvolle Berichte<\/h3>\n\n\n\n<p>Von Zeiterfassung und Ressourcenallokation bis hin zu Projektfortschritt und Teamleistung liefert TaskBrowse f\u00fcr Ingenieurb\u00fcros eine Vielzahl aussagekr\u00e4ftiger, sofort einsatzbereiter Berichte. Diese Berichte bef\u00e4higen Teams, Produktivit\u00e4t zu bewerten, Ineffizienzen aufzudecken und die Projektdurchf\u00fchrung kontinuierlich zu verbessern.<\/p>\n<\/div><\/div>\n<\/div>\n\n\n\n<div class=\"wp-block-column is-layout-flow wp-block-column-is-layout-flow\" style=\"flex-basis:50px\"><\/div>\n<\/div>\n\n\n\n<div class=\"wp-block-columns alignfull is-layout-flex wp-container-core-columns-is-layout-9d6595d7 wp-block-columns-is-layout-flex\">\n<div class=\"wp-block-column is-layout-flow wp-block-column-is-layout-flow\" style=\"flex-basis:50px\"><\/div>\n\n\n\n<div class=\"wp-block-column is-layout-flow wp-block-column-is-layout-flow\">\n<div class=\"ghostkit-icon-box ghostkit-custom-ln0Ye\"><div class=\"ghostkit-icon-box-icon ghostkit-icon-box-icon-align-left\"><svg class=\"ghostkit-svg-icon ghostkit-svg-icon-fa\" aria-hidden=\"true\" role=\"img\" xmlns=\"http:\/\/www.w3.org\/2000\/svg\" viewBox=\"0 0 512 512\"><path fill=\"currentColor\" d=\"M256 0a256 256 0 1 1 0 512A256 256 0 1 1 256 0zM232 120V256c0 8 4 15.5 10.7 20l96 64c11 7.4 25.9 4.4 33.3-6.7s4.4-25.9-6.7-33.3L280 243.2V120c0-13.3-10.7-24-24-24s-24 10.7-24 24z\"><\/path><\/svg><\/div><div class=\"ghostkit-icon-box-content is-layout-flow wp-block-ghostkit-icon-box-is-layout-flow\">\n<h3 class=\"wp-block-heading\">Verbessertes Zeitmanagement<\/h3>\n\n\n\n<p>Zeit ist eine entscheidende Ressource in jedem Ingenieurprojekt und oft ein limitierender Faktor f\u00fcr den Erfolg. Mit den intuitiven Zeiterfassungswerkzeugen von TaskBrowse \u2013 einschlie\u00dflich integrierter Timer, manueller Zeiteintr\u00e4ge und automatischer Zeiterfassung \u2013 gewinnen Ingenieurteams umfassende Einblicke darin, wie ihre Arbeitszeit tats\u00e4chlich genutzt wird. Diese Transparenz erm\u00f6glicht es, Zeitverschwendung gezielt zu identifizieren und zu minimieren, die Terminplanung deutlich zu verbessern und sicherzustellen, dass Aufgaben mit hoher Priorit\u00e4t stets die erforderliche Aufmerksamkeit erhalten. So tr\u00e4gt TaskBrowse ma\u00dfgeblich dazu bei, Projekte effizienter zu steuern und Deadlines zuverl\u00e4ssig einzuhalten.<\/p>\n<\/div><\/div>\n<\/div>\n\n\n\n<div class=\"wp-block-column is-layout-flow wp-block-column-is-layout-flow\">\n<div class=\"ghostkit-icon-box ghostkit-custom-Z1wAEA4\"><div class=\"ghostkit-icon-box-icon ghostkit-icon-box-icon-align-left\"><svg class=\"ghostkit-svg-icon ghostkit-svg-icon-fa\" aria-hidden=\"true\" role=\"img\" xmlns=\"http:\/\/www.w3.org\/2000\/svg\" viewBox=\"0 0 640 512\"><path fill=\"currentColor\" d=\"M308.5 135.3c7.1-6.3 9.9-16.2 6.2-25c-2.3-5.3-4.8-10.5-7.6-15.5L304 89.4c-3-5-6.3-9.9-9.8-14.6c-5.7-7.6-15.7-10.1-24.7-7.1l-28.2 9.3c-10.7-8.8-23-16-36.2-20.9L199 27.1c-1.9-9.3-9.1-16.7-18.5-17.8C173.9 8.4 167.2 8 160.4 8h-.7c-6.8 0-13.5 .4-20.1 1.2c-9.4 1.1-16.6 8.6-18.5 17.8L115 56.1c-13.3 5-25.5 12.1-36.2 20.9L50.5 67.8c-9-3-19-.5-24.7 7.1c-3.5 4.7-6.8 9.6-9.9 14.6l-3 5.3c-2.8 5-5.3 10.2-7.6 15.6c-3.7 8.7-.9 18.6 6.2 25l22.2 19.8C32.6 161.9 32 168.9 32 176s.6 14.1 1.7 20.9L11.5 216.7c-7.1 6.3-9.9 16.2-6.2 25c2.3 5.3 4.8 10.5 7.6 15.6l3 5.2c3 5.1 6.3 9.9 9.9 14.6c5.7 7.6 15.7 10.1 24.7 7.1l28.2-9.3c10.7 8.8 23 16 36.2 20.9l6.1 29.1c1.9 9.3 9.1 16.7 18.5 17.8c6.7 .8 13.5 1.2 20.4 1.2s13.7-.4 20.4-1.2c9.4-1.1 16.6-8.6 18.5-17.8l6.1-29.1c13.3-5 25.5-12.1 36.2-20.9l28.2 9.3c9 3 19 .5 24.7-7.1c3.5-4.7 6.8-9.5 9.8-14.6l3.1-5.4c2.8-5 5.3-10.2 7.6-15.5c3.7-8.7 .9-18.6-6.2-25l-22.2-19.8c1.1-6.8 1.7-13.8 1.7-20.9s-.6-14.1-1.7-20.9l22.2-19.8zM112 176a48 48 0 1 1 96 0 48 48 0 1 1 -96 0zM504.7 500.5c6.3 7.1 16.2 9.9 25 6.2c5.3-2.3 10.5-4.8 15.5-7.6l5.4-3.1c5-3 9.9-6.3 14.6-9.8c7.6-5.7 10.1-15.7 7.1-24.7l-9.3-28.2c8.8-10.7 16-23 20.9-36.2l29.1-6.1c9.3-1.9 16.7-9.1 17.8-18.5c.8-6.7 1.2-13.5 1.2-20.4s-.4-13.7-1.2-20.4c-1.1-9.4-8.6-16.6-17.8-18.5L583.9 307c-5-13.3-12.1-25.5-20.9-36.2l9.3-28.2c3-9 .5-19-7.1-24.7c-4.7-3.5-9.6-6.8-14.6-9.9l-5.3-3c-5-2.8-10.2-5.3-15.6-7.6c-8.7-3.7-18.6-.9-25 6.2l-19.8 22.2c-6.8-1.1-13.8-1.7-20.9-1.7s-14.1 .6-20.9 1.7l-19.8-22.2c-6.3-7.1-16.2-9.9-25-6.2c-5.3 2.3-10.5 4.8-15.6 7.6l-5.2 3c-5.1 3-9.9 6.3-14.6 9.9c-7.6 5.7-10.1 15.7-7.1 24.7l9.3 28.2c-8.8 10.7-16 23-20.9 36.2L315.1 313c-9.3 1.9-16.7 9.1-17.8 18.5c-.8 6.7-1.2 13.5-1.2 20.4s.4 13.7 1.2 20.4c1.1 9.4 8.6 16.6 17.8 18.5l29.1 6.1c5 13.3 12.1 25.5 20.9 36.2l-9.3 28.2c-3 9-.5 19 7.1 24.7c4.7 3.5 9.5 6.8 14.6 9.8l5.4 3.1c5 2.8 10.2 5.3 15.5 7.6c8.7 3.7 18.6 .9 25-6.2l19.8-22.2c6.8 1.1 13.8 1.7 20.9 1.7s14.1-.6 20.9-1.7l19.8 22.2zM464 304a48 48 0 1 1 0 96 48 48 0 1 1 0-96z\"><\/path><\/svg><\/div><div class=\"ghostkit-icon-box-content is-layout-flow wp-block-ghostkit-icon-box-is-layout-flow\">\n<h3 class=\"wp-block-heading\">Intelligentes Aufgabenmanagement mit Kanban-Boards<\/h3>\n\n\n\n<p>Das visuelle Kanban-Board in TaskBrowse f\u00fcr Ingenieurb\u00fcros unterst\u00fctzt Teams dabei, Aufgaben in jeder Phase zu verfolgen \u2013 To-Do, Doing und Done. Diese Methode vereinfacht die Arbeitslastverwaltung, erh\u00f6ht die Konzentration und erm\u00f6glicht es Ingenieurfachleuten, w\u00e4hrend des gesamten Projektzyklus organisiert und reaktionsf\u00e4hig zu bleiben.<\/p>\n<\/div><\/div>\n<\/div>\n\n\n\n<div class=\"wp-block-column is-layout-flow wp-block-column-is-layout-flow\" style=\"flex-basis:50px\"><\/div>\n<\/div>\n<\/div>\n<\/div>\n<\/div><\/div>\n<\/div>\n<\/div>\n<\/div>\n<\/div>\n","protected":false},"excerpt":{"rendered":"<p>Herausforderungen f\u00fcr Ingenieurb\u00fcros Ingenieurunternehmen stehen vor ganz besonderen Herausforderungen, die sich direkt auf ihre Effizienz und den Projekterfolg auswirken k\u00f6nnen. Zu den typischen Problemfeldern geh\u00f6ren: Mehrere Projekte, enge Fristen und unterschiedliche Teamkapazit\u00e4ten erfordern eine pr\u00e4zise Steuerung der Zeitverwendung. Ohne fundierte Planung drohen Verz\u00f6gerungen, Budget\u00fcberschreitungen und eine ineffiziente Ressourcennutzung. Nur wenn Aufgaben gezielt an die richtigen&hellip;&nbsp;<\/p>\n","protected":false},"author":4,"featured_media":4563,"parent":0,"menu_order":0,"comment_status":"closed","ping_status":"closed","template":"","meta":{"ghostkit_customizer_options":"","ghostkit_custom_css":"","ghostkit_custom_js_head":"","ghostkit_custom_js_foot":"","ghostkit_typography":"","neve_meta_sidebar":"","neve_meta_container":"","neve_meta_enable_content_width":"","neve_meta_content_width":0,"neve_meta_title_alignment":"","neve_meta_author_avatar":"","neve_post_elements_order":"","neve_meta_disable_header":"","neve_meta_disable_footer":"","neve_meta_disable_title":"on","_themeisle_gutenberg_block_has_review":false,"footnotes":""},"class_list":["post-6983","page","type-page","status-publish","has-post-thumbnail","hentry"],"_links":{"self":[{"href":"https:\/\/taskbrowse.com\/de\/wp-json\/wp\/v2\/pages\/6983","targetHints":{"allow":["GET"]}}],"collection":[{"href":"https:\/\/taskbrowse.com\/de\/wp-json\/wp\/v2\/pages"}],"about":[{"href":"https:\/\/taskbrowse.com\/de\/wp-json\/wp\/v2\/types\/page"}],"author":[{"embeddable":true,"href":"https:\/\/taskbrowse.com\/de\/wp-json\/wp\/v2\/users\/4"}],"replies":[{"embeddable":true,"href":"https:\/\/taskbrowse.com\/de\/wp-json\/wp\/v2\/comments?post=6983"}],"version-history":[{"count":25,"href":"https:\/\/taskbrowse.com\/de\/wp-json\/wp\/v2\/pages\/6983\/revisions"}],"predecessor-version":[{"id":7021,"href":"https:\/\/taskbrowse.com\/de\/wp-json\/wp\/v2\/pages\/6983\/revisions\/7021"}],"wp:featuredmedia":[{"embeddable":true,"href":"https:\/\/taskbrowse.com\/de\/wp-json\/wp\/v2\/media\/4563"}],"wp:attachment":[{"href":"https:\/\/taskbrowse.com\/de\/wp-json\/wp\/v2\/media?parent=6983"}],"curies":[{"name":"wp","href":"https:\/\/api.w.org\/{rel}","templated":true}]}}