{"id":7028,"date":"2025-07-07T10:26:58","date_gmt":"2025-07-07T09:26:58","guid":{"rendered":"https:\/\/taskbrowse.com\/de\/?page_id=7028"},"modified":"2025-07-13T08:59:43","modified_gmt":"2025-07-13T07:59:43","slug":"taskbrowse-fur-marketingteams","status":"publish","type":"page","link":"https:\/\/taskbrowse.com\/de\/taskbrowse-fur-marketingteams\/","title":{"rendered":"Marketingteams"},"content":{"rendered":"\n<div class=\"wp-block-columns alignfull is-layout-flex wp-container-core-columns-is-layout-9d6595d7 wp-block-columns-is-layout-flex\">\n<div class=\"wp-block-column is-layout-flow wp-block-column-is-layout-flow\">\n<div class=\"wp-block-cover is-light ghostkit-custom-ZKaQz9\"><img loading=\"lazy\" decoding=\"async\" width=\"700\" height=\"464\" class=\"wp-block-cover__image-background wp-image-4626 size-full\" alt=\"TaskBrowse f\u00fcr Marketingteams\" src=\"https:\/\/taskbrowse.com\/de\/wp-content\/uploads\/sites\/7\/2023\/06\/marketinrtaskbrowse2.jpg\" data-object-fit=\"cover\" srcset=\"https:\/\/taskbrowse.com\/de\/wp-content\/uploads\/sites\/7\/2023\/06\/marketinrtaskbrowse2.jpg 700w, https:\/\/taskbrowse.com\/de\/wp-content\/uploads\/sites\/7\/2023\/06\/marketinrtaskbrowse2-300x199.jpg 300w\" sizes=\"auto, (max-width: 700px) 100vw, 700px\" \/><span aria-hidden=\"true\" class=\"wp-block-cover__background has-background-dim-0 has-background-dim\"><\/span><div class=\"wp-block-cover__inner-container is-layout-constrained wp-block-cover-is-layout-constrained\">\n<h2 class=\"wp-block-heading has-text-align-center ghostkit-custom-Z1ODqNs ghostkit-d-md-none ghostkit-d-sm-none has-background\" style=\"background-color:#ffffffb8;font-size:30px\">TaskBrowse f\u00fcr Marketingteams<\/h2>\n\n\n\n<h2 class=\"wp-block-heading has-text-align-center ghostkit-d-none ghostkit-d-xl-none ghostkit-d-lg-none ghostkit-d-md-block ghostkit-d-sm-block has-background\" style=\"background-color:#ffffffb8;font-size:25px\">TaskBrowse<br> f\u00fcr<br> Marketingteams<\/h2>\n\n\n\n<div class=\"wp-block-buttons is-content-justification-center is-layout-flex wp-container-core-buttons-is-layout-16018d1d wp-block-buttons-is-layout-flex\">\n<div class=\"wp-block-button\"><a class=\"wp-block-button__link has-neve-text-color-background-color has-background wp-element-button\" href=\"https:\/\/panel.taskbrowse.com\/Account\/Register?lang=de\">Jetzt kostenlos ausprobieren<\/a><\/div>\n<\/div>\n\n\n\n<p><\/p>\n<\/div><\/div>\n<\/div>\n<\/div>\n\n\n\n<div class=\"wp-block-columns alignfull is-layout-flex wp-container-core-columns-is-layout-9d6595d7 wp-block-columns-is-layout-flex\">\n<div class=\"wp-block-column is-layout-flow wp-block-column-is-layout-flow\">\n<div style=\"height:50px\" aria-hidden=\"true\" class=\"wp-block-spacer\"><\/div>\n\n\n\n<div class=\"wp-block-columns is-layout-flex wp-container-core-columns-is-layout-9d6595d7 wp-block-columns-is-layout-flex\">\n<div class=\"wp-block-column is-layout-flow wp-block-column-is-layout-flow\" style=\"flex-basis:200px\"><\/div>\n\n\n\n<div class=\"wp-block-column is-layout-flow wp-block-column-is-layout-flow\">\n<p style=\"font-size:17px\">Marketingunternehmen agieren in einem dynamischen, schnelllebigen Umfeld, in dem Kreativit\u00e4t mit Strategie und Umsetzung im Einklang stehen muss. Dadurch stehen sie h\u00e4ufig vor einer Vielzahl operativer Herausforderungen, darunter:<\/p>\n<\/div>\n\n\n\n<div class=\"wp-block-column is-layout-flow wp-block-column-is-layout-flow\" style=\"flex-basis:200px\"><\/div>\n<\/div>\n\n\n\n<div class=\"wp-block-columns is-layout-flex wp-container-core-columns-is-layout-9d6595d7 wp-block-columns-is-layout-flex\">\n<div class=\"wp-block-column is-layout-flow wp-block-column-is-layout-flow\" style=\"flex-basis:150px\"><\/div>\n\n\n\n<div class=\"wp-block-column is-layout-flow wp-block-column-is-layout-flow\">\n<ul class=\"wp-block-list\">\n<li><strong>Aufgaben- und Projektorganisation<\/strong><\/li>\n\n\n\n<li><strong>Zusammenarbeit und Kommunikation<\/strong><\/li>\n\n\n\n<li><strong>Ressourcenmanagement<\/strong><\/li>\n\n\n\n<li><strong>Zeitpl\u00e4ne und Fristen<\/strong><\/li>\n\n\n\n<li><strong>Kundenkommunikation und Feedback<\/strong><\/li>\n\n\n\n<li><strong>Berichterstattung und Analysen<\/strong><\/li>\n<\/ul>\n<\/div>\n\n\n\n<div class=\"wp-block-column is-layout-flow wp-block-column-is-layout-flow\"><div class=\"wp-block-image\">\n<figure class=\"aligncenter size-full\"><img loading=\"lazy\" decoding=\"async\" width=\"631\" height=\"422\" src=\"https:\/\/taskbrowse.com\/de\/wp-content\/uploads\/sites\/7\/2023\/06\/marketingbanner3.jpg\" alt=\"TaskBrowse f\u00fcr Marketingteams\" class=\"wp-image-4627\" srcset=\"https:\/\/taskbrowse.com\/de\/wp-content\/uploads\/sites\/7\/2023\/06\/marketingbanner3.jpg 631w, https:\/\/taskbrowse.com\/de\/wp-content\/uploads\/sites\/7\/2023\/06\/marketingbanner3-300x201.jpg 300w\" sizes=\"auto, (max-width: 631px) 100vw, 631px\" \/><\/figure>\n<\/div><\/div>\n\n\n\n<div class=\"wp-block-column is-layout-flow wp-block-column-is-layout-flow\" style=\"flex-basis:150px\"><\/div>\n<\/div>\n\n\n\n<div style=\"height:50px\" aria-hidden=\"true\" class=\"wp-block-spacer\"><\/div>\n\n\n\n<div class=\"wp-block-columns alignfull is-layout-flex wp-container-core-columns-is-layout-9d6595d7 wp-block-columns-is-layout-flex\">\n<div class=\"wp-block-column ghostkit-custom-Z1T7cdM has-background is-layout-flow wp-block-column-is-layout-flow\" style=\"background-color:#bfd0d82e\">\n<p><\/p>\n\n\n\n<div style=\"height:50px\" aria-hidden=\"true\" class=\"wp-block-spacer\"><\/div>\n\n\n\n<h2 class=\"wp-block-heading has-text-align-center\" style=\"font-size:25px\">TaskBrowse f\u00fcr Marketingteams<\/h2>\n\n\n\n<p class=\"has-text-align-center\" style=\"font-size:20px\">Wie profitieren Marketingteams von TaskBrowse?<\/p>\n\n\n\n<div style=\"height:20px\" aria-hidden=\"true\" class=\"wp-block-spacer\"><\/div>\n\n\n\n<div class=\"wp-block-columns is-layout-flex wp-container-core-columns-is-layout-9d6595d7 wp-block-columns-is-layout-flex\">\n<div class=\"wp-block-column is-layout-flow wp-block-column-is-layout-flow\" style=\"flex-basis:100px\"><\/div>\n\n\n\n<div class=\"wp-block-column is-layout-flow wp-block-column-is-layout-flow\">\n<p>In der heutigen wettbewerbsintensiven Marketinglandschaft wird von Teams erwartet, dass sie kreative, datengest\u00fctzte Kampagnen pr\u00e4zise und schnell umsetzen. Enge Zeitpl\u00e4ne, zahlreiche Beteiligte und st\u00e4ndig wechselnde Priorit\u00e4ten stellen dabei gro\u00dfe Herausforderungen dar \u2013 besonders ohne ein geeignetes System. Genau hier wird TaskBrowse f\u00fcr Marketingteams zu einem starken Partner: Es optimiert Abl\u00e4ufe, schafft Transparenz und verbessert die Zusammenarbeit in jeder Phase des Marketingprozesses.<\/p>\n<\/div>\n\n\n\n<div class=\"wp-block-column is-layout-flow wp-block-column-is-layout-flow\" style=\"flex-basis:100px\"><\/div>\n<\/div>\n\n\n\n<div class=\"wp-block-columns is-layout-flex wp-container-core-columns-is-layout-9d6595d7 wp-block-columns-is-layout-flex\">\n<div class=\"wp-block-column is-layout-flow wp-block-column-is-layout-flow\" style=\"flex-basis:100px\"><\/div>\n\n\n\n<div class=\"wp-block-column is-layout-flow wp-block-column-is-layout-flow\">\n<div class=\"ghostkit-icon-box ghostkit-custom-2rRzAL\"><div class=\"ghostkit-icon-box-icon ghostkit-icon-box-icon-align-left\"><svg class=\"ghostkit-svg-icon ghostkit-svg-icon-fa\" aria-hidden=\"true\" role=\"img\" xmlns=\"http:\/\/www.w3.org\/2000\/svg\" viewBox=\"0 0 640 512\"><path fill=\"currentColor\" d=\"M308.5 135.3c7.1-6.3 9.9-16.2 6.2-25c-2.3-5.3-4.8-10.5-7.6-15.5L304 89.4c-3-5-6.3-9.9-9.8-14.6c-5.7-7.6-15.7-10.1-24.7-7.1l-28.2 9.3c-10.7-8.8-23-16-36.2-20.9L199 27.1c-1.9-9.3-9.1-16.7-18.5-17.8C173.9 8.4 167.2 8 160.4 8h-.7c-6.8 0-13.5 .4-20.1 1.2c-9.4 1.1-16.6 8.6-18.5 17.8L115 56.1c-13.3 5-25.5 12.1-36.2 20.9L50.5 67.8c-9-3-19-.5-24.7 7.1c-3.5 4.7-6.8 9.6-9.9 14.6l-3 5.3c-2.8 5-5.3 10.2-7.6 15.6c-3.7 8.7-.9 18.6 6.2 25l22.2 19.8C32.6 161.9 32 168.9 32 176s.6 14.1 1.7 20.9L11.5 216.7c-7.1 6.3-9.9 16.2-6.2 25c2.3 5.3 4.8 10.5 7.6 15.6l3 5.2c3 5.1 6.3 9.9 9.9 14.6c5.7 7.6 15.7 10.1 24.7 7.1l28.2-9.3c10.7 8.8 23 16 36.2 20.9l6.1 29.1c1.9 9.3 9.1 16.7 18.5 17.8c6.7 .8 13.5 1.2 20.4 1.2s13.7-.4 20.4-1.2c9.4-1.1 16.6-8.6 18.5-17.8l6.1-29.1c13.3-5 25.5-12.1 36.2-20.9l28.2 9.3c9 3 19 .5 24.7-7.1c3.5-4.7 6.8-9.5 9.8-14.6l3.1-5.4c2.8-5 5.3-10.2 7.6-15.5c3.7-8.7 .9-18.6-6.2-25l-22.2-19.8c1.1-6.8 1.7-13.8 1.7-20.9s-.6-14.1-1.7-20.9l22.2-19.8zM112 176a48 48 0 1 1 96 0 48 48 0 1 1 -96 0zM504.7 500.5c6.3 7.1 16.2 9.9 25 6.2c5.3-2.3 10.5-4.8 15.5-7.6l5.4-3.1c5-3 9.9-6.3 14.6-9.8c7.6-5.7 10.1-15.7 7.1-24.7l-9.3-28.2c8.8-10.7 16-23 20.9-36.2l29.1-6.1c9.3-1.9 16.7-9.1 17.8-18.5c.8-6.7 1.2-13.5 1.2-20.4s-.4-13.7-1.2-20.4c-1.1-9.4-8.6-16.6-17.8-18.5L583.9 307c-5-13.3-12.1-25.5-20.9-36.2l9.3-28.2c3-9 .5-19-7.1-24.7c-4.7-3.5-9.6-6.8-14.6-9.9l-5.3-3c-5-2.8-10.2-5.3-15.6-7.6c-8.7-3.7-18.6-.9-25 6.2l-19.8 22.2c-6.8-1.1-13.8-1.7-20.9-1.7s-14.1 .6-20.9 1.7l-19.8-22.2c-6.3-7.1-16.2-9.9-25-6.2c-5.3 2.3-10.5 4.8-15.6 7.6l-5.2 3c-5.1 3-9.9 6.3-14.6 9.9c-7.6 5.7-10.1 15.7-7.1 24.7l9.3 28.2c-8.8 10.7-16 23-20.9 36.2L315.1 313c-9.3 1.9-16.7 9.1-17.8 18.5c-.8 6.7-1.2 13.5-1.2 20.4s.4 13.7 1.2 20.4c1.1 9.4 8.6 16.6 17.8 18.5l29.1 6.1c5 13.3 12.1 25.5 20.9 36.2l-9.3 28.2c-3 9-.5 19 7.1 24.7c4.7 3.5 9.5 6.8 14.6 9.8l5.4 3.1c5 2.8 10.2 5.3 15.5 7.6c8.7 3.7 18.6 .9 25-6.2l19.8-22.2c6.8 1.1 13.8 1.7 20.9 1.7s14.1-.6 20.9-1.7l19.8 22.2zM464 304a48 48 0 1 1 0 96 48 48 0 1 1 0-96z\"><\/path><\/svg><\/div><div class=\"ghostkit-icon-box-content is-layout-flow wp-block-ghostkit-icon-box-is-layout-flow\">\n<p><strong>Aufgaben- und Projektorganisation<\/strong><\/p>\n\n\n\n<p>Marketingkampagnen bestehen h\u00e4ufig aus Dutzenden miteinander verkn\u00fcpfter Aufgaben \u2013 von der Strategieentwicklung und Content-Erstellung bis hin zur Umsetzung und Erfolgskontrolle. Mit TaskBrowse f\u00fcr Marketingteams lassen sich alle Projekte in einem zentralen, \u00fcbersichtlichen Arbeitsbereich organisieren. Die Plattform erm\u00f6glicht es Marketingmanagern, Aufgaben zuzuweisen, Priorit\u00e4ten zu setzen, Abh\u00e4ngigkeiten zu verfolgen und Arbeitsabl\u00e4ufe klar zu strukturieren. So wei\u00df jedes Teammitglied genau, was wann zu tun ist. Dieser strukturierte Ansatz reduziert Missverst\u00e4ndnisse, erh\u00f6ht die Verantwortlichkeit und sorgt daf\u00fcr, dass Kampagnen reibungslos von Anfang bis Ende ablaufen.<\/p>\n<\/div><\/div>\n<\/div>\n\n\n\n<div class=\"wp-block-column is-layout-flow wp-block-column-is-layout-flow\">\n<div class=\"ghostkit-icon-box ghostkit-custom-2wFxoL\"><div class=\"ghostkit-icon-box-icon ghostkit-icon-box-icon-align-left\"><svg class=\"ghostkit-svg-icon ghostkit-svg-icon-fa\" aria-hidden=\"true\" role=\"img\" xmlns=\"http:\/\/www.w3.org\/2000\/svg\" viewBox=\"0 0 640 512\"><path fill=\"currentColor\" d=\"M208 352c114.9 0 208-78.8 208-176S322.9 0 208 0S0 78.8 0 176c0 38.6 14.7 74.3 39.6 103.4c-3.5 9.4-8.7 17.7-14.2 24.7c-4.8 6.2-9.7 11-13.3 14.3c-1.8 1.6-3.3 2.9-4.3 3.7c-.5 .4-.9 .7-1.1 .8l-.2 .2 0 0 0 0C1 327.2-1.4 334.4 .8 340.9S9.1 352 16 352c21.8 0 43.8-5.6 62.1-12.5c9.2-3.5 17.8-7.4 25.3-11.4C134.1 343.3 169.8 352 208 352zM448 176c0 112.3-99.1 196.9-216.5 207C255.8 457.4 336.4 512 432 512c38.2 0 73.9-8.7 104.7-23.9c7.5 4 16 7.9 25.2 11.4c18.3 6.9 40.3 12.5 62.1 12.5c6.9 0 13.1-4.5 15.2-11.1c2.1-6.6-.2-13.8-5.8-17.9l0 0 0 0-.2-.2c-.2-.2-.6-.4-1.1-.8c-1-.8-2.5-2-4.3-3.7c-3.6-3.3-8.5-8.1-13.3-14.3c-5.5-7-10.7-15.4-14.2-24.7c24.9-29 39.6-64.7 39.6-103.4c0-92.8-84.9-168.9-192.6-175.5c.4 5.1 .6 10.3 .6 15.5z\"><\/path><\/svg><\/div><div class=\"ghostkit-icon-box-content is-layout-flow wp-block-ghostkit-icon-box-is-layout-flow\">\n<p><strong>Zusammenarbeit und Kommunikation<\/strong><\/p>\n\n\n\n<p>Effektive Kommunikation ist das R\u00fcckgrat jeder erfolgreichen Marketingkampagne. TaskBrowse bietet eine kollaborative Umgebung, in der Teammitglieder Aufgaben kommentieren, Dateien teilen, Kolleginnen und Kollegen markieren und Ideen austauschen k\u00f6nnen \u2013 und das alles direkt innerhalb der Plattform. Mit TaskBrowse f\u00fcr Marketingteams bleiben Diskussionen \u00fcbersichtlich und im Kontext, was Missverst\u00e4ndnisse reduziert und daf\u00fcr sorgt, dass verteilte oder funktions\u00fcbergreifende Teams bei Zielen und Zeitpl\u00e4nen stets auf dem gleichen Stand sind.<\/p>\n<\/div><\/div>\n<\/div>\n\n\n\n<div class=\"wp-block-column is-layout-flow wp-block-column-is-layout-flow\" style=\"flex-basis:100px\"><\/div>\n<\/div>\n\n\n\n<div class=\"wp-block-columns is-layout-flex wp-container-core-columns-is-layout-9d6595d7 wp-block-columns-is-layout-flex\">\n<div class=\"wp-block-column is-layout-flow wp-block-column-is-layout-flow\" style=\"flex-basis:100px\"><\/div>\n\n\n\n<div class=\"wp-block-column is-layout-flow wp-block-column-is-layout-flow\">\n<div class=\"ghostkit-icon-box ghostkit-custom-BH5j7\"><div class=\"ghostkit-icon-box-icon ghostkit-icon-box-icon-align-left\"><svg class=\"ghostkit-svg-icon ghostkit-svg-icon-fa\" aria-hidden=\"true\" role=\"img\" xmlns=\"http:\/\/www.w3.org\/2000\/svg\" viewBox=\"0 0 640 512\"><path fill=\"currentColor\" d=\"M96 128a128 128 0 1 1 256 0A128 128 0 1 1 96 128zM0 482.3C0 383.8 79.8 304 178.3 304h91.4C368.2 304 448 383.8 448 482.3c0 16.4-13.3 29.7-29.7 29.7H29.7C13.3 512 0 498.7 0 482.3zM625 177L497 305c-9.4 9.4-24.6 9.4-33.9 0l-64-64c-9.4-9.4-9.4-24.6 0-33.9s24.6-9.4 33.9 0l47 47L591 143c9.4-9.4 24.6-9.4 33.9 0s9.4 24.6 0 33.9z\"><\/path><\/svg><\/div><div class=\"ghostkit-icon-box-content is-layout-flow wp-block-ghostkit-icon-box-is-layout-flow\">\n<p><strong>Ressourcenmanagement<\/strong><\/p>\n\n\n\n<p>Marketingabteilungen verwalten h\u00e4ufig eine Vielzahl interner und externer Ressourcen \u2013 darunter Grafikdesigner, SEO-Spezialisten, Content-Ersteller, Werbebudgets und diverse Tools. TaskBrowse erm\u00f6glicht es Ihnen, jederzeit im Blick zu behalten, wer woran arbeitet, Aufgaben basierend auf Verf\u00fcgbarkeit und Qualifikation zuzuweisen und sowohl \u00dcberlastung als auch Unterforderung zu vermeiden. Durch die transparente Darstellung der Ressourcenzuteilung und Leistung k\u00f6nnen Projektverantwortliche fundierte und schnelle Entscheidungen in Bezug auf Personalplanung und Zeitmanagement treffen.<\/p>\n<\/div><\/div>\n<\/div>\n\n\n\n<div class=\"wp-block-column is-layout-flow wp-block-column-is-layout-flow\">\n<div class=\"ghostkit-icon-box ghostkit-custom-Z1yYynU\"><div class=\"ghostkit-icon-box-icon ghostkit-icon-box-icon-align-left\"><svg class=\"ghostkit-svg-icon ghostkit-svg-icon-fa\" aria-hidden=\"true\" role=\"img\" xmlns=\"http:\/\/www.w3.org\/2000\/svg\" viewBox=\"0 0 512 512\"><path fill=\"currentColor\" d=\"M256 0a256 256 0 1 1 0 512A256 256 0 1 1 256 0zM232 120V256c0 8 4 15.5 10.7 20l96 64c11 7.4 25.9 4.4 33.3-6.7s4.4-25.9-6.7-33.3L280 243.2V120c0-13.3-10.7-24-24-24s-24 10.7-24 24z\"><\/path><\/svg><\/div><div class=\"ghostkit-icon-box-content is-layout-flow wp-block-ghostkit-icon-box-is-layout-flow\">\n<p><strong>Zeitpl\u00e4ne und Fristen<\/strong><\/p>\n\n\n\n<p>Ob es um den Start einer Kampagne, die Ver\u00f6ffentlichung eines Blogbeitrags oder die Ank\u00fcndigung eines neuen Produkts geht \u2013 im Marketing sind feste Fristen entscheidend. TaskBrowse erm\u00f6glicht es, Projektmeilensteine zu definieren, F\u00e4lligkeitstermine festzulegen und Zeitpl\u00e4ne mithilfe von Gantt-Diagrammen oder Kalenderansichten \u00fcbersichtlich darzustellen. Automatische Benachrichtigungen und Fortschrittsverfolgung sorgen daf\u00fcr, dass Aufgaben rechtzeitig abgeschlossen werden. So k\u00f6nnen Teams potenzielle Engp\u00e4sse fr\u00fchzeitig erkennen und beheben, bevor sie den Erfolg der Kampagne gef\u00e4hrden.<\/p>\n<\/div><\/div>\n<\/div>\n\n\n\n<div class=\"wp-block-column is-layout-flow wp-block-column-is-layout-flow\" style=\"flex-basis:100px\"><\/div>\n<\/div>\n\n\n\n<div class=\"wp-block-columns is-layout-flex wp-container-core-columns-is-layout-9d6595d7 wp-block-columns-is-layout-flex\">\n<div class=\"wp-block-column is-layout-flow wp-block-column-is-layout-flow\" style=\"flex-basis:100px\"><\/div>\n\n\n\n<div class=\"wp-block-column is-layout-flow wp-block-column-is-layout-flow\">\n<div class=\"ghostkit-icon-box ghostkit-custom-ecgGC\"><div class=\"ghostkit-icon-box-icon ghostkit-icon-box-icon-align-left\"><svg class=\"ghostkit-svg-icon ghostkit-svg-icon-fa\" aria-hidden=\"true\" role=\"img\" xmlns=\"http:\/\/www.w3.org\/2000\/svg\" viewBox=\"0 0 512 512\"><path fill=\"currentColor\" d=\"M323.8 34.8c-38.2-10.9-78.1 11.2-89 49.4l-5.7 20c-3.7 13-10.4 25-19.5 35l-51.3 56.4c-8.9 9.8-8.2 25 1.6 33.9s25 8.2 33.9-1.6l51.3-56.4c14.1-15.5 24.4-34 30.1-54.1l5.7-20c3.6-12.7 16.9-20.1 29.7-16.5s20.1 16.9 16.5 29.7l-5.7 20c-5.7 19.9-14.7 38.7-26.6 55.5c-5.2 7.3-5.8 16.9-1.7 24.9s12.3 13 21.3 13L448 224c8.8 0 16 7.2 16 16c0 6.8-4.3 12.7-10.4 15c-7.4 2.8-13 9-14.9 16.7s.1 15.8 5.3 21.7c2.5 2.8 4 6.5 4 10.6c0 7.8-5.6 14.3-13 15.7c-8.2 1.6-15.1 7.3-18 15.1s-1.6 16.7 3.6 23.3c2.1 2.7 3.4 6.1 3.4 9.9c0 6.7-4.2 12.6-10.2 14.9c-11.5 4.5-17.7 16.9-14.4 28.8c.4 1.3 .6 2.8 .6 4.3c0 8.8-7.2 16-16 16H286.5c-12.6 0-25-3.7-35.5-10.7l-61.7-41.1c-11-7.4-25.9-4.4-33.3 6.7s-4.4 25.9 6.7 33.3l61.7 41.1c18.4 12.3 40 18.8 62.1 18.8H384c34.7 0 62.9-27.6 64-62c14.6-11.7 24-29.7 24-50c0-4.5-.5-8.8-1.3-13c15.4-11.7 25.3-30.2 25.3-51c0-6.5-1-12.8-2.8-18.7C504.8 273.7 512 257.7 512 240c0-35.3-28.6-64-64-64l-92.3 0c4.7-10.4 8.7-21.2 11.8-32.2l5.7-20c10.9-38.2-11.2-78.1-49.4-89zM32 192c-17.7 0-32 14.3-32 32V448c0 17.7 14.3 32 32 32H96c17.7 0 32-14.3 32-32V224c0-17.7-14.3-32-32-32H32z\"><\/path><\/svg><\/div><div class=\"ghostkit-icon-box-content is-layout-flow wp-block-ghostkit-icon-box-is-layout-flow\">\n<p><strong>Kundenzusammenarbeit und Feedback<\/strong><\/p>\n\n\n\n<p>Agenturen und interne Marketingteams arbeiten h\u00e4ufig eng mit externen Kunden oder internen Stakeholdern zusammen. TaskBrowse f\u00fcr Marketingteams bietet anpassbare Berechtigungseinstellungen, die es Kunden erm\u00f6glichen, Projektlieferungen direkt im System einzusehen, zu kommentieren und zu genehmigen. Dies vereinfacht den \u00dcberpr\u00fcfungsprozess, minimiert E-Mail-Fluten und b\u00fcndelt das Feedback an einem Ort, wodurch die Bearbeitungszeiten verk\u00fcrzt und die Kundenzufriedenheit insgesamt verbessert werden.<\/p>\n<\/div><\/div>\n<\/div>\n\n\n\n<div class=\"wp-block-column is-layout-flow wp-block-column-is-layout-flow\">\n<div class=\"ghostkit-icon-box ghostkit-custom-Z2rUdHV\"><div class=\"ghostkit-icon-box-icon ghostkit-icon-box-icon-align-left\"><svg class=\"ghostkit-svg-icon ghostkit-svg-icon-fa\" aria-hidden=\"true\" role=\"img\" xmlns=\"http:\/\/www.w3.org\/2000\/svg\" viewBox=\"0 0 512 512\"><path fill=\"currentColor\" d=\"M32 32c17.7 0 32 14.3 32 32V400c0 8.8 7.2 16 16 16H480c17.7 0 32 14.3 32 32s-14.3 32-32 32H80c-44.2 0-80-35.8-80-80V64C0 46.3 14.3 32 32 32zM160 224c17.7 0 32 14.3 32 32v64c0 17.7-14.3 32-32 32s-32-14.3-32-32V256c0-17.7 14.3-32 32-32zm128-64V320c0 17.7-14.3 32-32 32s-32-14.3-32-32V160c0-17.7 14.3-32 32-32s32 14.3 32 32zm64 32c17.7 0 32 14.3 32 32v96c0 17.7-14.3 32-32 32s-32-14.3-32-32V224c0-17.7 14.3-32 32-32zM480 96V320c0 17.7-14.3 32-32 32s-32-14.3-32-32V96c0-17.7 14.3-32 32-32s32 14.3 32 32z\"><\/path><\/svg><\/div><div class=\"ghostkit-icon-box-content is-layout-flow wp-block-ghostkit-icon-box-is-layout-flow\">\n<p><strong>Berichterstattung und Analyse<\/strong><\/p>\n\n\n\n<p>Messung steht im Zentrum des modernen Marketings. TaskBrowse bietet erweiterte Berichtsfunktionen, mit denen Sie Fortschritte verfolgen, die Teamleistung bewerten und den Zeit- sowie Ressourceneinsatz f\u00fcr Kampagnen \u00fcberwachen k\u00f6nnen. Mit TaskBrowse f\u00fcr Marketingteams k\u00f6nnen Sie aussagekr\u00e4ftige Berichte erstellen, die strategische Entscheidungen unterst\u00fctzen und die Ressourcenplanung optimieren.<\/p>\n<\/div><\/div>\n<\/div>\n\n\n\n<div class=\"wp-block-column is-layout-flow wp-block-column-is-layout-flow\" style=\"flex-basis:100px\"><\/div>\n<\/div>\n<\/div>\n<\/div>\n<\/div>\n<\/div>\n","protected":false},"excerpt":{"rendered":"<p>Marketingunternehmen agieren in einem dynamischen, schnelllebigen Umfeld, in dem Kreativit\u00e4t mit Strategie und Umsetzung im Einklang stehen muss. Dadurch stehen sie h\u00e4ufig vor einer Vielzahl operativer Herausforderungen, darunter: TaskBrowse f\u00fcr Marketingteams Wie profitieren Marketingteams von TaskBrowse? In der heutigen wettbewerbsintensiven Marketinglandschaft wird von Teams erwartet, dass sie kreative, datengest\u00fctzte Kampagnen pr\u00e4zise und schnell umsetzen. Enge&hellip;&nbsp;<\/p>\n","protected":false},"author":4,"featured_media":4626,"parent":0,"menu_order":0,"comment_status":"closed","ping_status":"closed","template":"","meta":{"ghostkit_customizer_options":"","ghostkit_custom_css":"","ghostkit_custom_js_head":"","ghostkit_custom_js_foot":"","ghostkit_typography":"","neve_meta_sidebar":"","neve_meta_container":"","neve_meta_enable_content_width":"","neve_meta_content_width":0,"neve_meta_title_alignment":"","neve_meta_author_avatar":"","neve_post_elements_order":"","neve_meta_disable_header":"","neve_meta_disable_footer":"","neve_meta_disable_title":"on","_themeisle_gutenberg_block_has_review":false,"footnotes":""},"class_list":["post-7028","page","type-page","status-publish","has-post-thumbnail","hentry"],"_links":{"self":[{"href":"https:\/\/taskbrowse.com\/de\/wp-json\/wp\/v2\/pages\/7028","targetHints":{"allow":["GET"]}}],"collection":[{"href":"https:\/\/taskbrowse.com\/de\/wp-json\/wp\/v2\/pages"}],"about":[{"href":"https:\/\/taskbrowse.com\/de\/wp-json\/wp\/v2\/types\/page"}],"author":[{"embeddable":true,"href":"https:\/\/taskbrowse.com\/de\/wp-json\/wp\/v2\/users\/4"}],"replies":[{"embeddable":true,"href":"https:\/\/taskbrowse.com\/de\/wp-json\/wp\/v2\/comments?post=7028"}],"version-history":[{"count":23,"href":"https:\/\/taskbrowse.com\/de\/wp-json\/wp\/v2\/pages\/7028\/revisions"}],"predecessor-version":[{"id":7060,"href":"https:\/\/taskbrowse.com\/de\/wp-json\/wp\/v2\/pages\/7028\/revisions\/7060"}],"wp:featuredmedia":[{"embeddable":true,"href":"https:\/\/taskbrowse.com\/de\/wp-json\/wp\/v2\/media\/4626"}],"wp:attachment":[{"href":"https:\/\/taskbrowse.com\/de\/wp-json\/wp\/v2\/media?parent=7028"}],"curies":[{"name":"wp","href":"https:\/\/api.w.org\/{rel}","templated":true}]}}