{"id":7061,"date":"2025-07-07T12:00:26","date_gmt":"2025-07-07T11:00:26","guid":{"rendered":"https:\/\/taskbrowse.com\/de\/?page_id=7061"},"modified":"2025-07-13T09:00:03","modified_gmt":"2025-07-13T08:00:03","slug":"taskbrowse-fur-remote-arbeit","status":"publish","type":"page","link":"https:\/\/taskbrowse.com\/de\/taskbrowse-fur-remote-arbeit\/","title":{"rendered":"Remote-Arbeit"},"content":{"rendered":"\n<div class=\"wp-block-columns alignfull is-layout-flex wp-container-core-columns-is-layout-9d6595d7 wp-block-columns-is-layout-flex\">\n<div class=\"wp-block-column is-layout-flow wp-block-column-is-layout-flow\">\n<div class=\"wp-block-cover is-light has-parallax ghostkit-custom-HEdwP\"><div role=\"img\" aria-label=\"TaskBrowse f\u00fcr Remote-Arbeit\" class=\"wp-block-cover__image-background wp-image-4666 size-full has-parallax\" style=\"background-position:50% 50%;background-image:url(https:\/\/taskbrowse.com\/de\/wp-content\/uploads\/sites\/7\/2023\/06\/remoteworkingtaskbrowse.jpg)\"><\/div><span aria-hidden=\"true\" class=\"wp-block-cover__background has-background-dim-0 has-background-dim\"><\/span><div class=\"wp-block-cover__inner-container is-layout-constrained wp-block-cover-is-layout-constrained\">\n<h2 class=\"wp-block-heading has-text-align-center ghostkit-custom-2FqcD ghostkit-d-md-none ghostkit-d-sm-none has-background\" style=\"background-color:#ffffffb8;font-size:30px\">TaskBrowse f\u00fcr Remote-Arbeit<\/h2>\n\n\n\n<h2 class=\"wp-block-heading has-text-align-center ghostkit-d-sm-block ghostkit-d-md-block ghostkit-d-lg-none ghostkit-d-xl-none ghostkit-d-none has-background\" style=\"background-color:#ffffffb8;font-size:30px\">TaskBrowse<br> f\u00fcr <br>Remote-Arbeit<\/h2>\n\n\n\n<div class=\"wp-block-buttons is-content-justification-center is-layout-flex wp-container-core-buttons-is-layout-16018d1d wp-block-buttons-is-layout-flex\">\n<div class=\"wp-block-button\"><a class=\"wp-block-button__link wp-element-button\" href=\"https:\/\/panel.taskbrowse.com\/Account\/Register?lang=de\">Jetzt kostenlos ausprobieren<\/a><\/div>\n<\/div>\n<\/div><\/div>\n<\/div>\n<\/div>\n\n\n\n<div style=\"height:50px\" aria-hidden=\"true\" class=\"wp-block-spacer\"><\/div>\n\n\n\n<div class=\"wp-block-columns alignfull is-layout-flex wp-container-core-columns-is-layout-9d6595d7 wp-block-columns-is-layout-flex\">\n<div class=\"wp-block-column is-layout-flow wp-block-column-is-layout-flow\">\n<div class=\"wp-block-columns is-layout-flex wp-container-core-columns-is-layout-9d6595d7 wp-block-columns-is-layout-flex\">\n<div class=\"wp-block-column is-layout-flow wp-block-column-is-layout-flow\" style=\"flex-basis:25%\"><\/div>\n\n\n\n<div class=\"wp-block-column is-layout-flow wp-block-column-is-layout-flow\" style=\"flex-basis:50%\">\n<h2 class=\"wp-block-heading\" style=\"font-size:25px\">Herausforderungen der Remote-Arbeit<\/h2>\n\n\n\n<p>Remote-Arbeit bietet Flexibilit\u00e4t, Autonomie und eine bessere Work-Life-Balance \u2013 bringt jedoch auch eine Reihe besonderer Herausforderungen mit sich, die sich negativ auf Produktivit\u00e4t und Zusammenarbeit auswirken k\u00f6nnen, wenn sie nicht gezielt angegangen werden. Zu den h\u00e4ufigsten H\u00fcrden geh\u00f6ren:<\/p>\n\n\n\n<ul class=\"wp-block-list\">\n<li>Effektive <strong>Planung <\/strong>\u00fcber verschiedene Zeitzonen und Arbeitspl\u00e4ne hinweg<\/li>\n\n\n\n<li>Klare <strong>Kommunikation <\/strong>ohne pers\u00f6nliche Gespr\u00e4che<\/li>\n\n\n\n<li>Eindeutige <strong>Aufgabenverteilung<\/strong>, damit keine Unklarheiten \u00fcber Zust\u00e4ndigkeiten oder Fristen entstehen<\/li>\n\n\n\n<li><strong>Echtzeit-\u00dcberwachung des Fortschritts<\/strong>, um sicherzustellen, dass Projekte im Zeitplan bleiben<\/li>\n<\/ul>\n\n\n\n<p>Ohne die richtigen Werkzeuge k\u00f6nnen diese Herausforderungen zu Fehlkoordination, Verz\u00f6gerungen und sinkender Team-Motivation f\u00fchren. Genau hier setzt <strong>TaskBrowse f\u00fcr Remote-Arbeit<\/strong> an und macht den entscheidenden Unterschied.<\/p>\n<\/div>\n\n\n\n<div class=\"wp-block-column is-layout-flow wp-block-column-is-layout-flow\" style=\"flex-basis:25%\"><\/div>\n<\/div>\n\n\n\n<div style=\"height:50px\" aria-hidden=\"true\" class=\"wp-block-spacer\"><\/div>\n\n\n\n<div class=\"wp-block-columns alignfull is-layout-flex wp-container-core-columns-is-layout-9d6595d7 wp-block-columns-is-layout-flex\">\n<div class=\"wp-block-column has-background is-layout-flow wp-block-column-is-layout-flow\" style=\"background-color:#f0f7fb\">\n<div style=\"height:50px\" aria-hidden=\"true\" class=\"wp-block-spacer\"><\/div>\n\n\n\n<div style=\"height:50px\" aria-hidden=\"true\" class=\"wp-block-spacer\"><\/div>\n\n\n\n<h2 class=\"wp-block-heading has-text-align-center\" style=\"font-size:25px\">TaskBrowse f\u00fcr Remote-Arbeit<\/h2>\n\n\n\n<p class=\"has-text-align-center\" style=\"font-size:20px\">Wie unterst\u00fctzt TaskBrowse die Remote-Arbeit?<\/p>\n\n\n\n<div style=\"height:20px\" aria-hidden=\"true\" class=\"wp-block-spacer\"><\/div>\n\n\n\n<div class=\"wp-block-columns alignfull is-layout-flex wp-container-core-columns-is-layout-9d6595d7 wp-block-columns-is-layout-flex\">\n<div class=\"wp-block-column is-layout-flow wp-block-column-is-layout-flow\" style=\"flex-basis:100px\"><\/div>\n\n\n\n<div class=\"wp-block-column is-layout-flow wp-block-column-is-layout-flow\">\n<p>Remote-Arbeit bringt Flexibilit\u00e4t und Freiheit mit sich, aber auch ganz eigene Herausforderungen. Von der Planung und Kommunikation \u00fcber klare Aufgabenverteilung bis hin zur Fortschrittsverfolgung \u2013 TaskBrowse wurde entwickelt, um Remote-Teams in jeder Phase optimal zu unterst\u00fctzen.<\/p>\n\n\n\n<p><\/p>\n<\/div>\n\n\n\n<div class=\"wp-block-column is-layout-flow wp-block-column-is-layout-flow\" style=\"flex-basis:100px\"><\/div>\n<\/div>\n\n\n\n<div class=\"wp-block-columns alignfull is-layout-flex wp-container-core-columns-is-layout-9d6595d7 wp-block-columns-is-layout-flex\">\n<div class=\"wp-block-column is-layout-flow wp-block-column-is-layout-flow\" style=\"flex-basis:110px\"><\/div>\n\n\n\n<div class=\"wp-block-column is-layout-flow wp-block-column-is-layout-flow\">\n<div class=\"ghostkit-icon-box ghostkit-custom-2tzxqW\"><div class=\"ghostkit-icon-box-icon ghostkit-icon-box-icon-align-left\"><svg class=\"ghostkit-svg-icon ghostkit-svg-icon-fa\" aria-hidden=\"true\" role=\"img\" xmlns=\"http:\/\/www.w3.org\/2000\/svg\" viewBox=\"0 0 448 512\"><path fill=\"currentColor\" d=\"M128 0c17.7 0 32 14.3 32 32V64H288V32c0-17.7 14.3-32 32-32s32 14.3 32 32V64h48c26.5 0 48 21.5 48 48v48H0V112C0 85.5 21.5 64 48 64H96V32c0-17.7 14.3-32 32-32zM0 192H448V464c0 26.5-21.5 48-48 48H48c-26.5 0-48-21.5-48-48V192zM329 305c9.4-9.4 9.4-24.6 0-33.9s-24.6-9.4-33.9 0l-95 95-47-47c-9.4-9.4-24.6-9.4-33.9 0s-9.4 24.6 0 33.9l64 64c9.4 9.4 24.6 9.4 33.9 0L329 305z\"><\/path><\/svg><\/div><div class=\"ghostkit-icon-box-content is-layout-flow wp-block-ghostkit-icon-box-is-layout-flow\">\n<h3 class=\"wp-block-heading\">Einfache Planung<\/h3>\n\n\n\n<p>Effektive Planung ist der Schl\u00fcssel zu erfolgreicher Remote-Arbeit. Ohne sie k\u00f6nnen Teams vom Kurs abkommen, den Fokus verlieren und wertvolle Zeit verschwenden. So unterst\u00fctzt TaskBrowse:<\/p>\n\n\n\n<ul class=\"wp-block-list\">\n<li><strong>Klare Ziele und Orientierung:<\/strong> Mit TaskBrowse k\u00f6nnen Remote-Teams eindeutige, abgestimmte Ziele festlegen. Jeder wei\u00df, was zu tun ist \u2013 und warum.<\/li>\n\n\n\n<li><strong>Flexibilit\u00e4t und Anpassungsf\u00e4higkeit:<\/strong> Unerwartete \u00c4nderungen geh\u00f6ren zur Remote-Arbeit dazu. Mit den intuitiven Planungsfunktionen von TaskBrowse lassen sich Pl\u00e4ne schnell anpassen.<\/li>\n\n\n\n<li><strong>Work-Life-Balance:<\/strong> Der integrierte Kalender und pers\u00f6nliche Planungsfunktionen helfen dabei, den Tag sinnvoll zu strukturieren, Grenzen zu setzen und \u00dcberlastung zu vermeiden.<\/li>\n<\/ul>\n\n\n\n<p><strong>TaskBrowse f\u00fcr Remote-Arbeit<\/strong> bietet einen eigenen Planungsbereich sowie eine leistungsstarke Kalenderansicht, mit denen Remote-Mitarbeitende vorausschauend planen, Priorit\u00e4ten setzen und auf Kurs bleiben k\u00f6nnen.<\/p>\n<\/div><\/div>\n<\/div>\n\n\n\n<div class=\"wp-block-column is-layout-flow wp-block-column-is-layout-flow\">\n<div class=\"ghostkit-icon-box ghostkit-custom-1Dnhzm\"><div class=\"ghostkit-icon-box-icon ghostkit-icon-box-icon-align-left\"><svg class=\"ghostkit-svg-icon ghostkit-svg-icon-fa\" aria-hidden=\"true\" role=\"img\" xmlns=\"http:\/\/www.w3.org\/2000\/svg\" viewBox=\"0 0 640 512\"><path fill=\"currentColor\" d=\"M208 352c114.9 0 208-78.8 208-176S322.9 0 208 0S0 78.8 0 176c0 38.6 14.7 74.3 39.6 103.4c-3.5 9.4-8.7 17.7-14.2 24.7c-4.8 6.2-9.7 11-13.3 14.3c-1.8 1.6-3.3 2.9-4.3 3.7c-.5 .4-.9 .7-1.1 .8l-.2 .2 0 0 0 0C1 327.2-1.4 334.4 .8 340.9S9.1 352 16 352c21.8 0 43.8-5.6 62.1-12.5c9.2-3.5 17.8-7.4 25.3-11.4C134.1 343.3 169.8 352 208 352zM448 176c0 112.3-99.1 196.9-216.5 207C255.8 457.4 336.4 512 432 512c38.2 0 73.9-8.7 104.7-23.9c7.5 4 16 7.9 25.2 11.4c18.3 6.9 40.3 12.5 62.1 12.5c6.9 0 13.1-4.5 15.2-11.1c2.1-6.6-.2-13.8-5.8-17.9l0 0 0 0-.2-.2c-.2-.2-.6-.4-1.1-.8c-1-.8-2.5-2-4.3-3.7c-3.6-3.3-8.5-8.1-13.3-14.3c-5.5-7-10.7-15.4-14.2-24.7c24.9-29 39.6-64.7 39.6-103.4c0-92.8-84.9-168.9-192.6-175.5c.4 5.1 .6 10.3 .6 15.5z\"><\/path><\/svg><\/div><div class=\"ghostkit-icon-box-content is-layout-flow wp-block-ghostkit-icon-box-is-layout-flow\">\n<h3 class=\"wp-block-heading\">Intelligente Kommunikation<\/h3>\n\n\n\n<p>Erfolgreiche Zusammenarbeit auf Distanz erfordert mehr als nur Chat-Apps. Tools wie WhatsApp oder Telegram m\u00f6gen zwar praktisch erscheinen, f\u00fchren jedoch oft zu Ablenkungen und verwischen die Grenzen zwischen Privat- und Berufsleben.<\/p>\n\n\n\n<p>TaskBrowse bietet:<\/p>\n\n\n\n<ul class=\"wp-block-list\">\n<li><strong>Kontextbezogene Diskussionen:<\/strong> Jedes Projekt oder jede Aufgabe verf\u00fcgt \u00fcber einen eigenen Chat-Thread \u2013 so bleiben Gespr\u00e4che fokussiert und \u00fcbersichtlich.<\/li>\n\n\n\n<li><strong>Integriertes File-Sharing:<\/strong> Kein Hin- und Herwechseln zwischen verschiedenen Anwendungen \u2013 Dateien k\u00f6nnen direkt in TaskBrowse hochgeladen, geteilt und verwaltet werden.<\/li>\n<\/ul>\n\n\n\n<p>Diese Funktionen sorgen daf\u00fcr, dass Ihr Team verbunden, motiviert und auf die wirklich wichtigen Aufgaben konzentriert bleibt \u2013 ganz ohne das Chaos irrelevanter Gruppen-Chats.<\/p>\n\n\n\n<p><\/p>\n<\/div><\/div>\n<\/div>\n\n\n\n<div class=\"wp-block-column is-layout-flow wp-block-column-is-layout-flow\" style=\"flex-basis:100px\"><\/div>\n<\/div>\n\n\n\n<div class=\"wp-block-columns alignfull is-layout-flex wp-container-core-columns-is-layout-9d6595d7 wp-block-columns-is-layout-flex\">\n<div class=\"wp-block-column is-layout-flow wp-block-column-is-layout-flow\" style=\"flex-basis:110px\"><\/div>\n\n\n\n<div class=\"wp-block-column is-layout-flow wp-block-column-is-layout-flow\">\n<div class=\"ghostkit-icon-box ghostkit-custom-Z1Ooue3\"><div class=\"ghostkit-icon-box-icon ghostkit-icon-box-icon-align-left\"><svg class=\"ghostkit-svg-icon ghostkit-svg-icon-fa\" aria-hidden=\"true\" role=\"img\" xmlns=\"http:\/\/www.w3.org\/2000\/svg\" viewBox=\"0 0 576 512\"><path fill=\"currentColor\" d=\"M512 80c8.8 0 16 7.2 16 16V416c0 8.8-7.2 16-16 16H64c-8.8 0-16-7.2-16-16V96c0-8.8 7.2-16 16-16H512zM64 32C28.7 32 0 60.7 0 96V416c0 35.3 28.7 64 64 64H512c35.3 0 64-28.7 64-64V96c0-35.3-28.7-64-64-64H64zM208 256a64 64 0 1 0 0-128 64 64 0 1 0 0 128zm-32 32c-44.2 0-80 35.8-80 80c0 8.8 7.2 16 16 16H304c8.8 0 16-7.2 16-16c0-44.2-35.8-80-80-80H176zM376 144c-13.3 0-24 10.7-24 24s10.7 24 24 24h80c13.3 0 24-10.7 24-24s-10.7-24-24-24H376zm0 96c-13.3 0-24 10.7-24 24s10.7 24 24 24h80c13.3 0 24-10.7 24-24s-10.7-24-24-24H376z\"><\/path><\/svg><\/div><div class=\"ghostkit-icon-box-content is-layout-flow wp-block-ghostkit-icon-box-is-layout-flow\">\n<h3 class=\"wp-block-heading\">Klarheit bei der Aufgabenverteilung<\/h3>\n\n\n\n<p>Wenn Rollen und Zust\u00e4ndigkeiten unklar sind, f\u00fchrt das schnell zu Verwirrung und Frustration. TaskBrowse schafft hier Abhilfe, indem Aufgabenverteilungen glasklar gemacht werden:<\/p>\n\n\n\n<ul class=\"wp-block-list\">\n<li><strong>Klare Zust\u00e4ndigkeiten:<\/strong> Aufgaben werden mit Fristen, Beschreibungen und klaren Erwartungen vergeben \u2013 so wei\u00df jeder, was von ihm oder ihr erwartet wird.<\/li>\n\n\n\n<li><strong>H\u00f6here Produktivit\u00e4t:<\/strong> Weniger R\u00fcckfragen bedeuten mehr Zeit f\u00fcr konzentriertes Arbeiten.<\/li>\n\n\n\n<li><strong>Mehr Verantwortungsbewusstsein:<\/strong> Durch eindeutig zugewiesene Aufgaben lassen sich Fortschritte und Zust\u00e4ndigkeiten m\u00fchelos nachverfolgen.<\/li>\n<\/ul>\n\n\n\n<p>Remote-Mitarbeitende verdienen Klarheit. TaskBrowse sorgt daf\u00fcr, dass jedes Teammitglied seine Rolle, Aufgaben und Ziele von Anfang an genau kennt.<\/p>\n\n\n\n<p><\/p>\n<\/div><\/div>\n<\/div>\n\n\n\n<div class=\"wp-block-column is-layout-flow wp-block-column-is-layout-flow\">\n<div class=\"ghostkit-icon-box ghostkit-custom-gGtYj\"><div class=\"ghostkit-icon-box-icon ghostkit-icon-box-icon-align-left\"><svg class=\"ghostkit-svg-icon ghostkit-svg-icon-fa\" aria-hidden=\"true\" role=\"img\" xmlns=\"http:\/\/www.w3.org\/2000\/svg\" viewBox=\"0 0 512 512\"><path fill=\"currentColor\" d=\"M64 64c0-17.7-14.3-32-32-32S0 46.3 0 64V400c0 44.2 35.8 80 80 80H480c17.7 0 32-14.3 32-32s-14.3-32-32-32H80c-8.8 0-16-7.2-16-16V64zm406.6 86.6c12.5-12.5 12.5-32.8 0-45.3s-32.8-12.5-45.3 0L320 210.7l-57.4-57.4c-12.5-12.5-32.8-12.5-45.3 0l-112 112c-12.5 12.5-12.5 32.8 0 45.3s32.8 12.5 45.3 0L240 221.3l57.4 57.4c12.5 12.5 32.8 12.5 45.3 0l128-128z\"><\/path><\/svg><\/div><div class=\"ghostkit-icon-box-content is-layout-flow wp-block-ghostkit-icon-box-is-layout-flow\">\n<h3 class=\"wp-block-heading\">Transparente Fortschrittsverfolgung<\/h3>\n\n\n\n<p>Fortschritte zu verfolgen bedeutet nicht Mikromanagement \u2013 es geht darum, abgestimmt zu bleiben und Hindernisse fr\u00fchzeitig zu erkennen. TaskBrowse stellt leistungsstarke Werkzeuge zur Verf\u00fcgung, die genau das erm\u00f6glichen:<\/p>\n\n\n\n<ul class=\"wp-block-list\">\n<li><strong>Stundenzettel:<\/strong> Arbeitszeiten erfassen und nachvollziehen, wie viel Zeit f\u00fcr welche Aufgaben aufgewendet wurde.<\/li>\n\n\n\n<li><strong>Echtzeit-Berichte:<\/strong> Einblicke in die Teamleistung durch \u00fcbersichtliche Diagramme und visuelle Dashboards.<\/li>\n\n\n\n<li><strong>Ressourcenmanagement:<\/strong> Engp\u00e4sse erkennen, Ressourcen umverteilen und Projekte im Zeitplan halten.<\/li>\n<\/ul>\n\n\n\n<p>Mit <strong>TaskBrowse f\u00fcr Remote-Arbeit<\/strong> bleiben Teams und F\u00fchrungskr\u00e4fte stets informiert, koordiniert und handlungsf\u00e4hig \u2013 ganz gleich, wo sie sich befinden.<\/p>\n\n\n\n<p><\/p>\n\n\n\n<p><\/p>\n<\/div><\/div>\n<\/div>\n\n\n\n<div class=\"wp-block-column is-layout-flow wp-block-column-is-layout-flow\" style=\"flex-basis:100px\"><\/div>\n<\/div>\n\n\n\n<p><\/p>\n<\/div>\n<\/div>\n\n\n\n<div class=\"wp-block-columns alignfull is-layout-flex wp-container-core-columns-is-layout-9d6595d7 wp-block-columns-is-layout-flex\">\n<div class=\"wp-block-column is-layout-flow wp-block-column-is-layout-flow\">\n<div class=\"wp-block-columns is-layout-flex wp-container-core-columns-is-layout-9d6595d7 wp-block-columns-is-layout-flex\">\n<div class=\"wp-block-column is-layout-flow wp-block-column-is-layout-flow\" style=\"flex-basis:300px\"><\/div>\n\n\n\n<div class=\"wp-block-column is-layout-flow wp-block-column-is-layout-flow\">\n<div style=\"height:50px\" aria-hidden=\"true\" class=\"wp-block-spacer\"><\/div>\n\n\n\n<p>TaskBrowse wurde speziell f\u00fcr Remote-Teams entwickelt und bietet intuitive Planungswerkzeuge, integrierte Kommunikationsfunktionen, klare Aufgabenverteilung und leistungsstarke M\u00f6glichkeiten zur Fortschrittsverfolgung. So bleibt Ihr gesamtes Team verbunden, abgestimmt und verantwortlich \u2013 egal ob im Homeoffice, im Co-Working-Space oder am anderen Ende der Welt.<\/p>\n\n\n\n<p>Mit TaskBrowse wird Remote-Arbeit weniger stressig und deutlich effektiver. Wenn Sie die Zusammenarbeit auf Distanz wirklich verbessern m\u00f6chten, ist jetzt der richtige Zeitpunkt, ein Tool zu w\u00e4hlen, das genau daf\u00fcr gemacht ist.<\/p>\n\n\n\n<div style=\"height:30px\" aria-hidden=\"true\" class=\"wp-block-spacer\"><\/div>\n\n\n\n<div class=\"wp-block-buttons is-content-justification-center is-layout-flex wp-container-core-buttons-is-layout-16018d1d wp-block-buttons-is-layout-flex\">\n<div class=\"wp-block-button\"><a class=\"wp-block-button__link wp-element-button\" href=\"https:\/\/panel.taskbrowse.com\/Account\/Register?lang=de\">Jetzt kostenlos ausprobieren<\/a><\/div>\n<\/div>\n<\/div>\n\n\n\n<div class=\"wp-block-column is-layout-flow wp-block-column-is-layout-flow\" style=\"flex-basis:300px\"><\/div>\n<\/div>\n<\/div>\n<\/div>\n<\/div>\n<\/div>\n","protected":false},"excerpt":{"rendered":"<p>Herausforderungen der Remote-Arbeit Remote-Arbeit bietet Flexibilit\u00e4t, Autonomie und eine bessere Work-Life-Balance \u2013 bringt jedoch auch eine Reihe besonderer Herausforderungen mit sich, die sich negativ auf Produktivit\u00e4t und Zusammenarbeit auswirken k\u00f6nnen, wenn sie nicht gezielt angegangen werden. Zu den h\u00e4ufigsten H\u00fcrden geh\u00f6ren: Ohne die richtigen Werkzeuge k\u00f6nnen diese Herausforderungen zu Fehlkoordination, Verz\u00f6gerungen und sinkender Team-Motivation f\u00fchren.&hellip;&nbsp;<\/p>\n","protected":false},"author":4,"featured_media":4666,"parent":0,"menu_order":0,"comment_status":"closed","ping_status":"closed","template":"","meta":{"ghostkit_customizer_options":"","ghostkit_custom_css":"","ghostkit_custom_js_head":"","ghostkit_custom_js_foot":"","ghostkit_typography":"","neve_meta_sidebar":"","neve_meta_container":"","neve_meta_enable_content_width":"","neve_meta_content_width":0,"neve_meta_title_alignment":"","neve_meta_author_avatar":"","neve_post_elements_order":"","neve_meta_disable_header":"","neve_meta_disable_footer":"","neve_meta_disable_title":"on","_themeisle_gutenberg_block_has_review":false,"footnotes":""},"class_list":["post-7061","page","type-page","status-publish","has-post-thumbnail","hentry"],"_links":{"self":[{"href":"https:\/\/taskbrowse.com\/de\/wp-json\/wp\/v2\/pages\/7061","targetHints":{"allow":["GET"]}}],"collection":[{"href":"https:\/\/taskbrowse.com\/de\/wp-json\/wp\/v2\/pages"}],"about":[{"href":"https:\/\/taskbrowse.com\/de\/wp-json\/wp\/v2\/types\/page"}],"author":[{"embeddable":true,"href":"https:\/\/taskbrowse.com\/de\/wp-json\/wp\/v2\/users\/4"}],"replies":[{"embeddable":true,"href":"https:\/\/taskbrowse.com\/de\/wp-json\/wp\/v2\/comments?post=7061"}],"version-history":[{"count":19,"href":"https:\/\/taskbrowse.com\/de\/wp-json\/wp\/v2\/pages\/7061\/revisions"}],"predecessor-version":[{"id":7090,"href":"https:\/\/taskbrowse.com\/de\/wp-json\/wp\/v2\/pages\/7061\/revisions\/7090"}],"wp:featuredmedia":[{"embeddable":true,"href":"https:\/\/taskbrowse.com\/de\/wp-json\/wp\/v2\/media\/4666"}],"wp:attachment":[{"href":"https:\/\/taskbrowse.com\/de\/wp-json\/wp\/v2\/media?parent=7061"}],"curies":[{"name":"wp","href":"https:\/\/api.w.org\/{rel}","templated":true}]}}